{"id":2192,"date":"2025-09-09T03:33:08","date_gmt":"2025-09-09T03:33:08","guid":{"rendered":"https:\/\/www.topchinapack.com\/?post_type=product&#038;p=2192"},"modified":"2025-11-17T07:08:14","modified_gmt":"2025-11-17T07:08:14","slug":"custom-shrink-wrap-labels-for-bottles","status":"publish","type":"product","link":"https:\/\/www.topchinapack.com\/fr\/produit\/custom-shrink-wrap-labels-for-bottles\/","title":{"rendered":"\u00c9tiquettes r\u00e9tractables personnalis\u00e9es pour bouteilles, devis d'usine, impression en dix couleurs - Fournisseur de la Chine"},"content":{"rendered":"<div class=\"wp-block-columns is-layout-flex wp-container-core-columns-is-layout-9d6595d7 wp-block-columns-is-layout-flex\">\n<div class=\"wp-block-column is-layout-flow wp-block-column-is-layout-flow\">\n<figure class=\"wp-block-image size-full\"><img decoding=\"async\" width=\"800\" height=\"800\" src=\"https:\/\/www.topchinapack.com\/wp-content\/uploads\/2025\/09\/custom-shrink-wrap-labels-for-bottles-6.webp\" alt=\"\u00e9tiquettes personnalis\u00e9es pour bouteilles (6)\" class=\"wp-image-2271\" srcset=\"https:\/\/www.topchinapack.com\/wp-content\/uploads\/2025\/09\/custom-shrink-wrap-labels-for-bottles-6.webp 800w, https:\/\/www.topchinapack.com\/wp-content\/uploads\/2025\/09\/custom-shrink-wrap-labels-for-bottles-6-300x300.webp 300w, https:\/\/www.topchinapack.com\/wp-content\/uploads\/2025\/09\/custom-shrink-wrap-labels-for-bottles-6-150x150.webp 150w, https:\/\/www.topchinapack.com\/wp-content\/uploads\/2025\/09\/custom-shrink-wrap-labels-for-bottles-6-768x768.webp 768w, https:\/\/www.topchinapack.com\/wp-content\/uploads\/2025\/09\/custom-shrink-wrap-labels-for-bottles-6-12x12.webp 12w, https:\/\/www.topchinapack.com\/wp-content\/uploads\/2025\/09\/custom-shrink-wrap-labels-for-bottles-6-600x600.webp 600w, https:\/\/www.topchinapack.com\/wp-content\/uploads\/2025\/09\/custom-shrink-wrap-labels-for-bottles-6-100x100.webp 100w\" sizes=\"(max-width: 800px) 100vw, 800px\" \/><\/figure>\n<\/div>\n\n\n\n<div class=\"wp-block-column is-layout-flow wp-block-column-is-layout-flow\">\n<figure class=\"wp-block-image size-full\"><img decoding=\"async\" width=\"800\" height=\"800\" src=\"https:\/\/www.topchinapack.com\/wp-content\/uploads\/2025\/09\/custom-shrink-wrap-labels-for-bottles-7.webp\" alt=\"\u00e9tiquettes personnalis\u00e9es pour bouteilles (7)\" class=\"wp-image-2272\" srcset=\"https:\/\/www.topchinapack.com\/wp-content\/uploads\/2025\/09\/custom-shrink-wrap-labels-for-bottles-7.webp 800w, https:\/\/www.topchinapack.com\/wp-content\/uploads\/2025\/09\/custom-shrink-wrap-labels-for-bottles-7-300x300.webp 300w, https:\/\/www.topchinapack.com\/wp-content\/uploads\/2025\/09\/custom-shrink-wrap-labels-for-bottles-7-150x150.webp 150w, https:\/\/www.topchinapack.com\/wp-content\/uploads\/2025\/09\/custom-shrink-wrap-labels-for-bottles-7-768x768.webp 768w, https:\/\/www.topchinapack.com\/wp-content\/uploads\/2025\/09\/custom-shrink-wrap-labels-for-bottles-7-12x12.webp 12w, https:\/\/www.topchinapack.com\/wp-content\/uploads\/2025\/09\/custom-shrink-wrap-labels-for-bottles-7-600x600.webp 600w, https:\/\/www.topchinapack.com\/wp-content\/uploads\/2025\/09\/custom-shrink-wrap-labels-for-bottles-7-100x100.webp 100w\" sizes=\"(max-width: 800px) 100vw, 800px\" \/><\/figure>\n<\/div>\n<\/div>\n\n\n\n<div class=\"wp-block-columns is-layout-flex wp-container-core-columns-is-layout-9d6595d7 wp-block-columns-is-layout-flex\">\n<div class=\"wp-block-column is-layout-flow wp-block-column-is-layout-flow\"><\/div>\n\n\n\n<div class=\"wp-block-column is-layout-flow wp-block-column-is-layout-flow\"><\/div>\n<\/div>","protected":false},"excerpt":{"rendered":"<p>GQ PACK propose des \u00e9tiquettes \u00e0 manchon r\u00e9tractable personnalis\u00e9es, imprim\u00e9es en h\u00e9liogravure en dix couleurs. Nos couleurs vives et nos d\u00e9tails complexes mettent parfaitement en valeur votre image de marque. Nos \u00e9tiquettes sont durables, inviolables et conviennent \u00e0 une grande vari\u00e9t\u00e9 de formes de bouteilles et de conteneurs. En tant que fabricant professionnel, nous proposons des prix comp\u00e9titifs et prenons en charge les petites quantit\u00e9s.<\/p>\n<h2>Caract\u00e9ristiques des \u00e9tiquettes r\u00e9tractables personnalis\u00e9es<\/h2>\n<p><strong>Service personnalis\u00e9 :<\/strong>\u00a0le mat\u00e9riau, la taille, l'impression, le motif et les options suppl\u00e9mentaires<br \/><strong>Proc\u00e9d\u00e9 d'impression :<\/strong>\u00a0impression en h\u00e9liogravure, jusqu'\u00e0 10 couleurs, possibilit\u00e9 d'impression personnalis\u00e9e<br \/><strong>Caract\u00e9ristiques :<\/strong>\u00a0durable, imperm\u00e9able<br \/><strong>D\u00e9lai de livraison :<\/strong>\u00a010-20 jours<br \/><strong>Soutien \u00e0 l'\u00e9chantillonnage gratuit<\/strong><br \/><strong>Certification :<\/strong>\u00a0ISO, FDA, sans BPA, LFGB, norme europ\u00e9enne<\/p>\n<ul>\n<li>\n<p><strong>Couverture totale \u00e0 360\u00b0 Marquage :<\/strong> Les \u00e9tiquettes \u00e0 manchon r\u00e9tractable peuvent s'enrouler compl\u00e8tement autour des bouteilles ou des conteneurs, ce qui offre un plus grand espace de conception que les \u00e9tiquettes traditionnelles.<\/p>\n<\/li>\n<li>\n<p><strong>Impression de haute qualit\u00e9 :<\/strong> GQ PACK adopte l'impression en h\u00e9liogravure \u00e0 dix couleurs, et l'\u00e9tiquette r\u00e9tractable peut obtenir des couleurs vives, des d\u00e9tails clairs et des effets de surface de haute qualit\u00e9.<\/p>\n<\/li>\n<li>\n<p><strong>Durabilit\u00e9 et r\u00e9sistance :<\/strong> L'\u00e9tiquette r\u00e9tractable de GQ PACK est imperm\u00e9able, r\u00e9sistante \u00e0 l'usure et inviolable. M\u00eame en cas de r\u00e9frig\u00e9ration, de transport et de manipulation d'objets lourds, elles peuvent rester intactes et ne pas \u00eatre endommag\u00e9es.<\/p>\n<\/li>\n<li>\n<p><strong>S\u00e9curit\u00e9 inviolable :<\/strong> Le couvercle peut s'\u00e9tendre jusqu'\u00e0 la capsule ou au bouchon de la bouteille pour former un joint inviolable, garantissant la s\u00e9curit\u00e9 du produit, particuli\u00e8rement adapt\u00e9 aux produits alimentaires et aux boissons.<\/p>\n<\/li>\n<li>\n<p><strong>Support puissant pour les OEM et ODM :<\/strong> L'usine GQ PACK a de nombreuses ann\u00e9es d'exp\u00e9rience dans les services OEM et ODM, avec une \u00e9quipe de conception interne pour aider \u00e0 ajuster les dessins et fournir une assistance technique pour assurer l'application sans faille des \u00e9tiquettes \u00e0 manchon r\u00e9tractable.<\/p>\n<\/li>\n<\/ul>","protected":false},"featured_media":2266,"comment_status":"closed","ping_status":"closed","template":"","meta":{"_acf_changed":false},"product_brand":[],"product_cat":[25,57],"product_tag":[],"class_list":{"0":"post-2192","1":"product","2":"type-product","3":"status-publish","4":"has-post-thumbnail","6":"product_cat-custom-shrink-sleeve-label","7":"product_cat-custom-water-bottle-shrink-sleeve-labels","9":"first","10":"instock","11":"shipping-taxable","12":"product-type-simple"},"acf":[],"_links":{"self":[{"href":"https:\/\/www.topchinapack.com\/fr\/wp-json\/wp\/v2\/product\/2192","targetHints":{"allow":["GET"]}}],"collection":[{"href":"https:\/\/www.topchinapack.com\/fr\/wp-json\/wp\/v2\/product"}],"about":[{"href":"https:\/\/www.topchinapack.com\/fr\/wp-json\/wp\/v2\/types\/product"}],"replies":[{"embeddable":true,"href":"https:\/\/www.topchinapack.com\/fr\/wp-json\/wp\/v2\/comments?post=2192"}],"wp:featuredmedia":[{"embeddable":true,"href":"https:\/\/www.topchinapack.com\/fr\/wp-json\/wp\/v2\/media\/2266"}],"wp:attachment":[{"href":"https:\/\/www.topchinapack.com\/fr\/wp-json\/wp\/v2\/media?parent=2192"}],"wp:term":[{"taxonomy":"product_brand","embeddable":true,"href":"https:\/\/www.topchinapack.com\/fr\/wp-json\/wp\/v2\/product_brand?post=2192"},{"taxonomy":"product_cat","embeddable":true,"href":"https:\/\/www.topchinapack.com\/fr\/wp-json\/wp\/v2\/product_cat?post=2192"},{"taxonomy":"product_tag","embeddable":true,"href":"https:\/\/www.topchinapack.com\/fr\/wp-json\/wp\/v2\/product_tag?post=2192"}],"curies":[{"name":"wp","href":"https:\/\/api.w.org\/{rel}","templated":true}]}}