{"id":2204,"date":"2025-09-09T07:13:15","date_gmt":"2025-09-09T07:13:15","guid":{"rendered":"https:\/\/www.topchinapack.com\/?post_type=product&#038;p=2204"},"modified":"2025-11-17T07:05:19","modified_gmt":"2025-11-17T07:05:19","slug":"custom-shrink-wrap-bottle-labels-with-flexible-sizes","status":"publish","type":"product","link":"https:\/\/www.topchinapack.com\/fr\/produit\/custom-shrink-wrap-bottle-labels-with-flexible-sizes\/","title":{"rendered":"\u00c9tiquettes de bouteilles thermor\u00e9tractables personnalis\u00e9es - Formats flexibles et approvisionnement en vrac"},"content":{"rendered":"<div class=\"wp-block-columns is-layout-flex wp-container-core-columns-is-layout-9d6595d7 wp-block-columns-is-layout-flex\">\n<div class=\"wp-block-column is-layout-flow wp-block-column-is-layout-flow\">\n<figure class=\"wp-block-image size-full\"><img decoding=\"async\" width=\"800\" height=\"800\" src=\"https:\/\/www.topchinapack.com\/wp-content\/uploads\/2025\/09\/custom-shrink-wrap-bottle-labels-6-1.webp\" alt=\"\u00e9tiquettes personnalis\u00e9es pour bouteilles sous film r\u00e9tractable (6)\" class=\"wp-image-2305\" srcset=\"https:\/\/www.topchinapack.com\/wp-content\/uploads\/2025\/09\/custom-shrink-wrap-bottle-labels-6-1.webp 800w, https:\/\/www.topchinapack.com\/wp-content\/uploads\/2025\/09\/custom-shrink-wrap-bottle-labels-6-1-300x300.webp 300w, https:\/\/www.topchinapack.com\/wp-content\/uploads\/2025\/09\/custom-shrink-wrap-bottle-labels-6-1-150x150.webp 150w, https:\/\/www.topchinapack.com\/wp-content\/uploads\/2025\/09\/custom-shrink-wrap-bottle-labels-6-1-768x768.webp 768w, https:\/\/www.topchinapack.com\/wp-content\/uploads\/2025\/09\/custom-shrink-wrap-bottle-labels-6-1-12x12.webp 12w, https:\/\/www.topchinapack.com\/wp-content\/uploads\/2025\/09\/custom-shrink-wrap-bottle-labels-6-1-600x600.webp 600w, https:\/\/www.topchinapack.com\/wp-content\/uploads\/2025\/09\/custom-shrink-wrap-bottle-labels-6-1-100x100.webp 100w\" sizes=\"(max-width: 800px) 100vw, 800px\" \/><\/figure>\n<\/div>\n\n\n\n<div class=\"wp-block-column is-layout-flow wp-block-column-is-layout-flow\">\n<figure class=\"wp-block-image size-full\"><img decoding=\"async\" width=\"800\" height=\"800\" src=\"https:\/\/www.topchinapack.com\/wp-content\/uploads\/2025\/09\/custom-shrink-wrap-bottle-labels-7.webp\" alt=\"\u00e9tiquettes personnalis\u00e9es pour bouteilles sous film r\u00e9tractable (7)\" class=\"wp-image-2306\" srcset=\"https:\/\/www.topchinapack.com\/wp-content\/uploads\/2025\/09\/custom-shrink-wrap-bottle-labels-7.webp 800w, https:\/\/www.topchinapack.com\/wp-content\/uploads\/2025\/09\/custom-shrink-wrap-bottle-labels-7-300x300.webp 300w, https:\/\/www.topchinapack.com\/wp-content\/uploads\/2025\/09\/custom-shrink-wrap-bottle-labels-7-150x150.webp 150w, https:\/\/www.topchinapack.com\/wp-content\/uploads\/2025\/09\/custom-shrink-wrap-bottle-labels-7-768x768.webp 768w, https:\/\/www.topchinapack.com\/wp-content\/uploads\/2025\/09\/custom-shrink-wrap-bottle-labels-7-12x12.webp 12w, https:\/\/www.topchinapack.com\/wp-content\/uploads\/2025\/09\/custom-shrink-wrap-bottle-labels-7-600x600.webp 600w, https:\/\/www.topchinapack.com\/wp-content\/uploads\/2025\/09\/custom-shrink-wrap-bottle-labels-7-100x100.webp 100w\" sizes=\"(max-width: 800px) 100vw, 800px\" \/><\/figure>\n<\/div>\n<\/div>\n\n\n\n<div class=\"wp-block-columns is-layout-flex wp-container-core-columns-is-layout-9d6595d7 wp-block-columns-is-layout-flex\">\n<div class=\"wp-block-column is-layout-flow wp-block-column-is-layout-flow\" style=\"flex-basis:66.66%\">\n<figure class=\"wp-block-embed is-type-video is-provider-youtube wp-block-embed-youtube wp-embed-aspect-16-9 wp-has-aspect-ratio\"><div class=\"wp-block-embed__wrapper\">\n<iframe title=\"\u00c9tiquette r\u00e9tractable en PVC\" width=\"500\" height=\"281\" src=\"https:\/\/www.youtube.com\/embed\/I66saQstTg8?feature=oembed\" frameborder=\"0\" allow=\"accelerometer; autoplay; clipboard-write; encrypted-media; gyroscope; picture-in-picture; web-share\" referrerpolicy=\"strict-origin-when-cross-origin\" allowfullscreen><\/iframe>\n<\/div><\/figure>\n<\/div>\n\n\n\n<div class=\"wp-block-column is-layout-flow wp-block-column-is-layout-flow\" style=\"flex-basis:33.33%\"><\/div>\n<\/div>","protected":false},"excerpt":{"rendered":"<p>Les \u00e9tiquettes de bouteilles thermor\u00e9tractables personnalis\u00e9es offrent une impression \u00e0 360 degr\u00e9s, ce qui permet aux marques d'afficher des tableaux nutritionnels, des \u00e9tiquettes et des graphiques cr\u00e9atifs sur toute la surface de la bouteille. En tant que fabricant professionnel, nous proposons une technologie d'impression avanc\u00e9e et des prix comp\u00e9titifs. Nous invitons les usines de boissons et les propri\u00e9taires de marques du monde entier \u00e0 nous contacter.<\/p>\n<h2>Caract\u00e9ristiques des \u00e9tiquettes de bouteilles thermor\u00e9tractables personnalis\u00e9es<\/h2>\n<p><strong>Service personnalis\u00e9 :<\/strong>\u00a0le mat\u00e9riau, la taille, l'impression, le motif et les options suppl\u00e9mentaires<br \/><strong>Proc\u00e9d\u00e9 d'impression :<\/strong>\u00a0impression en h\u00e9liogravure, jusqu'\u00e0 10 couleurs, possibilit\u00e9 d'impression personnalis\u00e9e<br \/><strong>Caract\u00e9ristiques :<\/strong>\u00a0durable, imperm\u00e9able<br \/><strong>D\u00e9lai de livraison :<\/strong>\u00a010-20 jours<br \/><strong>Soutien \u00e0 l'\u00e9chantillonnage gratuit<\/strong><br \/><strong>Certification :<\/strong>\u00a0ISO, FDA, sans BPA, LFGB, norme europ\u00e9enne<\/p>\n<ul>\n<li>\n<p><strong>Impression \u00e0 360\u00b0 :<\/strong> L'\u00e9tiquette r\u00e9tractable adopte un design enveloppant, couvrant toute la surface de la bouteille et offrant plus d'espace pour les \u00e9l\u00e9ments de la marque, les tableaux nutritionnels et les graphiques cr\u00e9atifs.<\/p>\n<\/li>\n<li>\n<p><strong>R\u00e9sistant \u00e0 l'humidit\u00e9 et \u00e0 l'usure :<\/strong> Les \u00e9tiquettes de bouteilles sous film r\u00e9tractable peuvent r\u00e9sister efficacement \u00e0 la condensation, \u00e0 la r\u00e9frig\u00e9ration et aux manipulations pendant le transport, ce qui en fait un choix id\u00e9al pour les boissons r\u00e9frig\u00e9r\u00e9es et les produits liquides.<\/p>\n<\/li>\n<li>\n<p><strong>Emballage l\u00e9ger :<\/strong> Par rapport \u00e0 d'autres mat\u00e9riaux d'emballage, les \u00e9tiquettes de bouteilles sous film r\u00e9tractable sont plus fines et plus l\u00e9g\u00e8res, ce qui r\u00e9duit l'utilisation de mat\u00e9riaux et le poids de l'exp\u00e9dition, et donc les co\u00fbts de transport.<\/p>\n<\/li>\n<li>\n<p><strong>Largement utilis\u00e9 :<\/strong> Les \u00e9tiquettes pour bouteilles sous film r\u00e9tractable ne se limitent pas aux produits en bouteille. Elles peuvent \u00eatre appos\u00e9es sur des bo\u00eetes de conserve, des bocaux, des r\u00e9cipients en plastique et constituent des solutions multifonctionnelles couvrant de nombreux secteurs tels que l'alimentation et les boissons, les cosm\u00e9tiques et les articles m\u00e9nagers.<\/p>\n<\/li>\n<\/ul>","protected":false},"featured_media":2300,"comment_status":"closed","ping_status":"closed","template":"","meta":{"_acf_changed":false},"product_brand":[],"product_cat":[25,33],"product_tag":[],"class_list":{"0":"post-2204","1":"product","2":"type-product","3":"status-publish","4":"has-post-thumbnail","6":"product_cat-custom-shrink-sleeve-label","7":"product_cat-custom-beverage-shrink-sleeve-labels","9":"first","10":"instock","11":"shipping-taxable","12":"product-type-simple"},"acf":[],"_links":{"self":[{"href":"https:\/\/www.topchinapack.com\/fr\/wp-json\/wp\/v2\/product\/2204","targetHints":{"allow":["GET"]}}],"collection":[{"href":"https:\/\/www.topchinapack.com\/fr\/wp-json\/wp\/v2\/product"}],"about":[{"href":"https:\/\/www.topchinapack.com\/fr\/wp-json\/wp\/v2\/types\/product"}],"replies":[{"embeddable":true,"href":"https:\/\/www.topchinapack.com\/fr\/wp-json\/wp\/v2\/comments?post=2204"}],"wp:featuredmedia":[{"embeddable":true,"href":"https:\/\/www.topchinapack.com\/fr\/wp-json\/wp\/v2\/media\/2300"}],"wp:attachment":[{"href":"https:\/\/www.topchinapack.com\/fr\/wp-json\/wp\/v2\/media?parent=2204"}],"wp:term":[{"taxonomy":"product_brand","embeddable":true,"href":"https:\/\/www.topchinapack.com\/fr\/wp-json\/wp\/v2\/product_brand?post=2204"},{"taxonomy":"product_cat","embeddable":true,"href":"https:\/\/www.topchinapack.com\/fr\/wp-json\/wp\/v2\/product_cat?post=2204"},{"taxonomy":"product_tag","embeddable":true,"href":"https:\/\/www.topchinapack.com\/fr\/wp-json\/wp\/v2\/product_tag?post=2204"}],"curies":[{"name":"wp","href":"https:\/\/api.w.org\/{rel}","templated":true}]}}