{"id":2390,"date":"2025-09-26T10:18:34","date_gmt":"2025-09-26T10:18:34","guid":{"rendered":"https:\/\/www.topchinapack.com\/?post_type=product&#038;p=2390"},"modified":"2025-11-17T07:12:39","modified_gmt":"2025-11-17T07:12:39","slug":"custom-food-stand-up-pouch","status":"publish","type":"product","link":"https:\/\/www.topchinapack.com\/fr\/produit\/custom-food-stand-up-pouch\/","title":{"rendered":"Pochette alimentaire personnalis\u00e9e - S\u00fbre, refermable, r\u00e9sistante \u00e0 l'humidit\u00e9"},"content":{"rendered":"<div class=\"wp-block-columns is-layout-flex wp-container-core-columns-is-layout-9d6595d7 wp-block-columns-is-layout-flex\">\n<div class=\"wp-block-column is-layout-flow wp-block-column-is-layout-flow\"><\/div>\n\n\n\n<div class=\"wp-block-column is-layout-flow wp-block-column-is-layout-flow\"><\/div>\n<\/div>\n\n\n\n<div class=\"wp-block-columns is-layout-flex wp-container-core-columns-is-layout-9d6595d7 wp-block-columns-is-layout-flex\">\n<div class=\"wp-block-column is-layout-flow wp-block-column-is-layout-flow\">\n<figure class=\"wp-block-image size-full\"><img decoding=\"async\" width=\"800\" height=\"800\" src=\"https:\/\/www.topchinapack.com\/wp-content\/uploads\/2025\/09\/custom-food-stand-up-pouch-5.webp\" alt=\"pochette alimentaire personnalis\u00e9e (5)\" class=\"wp-image-2471\" srcset=\"https:\/\/www.topchinapack.com\/wp-content\/uploads\/2025\/09\/custom-food-stand-up-pouch-5.webp 800w, https:\/\/www.topchinapack.com\/wp-content\/uploads\/2025\/09\/custom-food-stand-up-pouch-5-300x300.webp 300w, https:\/\/www.topchinapack.com\/wp-content\/uploads\/2025\/09\/custom-food-stand-up-pouch-5-150x150.webp 150w, https:\/\/www.topchinapack.com\/wp-content\/uploads\/2025\/09\/custom-food-stand-up-pouch-5-768x768.webp 768w, https:\/\/www.topchinapack.com\/wp-content\/uploads\/2025\/09\/custom-food-stand-up-pouch-5-12x12.webp 12w, https:\/\/www.topchinapack.com\/wp-content\/uploads\/2025\/09\/custom-food-stand-up-pouch-5-600x600.webp 600w, https:\/\/www.topchinapack.com\/wp-content\/uploads\/2025\/09\/custom-food-stand-up-pouch-5-100x100.webp 100w\" sizes=\"(max-width: 800px) 100vw, 800px\" \/><\/figure>\n<\/div>\n\n\n\n<div class=\"wp-block-column is-layout-flow wp-block-column-is-layout-flow\">\n<figure class=\"wp-block-image size-full\"><img decoding=\"async\" width=\"800\" height=\"800\" src=\"https:\/\/www.topchinapack.com\/wp-content\/uploads\/2025\/09\/custom-food-stand-up-pouch-6.webp\" alt=\"pochette alimentaire personnalis\u00e9e (6)\" class=\"wp-image-2472\" srcset=\"https:\/\/www.topchinapack.com\/wp-content\/uploads\/2025\/09\/custom-food-stand-up-pouch-6.webp 800w, https:\/\/www.topchinapack.com\/wp-content\/uploads\/2025\/09\/custom-food-stand-up-pouch-6-300x300.webp 300w, https:\/\/www.topchinapack.com\/wp-content\/uploads\/2025\/09\/custom-food-stand-up-pouch-6-150x150.webp 150w, https:\/\/www.topchinapack.com\/wp-content\/uploads\/2025\/09\/custom-food-stand-up-pouch-6-768x768.webp 768w, https:\/\/www.topchinapack.com\/wp-content\/uploads\/2025\/09\/custom-food-stand-up-pouch-6-12x12.webp 12w, https:\/\/www.topchinapack.com\/wp-content\/uploads\/2025\/09\/custom-food-stand-up-pouch-6-600x600.webp 600w, https:\/\/www.topchinapack.com\/wp-content\/uploads\/2025\/09\/custom-food-stand-up-pouch-6-100x100.webp 100w\" sizes=\"(max-width: 800px) 100vw, 800px\" \/><\/figure>\n<\/div>\n<\/div>","protected":false},"excerpt":{"rendered":"<p>Nous fournissons des solutions personnalis\u00e9es de qualit\u00e9 alimentaire pour les sachets \u00e0 fond plat, avec des fermetures \u00e9clair refermables, des fentes de d\u00e9chirure et des valves, con\u00e7ues pour garder vos produits frais, s\u00fbrs et visuellement attrayants pour la distribution au d\u00e9tail ou en gros.<\/p>\n<h2>Caract\u00e9ristiques de la pochette alimentaire sur mesure<\/h2>\n<p><strong>Service personnalis\u00e9 :<\/strong>\u00a0le mat\u00e9riau, la taille, l'impression, le motif et les options suppl\u00e9mentaires<br \/><strong>Proc\u00e9d\u00e9 d'impression :<\/strong>\u00a0impression en h\u00e9liogravure, jusqu'\u00e0 10 couleurs, possibilit\u00e9 d'impression personnalis\u00e9e<br \/><strong>Caract\u00e9ristiques :<\/strong>\u00a0durable, imperm\u00e9able<br \/><strong>D\u00e9lai de livraison :<\/strong>\u00a010-20 jours<br \/><strong>Soutien \u00e0 l'\u00e9chantillonnage gratuit<\/strong><br \/><strong>Certification :<\/strong>\u00a0ISO, FDA, sans BPA, LFGB, norme europ\u00e9enne<\/p>\n<p><strong>Structure pratique<\/strong>: La pochette alimentaire est \u00e9quip\u00e9e d'une structure de support inf\u00e9rieure int\u00e9gr\u00e9e, elle peut se tenir debout de mani\u00e8re ind\u00e9pendante pour faciliter l'acc\u00e8s et la pr\u00e9sentation ; elle est \u00e9galement dot\u00e9e d'une fermeture \u00e0 glissi\u00e8re r\u00e9utilisable qui permet des op\u00e9rations de scellage simples.<\/p>\n<p><strong>Forte r\u00e9tention de la fra\u00eecheur<\/strong>: Le syst\u00e8me de fermeture \u00e0 glissi\u00e8re isole efficacement l'air, l'humidit\u00e9 et les odeurs, prolonge la dur\u00e9e de conservation des aliments (tels que les noix, les snacks, les aliments secs, etc.) et r\u00e9duit l'oxydation et la d\u00e9t\u00e9rioration.<\/p>\n<p><strong>Grande commodit\u00e9<\/strong>: Sa forme autoportante facilite le stockage (par exemple, sur les bureaux, dans les armoires) sans n\u00e9cessiter de conteneurs suppl\u00e9mentaires ; la fonction refermable convient pour\u5206\u6b21 la consommation et emp\u00eache la contamination apr\u00e8s l'ouverture.<\/p>\n<p><strong>Une grande capacit\u00e9 d'adaptation<\/strong>: Principalement compos\u00e9 de films composites de qualit\u00e9 alimentaire (tels que PE, PET, etc.), il est r\u00e9sistant \u00e0 la temp\u00e9rature et \u00e0 l'huile, et peut \u00eatre utilis\u00e9 pour des aliments de formes diverses, tels que des solides et des granul\u00e9s. En outre, il pr\u00e9sente une bonne imprimabilit\u00e9, ce qui est b\u00e9n\u00e9fique pour l'affichage des informations sur la marque.<\/p>\n<p><strong>Excellente s\u00e9curit\u00e9<\/strong>: Il est conforme aux normes relatives aux mat\u00e9riaux en contact avec les aliments, ne lib\u00e8re aucune substance nocive et garantit l'hygi\u00e8ne alimentaire. Par ailleurs, certains mat\u00e9riaux recyclables utilis\u00e9s sont \u00e9galement conformes \u00e0 la tendance en mati\u00e8re de protection de l'environnement.<\/p>","protected":false},"featured_media":2467,"comment_status":"closed","ping_status":"closed","template":"","meta":{"_acf_changed":true},"product_brand":[],"product_cat":[20,52],"product_tag":[],"class_list":{"0":"post-2390","1":"product","2":"type-product","3":"status-publish","4":"has-post-thumbnail","6":"product_cat-custom-stand-up-pouch","7":"product_cat-custom-cereal-stand-up-pouches","9":"first","10":"instock","11":"shipping-taxable","12":"product-type-simple"},"acf":[],"_links":{"self":[{"href":"https:\/\/www.topchinapack.com\/fr\/wp-json\/wp\/v2\/product\/2390","targetHints":{"allow":["GET"]}}],"collection":[{"href":"https:\/\/www.topchinapack.com\/fr\/wp-json\/wp\/v2\/product"}],"about":[{"href":"https:\/\/www.topchinapack.com\/fr\/wp-json\/wp\/v2\/types\/product"}],"replies":[{"embeddable":true,"href":"https:\/\/www.topchinapack.com\/fr\/wp-json\/wp\/v2\/comments?post=2390"}],"wp:featuredmedia":[{"embeddable":true,"href":"https:\/\/www.topchinapack.com\/fr\/wp-json\/wp\/v2\/media\/2467"}],"wp:attachment":[{"href":"https:\/\/www.topchinapack.com\/fr\/wp-json\/wp\/v2\/media?parent=2390"}],"wp:term":[{"taxonomy":"product_brand","embeddable":true,"href":"https:\/\/www.topchinapack.com\/fr\/wp-json\/wp\/v2\/product_brand?post=2390"},{"taxonomy":"product_cat","embeddable":true,"href":"https:\/\/www.topchinapack.com\/fr\/wp-json\/wp\/v2\/product_cat?post=2390"},{"taxonomy":"product_tag","embeddable":true,"href":"https:\/\/www.topchinapack.com\/fr\/wp-json\/wp\/v2\/product_tag?post=2390"}],"curies":[{"name":"wp","href":"https:\/\/api.w.org\/{rel}","templated":true}]}}