{"id":2394,"date":"2025-09-26T09:03:32","date_gmt":"2025-09-26T09:03:32","guid":{"rendered":"https:\/\/www.topchinapack.com\/?post_type=product&#038;p=2394"},"modified":"2025-11-17T06:49:09","modified_gmt":"2025-11-17T06:49:09","slug":"custom-food-packaging-bag","status":"publish","type":"product","link":"https:\/\/www.topchinapack.com\/fr\/produit\/custom-food-packaging-bag\/","title":{"rendered":"Sac d'emballage alimentaire personnalis\u00e9 Wholesale, Film Roll Packaging Supplier"},"content":{"rendered":"<div class=\"wp-block-columns is-layout-flex wp-container-core-columns-is-layout-9d6595d7 wp-block-columns-is-layout-flex\">\n<div class=\"wp-block-column is-layout-flow wp-block-column-is-layout-flow\">\n<figure class=\"wp-block-image size-full\"><img decoding=\"async\" width=\"800\" height=\"800\" src=\"https:\/\/www.topchinapack.com\/wp-content\/uploads\/2025\/09\/custom-food-packaging-bag-5.webp\" alt=\"sac d&#039;emballage alimentaire personnalis\u00e9 (5)\" class=\"wp-image-2449\" srcset=\"https:\/\/www.topchinapack.com\/wp-content\/uploads\/2025\/09\/custom-food-packaging-bag-5.webp 800w, https:\/\/www.topchinapack.com\/wp-content\/uploads\/2025\/09\/custom-food-packaging-bag-5-300x300.webp 300w, https:\/\/www.topchinapack.com\/wp-content\/uploads\/2025\/09\/custom-food-packaging-bag-5-150x150.webp 150w, https:\/\/www.topchinapack.com\/wp-content\/uploads\/2025\/09\/custom-food-packaging-bag-5-768x768.webp 768w, https:\/\/www.topchinapack.com\/wp-content\/uploads\/2025\/09\/custom-food-packaging-bag-5-12x12.webp 12w, https:\/\/www.topchinapack.com\/wp-content\/uploads\/2025\/09\/custom-food-packaging-bag-5-600x600.webp 600w, https:\/\/www.topchinapack.com\/wp-content\/uploads\/2025\/09\/custom-food-packaging-bag-5-100x100.webp 100w\" sizes=\"(max-width: 800px) 100vw, 800px\" \/><\/figure>\n<\/div>\n\n\n\n<div class=\"wp-block-column is-layout-flow wp-block-column-is-layout-flow\">\n<figure class=\"wp-block-image size-full\"><img decoding=\"async\" width=\"800\" height=\"800\" src=\"https:\/\/www.topchinapack.com\/wp-content\/uploads\/2025\/09\/custom-food-packaging-bag-6.webp\" alt=\"sac d&#039;emballage alimentaire personnalis\u00e9 (6)\" class=\"wp-image-2450\" srcset=\"https:\/\/www.topchinapack.com\/wp-content\/uploads\/2025\/09\/custom-food-packaging-bag-6.webp 800w, https:\/\/www.topchinapack.com\/wp-content\/uploads\/2025\/09\/custom-food-packaging-bag-6-300x300.webp 300w, https:\/\/www.topchinapack.com\/wp-content\/uploads\/2025\/09\/custom-food-packaging-bag-6-150x150.webp 150w, https:\/\/www.topchinapack.com\/wp-content\/uploads\/2025\/09\/custom-food-packaging-bag-6-768x768.webp 768w, https:\/\/www.topchinapack.com\/wp-content\/uploads\/2025\/09\/custom-food-packaging-bag-6-12x12.webp 12w, https:\/\/www.topchinapack.com\/wp-content\/uploads\/2025\/09\/custom-food-packaging-bag-6-600x600.webp 600w, https:\/\/www.topchinapack.com\/wp-content\/uploads\/2025\/09\/custom-food-packaging-bag-6-100x100.webp 100w\" sizes=\"(max-width: 800px) 100vw, 800px\" \/><\/figure>\n<\/div>\n<\/div>","protected":false},"excerpt":{"rendered":"<p>Sacs d'emballage alimentaire personnalis\u00e9s en gros. En tant que fabricant leader d'emballages flexibles \u00e0 Guangdong, en Chine, nous pouvons personnaliser les sacs d'emballage alimentaire avec des caract\u00e9ristiques telles que la r\u00e9sistance \u00e0 la chaleur, la r\u00e9sistance aux basses temp\u00e9ratures, la r\u00e9sistance \u00e0 l'huile et la r\u00e9sistance \u00e0 la perforation. En combinant diff\u00e9rents mat\u00e9riaux, nous assurons la performance de l'emballage tout en r\u00e9duisant les co\u00fbts globaux des mat\u00e9riaux. Contactez-nous pour un devis de personnalisation en vrac.<\/p>\n<h2>Caract\u00e9ristiques du sac d'emballage alimentaire sur mesure<\/h2>\n<p><strong>Service personnalis\u00e9 :<\/strong>\u00a0le mat\u00e9riau, la taille, l'impression, le motif et les options suppl\u00e9mentaires<br \/><strong>Proc\u00e9d\u00e9 d'impression :<\/strong>\u00a0impression en h\u00e9liogravure, jusqu'\u00e0 10 couleurs, possibilit\u00e9 d'impression personnalis\u00e9e<br \/><strong>Caract\u00e9ristiques :<\/strong>\u00a0durable, imperm\u00e9able<br \/><strong>D\u00e9lai de livraison :<\/strong>\u00a010-20 jours<br \/><strong>Soutien \u00e0 l'\u00e9chantillonnage gratuit<\/strong><br \/><strong>Certification :<\/strong>\u00a0ISO, FDA, sans BPA, LFGB, norme europ\u00e9enne<\/p>\n<p><strong>Forte propri\u00e9t\u00e9 de barri\u00e8re<\/strong>: Il peut bloquer efficacement l'oxyg\u00e8ne, l'humidit\u00e9, la lumi\u00e8re, etc., retarder l'oxydation, l'absorption d'humidit\u00e9 et la d\u00e9t\u00e9rioration des aliments, et prolonger la dur\u00e9e de conservation.<\/p>\n<p><strong>Excellente fonctionnalit\u00e9 :<\/strong> En tant que fabricant professionnel de sacs d'emballage alimentaire, nous pouvons int\u00e9grer la r\u00e9sistance \u00e0 la chaleur, la r\u00e9sistance aux basses temp\u00e9ratures, la r\u00e9sistance \u00e0 l'huile, la r\u00e9sistance \u00e0 la perforation et d'autres propri\u00e9t\u00e9s selon les besoins pour s'adapter aux exigences d'emballage de diff\u00e9rents aliments (tels que les aliments congel\u00e9s, les aliments frits).<\/p>\n<p><strong>L\u00e9ger et tr\u00e8s r\u00e9sistant<\/strong>: Il est plus l\u00e9ger, plus facile \u00e0 transporter, et poss\u00e8de en m\u00eame temps de bonnes propri\u00e9t\u00e9s de r\u00e9sistance \u00e0 la traction et aux chocs, ce qui r\u00e9duit les pertes de transport.<\/p>\n<p><strong>Co\u00fbt contr\u00f4lable<\/strong>: La combinaison judicieuse de diff\u00e9rents mat\u00e9riaux permet de r\u00e9duire le co\u00fbt global des mat\u00e9riaux tout en garantissant les performances de l'emballage, ce qui permet d'atteindre un bon \u00e9quilibre entre les performances et la rentabilit\u00e9.<\/p>\n<p><strong>Bonne imprimabilit\u00e9 et bonne apparence<\/strong>: La surface du sac d'emballage personnalis\u00e9 peut facilement r\u00e9aliser une impression claire et lumineuse, am\u00e9liorant l'esth\u00e9tique de l'emballage alimentaire et la reconnaissance de la marque pour attirer les consommateurs.<\/p>","protected":false},"featured_media":2445,"comment_status":"closed","ping_status":"closed","template":"","meta":{"_acf_changed":true},"product_brand":[],"product_cat":[21],"product_tag":[],"class_list":{"0":"post-2394","1":"product","2":"type-product","3":"status-publish","4":"has-post-thumbnail","6":"product_cat-custom-packaging-film-roll","8":"first","9":"instock","10":"shipping-taxable","11":"product-type-simple"},"acf":[],"_links":{"self":[{"href":"https:\/\/www.topchinapack.com\/fr\/wp-json\/wp\/v2\/product\/2394","targetHints":{"allow":["GET"]}}],"collection":[{"href":"https:\/\/www.topchinapack.com\/fr\/wp-json\/wp\/v2\/product"}],"about":[{"href":"https:\/\/www.topchinapack.com\/fr\/wp-json\/wp\/v2\/types\/product"}],"replies":[{"embeddable":true,"href":"https:\/\/www.topchinapack.com\/fr\/wp-json\/wp\/v2\/comments?post=2394"}],"wp:featuredmedia":[{"embeddable":true,"href":"https:\/\/www.topchinapack.com\/fr\/wp-json\/wp\/v2\/media\/2445"}],"wp:attachment":[{"href":"https:\/\/www.topchinapack.com\/fr\/wp-json\/wp\/v2\/media?parent=2394"}],"wp:term":[{"taxonomy":"product_brand","embeddable":true,"href":"https:\/\/www.topchinapack.com\/fr\/wp-json\/wp\/v2\/product_brand?post=2394"},{"taxonomy":"product_cat","embeddable":true,"href":"https:\/\/www.topchinapack.com\/fr\/wp-json\/wp\/v2\/product_cat?post=2394"},{"taxonomy":"product_tag","embeddable":true,"href":"https:\/\/www.topchinapack.com\/fr\/wp-json\/wp\/v2\/product_tag?post=2394"}],"curies":[{"name":"wp","href":"https:\/\/api.w.org\/{rel}","templated":true}]}}