{"id":2395,"date":"2025-09-26T09:30:22","date_gmt":"2025-09-26T09:30:22","guid":{"rendered":"https:\/\/www.topchinapack.com\/?post_type=product&#038;p=2395"},"modified":"2025-12-19T07:54:39","modified_gmt":"2025-12-19T07:54:39","slug":"custom-printed-stand-up-pouch-manufacturer","status":"publish","type":"product","link":"https:\/\/www.topchinapack.com\/fr\/produit\/custom-printed-stand-up-pouch-manufacturer\/","title":{"rendered":"Pochettes imprim\u00e9es sur mesure, permettant la personnalisation de la taille, de la finition et de la fonctionnalit\u00e9"},"content":{"rendered":"<div class=\"wp-block-columns is-layout-flex wp-container-core-columns-is-layout-9d6595d7 wp-block-columns-is-layout-flex\">\n<div class=\"wp-block-column is-layout-flow wp-block-column-is-layout-flow\">\n<figure class=\"wp-block-image size-full\"><img decoding=\"async\" width=\"800\" height=\"800\" src=\"https:\/\/www.topchinapack.com\/wp-content\/uploads\/2025\/09\/custom-printed-stand-up-pouches-5.webp\" alt=\"pochettes imprim\u00e9es personnalis\u00e9es (5)\" class=\"wp-image-2457\" srcset=\"https:\/\/www.topchinapack.com\/wp-content\/uploads\/2025\/09\/custom-printed-stand-up-pouches-5.webp 800w, https:\/\/www.topchinapack.com\/wp-content\/uploads\/2025\/09\/custom-printed-stand-up-pouches-5-300x300.webp 300w, https:\/\/www.topchinapack.com\/wp-content\/uploads\/2025\/09\/custom-printed-stand-up-pouches-5-150x150.webp 150w, https:\/\/www.topchinapack.com\/wp-content\/uploads\/2025\/09\/custom-printed-stand-up-pouches-5-768x768.webp 768w, https:\/\/www.topchinapack.com\/wp-content\/uploads\/2025\/09\/custom-printed-stand-up-pouches-5-12x12.webp 12w, https:\/\/www.topchinapack.com\/wp-content\/uploads\/2025\/09\/custom-printed-stand-up-pouches-5-600x600.webp 600w, https:\/\/www.topchinapack.com\/wp-content\/uploads\/2025\/09\/custom-printed-stand-up-pouches-5-100x100.webp 100w\" sizes=\"(max-width: 800px) 100vw, 800px\" \/><\/figure>\n<\/div>\n\n\n\n<div class=\"wp-block-column is-layout-flow wp-block-column-is-layout-flow\">\n<figure class=\"wp-block-image size-full\"><img decoding=\"async\" width=\"800\" height=\"800\" src=\"https:\/\/www.topchinapack.com\/wp-content\/uploads\/2025\/09\/custom-printed-stand-up-pouches-6.webp\" alt=\"pochettes imprim\u00e9es personnalis\u00e9es (6)\" class=\"wp-image-2458\" srcset=\"https:\/\/www.topchinapack.com\/wp-content\/uploads\/2025\/09\/custom-printed-stand-up-pouches-6.webp 800w, https:\/\/www.topchinapack.com\/wp-content\/uploads\/2025\/09\/custom-printed-stand-up-pouches-6-300x300.webp 300w, https:\/\/www.topchinapack.com\/wp-content\/uploads\/2025\/09\/custom-printed-stand-up-pouches-6-150x150.webp 150w, https:\/\/www.topchinapack.com\/wp-content\/uploads\/2025\/09\/custom-printed-stand-up-pouches-6-768x768.webp 768w, https:\/\/www.topchinapack.com\/wp-content\/uploads\/2025\/09\/custom-printed-stand-up-pouches-6-12x12.webp 12w, https:\/\/www.topchinapack.com\/wp-content\/uploads\/2025\/09\/custom-printed-stand-up-pouches-6-600x600.webp 600w, https:\/\/www.topchinapack.com\/wp-content\/uploads\/2025\/09\/custom-printed-stand-up-pouches-6-100x100.webp 100w\" sizes=\"(max-width: 800px) 100vw, 800px\" \/><\/figure>\n<\/div>\n<\/div>","protected":false},"excerpt":{"rendered":"<p>Nous vendons en gros des sachets \u00e0 fond plat imprim\u00e9s, offrant une vari\u00e9t\u00e9 de mat\u00e9riaux, de tailles et de finitions pour mettre parfaitement en valeur votre marque et fournir une excellente protection \u00e0 vos produits. En tant que fabricant d'emballages souples personnalis\u00e9s, nous pouvons fournir des sachets stand-up avec des options telles que des fermetures \u00e0 glissi\u00e8re refermables, des ports d'arrachage et des valves \u00e0 sens unique, ce qui en fait un choix id\u00e9al pour l'emballage de snacks, de caf\u00e9, de th\u00e9, d'aliments pour animaux de compagnie et bien plus encore. Contactez-nous pour obtenir des prix de gros.<\/p>\n<h2>Caract\u00e9ristiques des pochettes imprim\u00e9es sur mesure<\/h2>\n<p><strong>Service personnalis\u00e9 :<\/strong>\u00a0le mat\u00e9riau, la taille, l'impression, le motif et les options suppl\u00e9mentaires<br \/><strong>Proc\u00e9d\u00e9 d'impression :<\/strong>\u00a0impression en h\u00e9liogravure, jusqu'\u00e0 10 couleurs, possibilit\u00e9 d'impression personnalis\u00e9e<br \/><strong>Caract\u00e9ristiques :<\/strong>\u00a0durable, imperm\u00e9able<br \/><strong>D\u00e9lai de livraison :<\/strong>\u00a010-20 jours<br \/><strong>Soutien \u00e0 l'\u00e9chantillonnage gratuit<\/strong><br \/><strong>Certification :<\/strong>\u00a0ISO, FDA, sans BPA, LFGB, norme europ\u00e9enne<\/p>\n<p><strong>Personnalisation professionnelle :<\/strong> En tant que fabricant professionnel de sachets pour stands, nous offrons une vari\u00e9t\u00e9 d'options fonctionnelles, y compris des fermetures \u00e0 glissi\u00e8re refermables, des encoches de d\u00e9chirement, des valves, et plus encore, pour r\u00e9pondre \u00e0 vos besoins en mati\u00e8re d'image de marque.<\/p>\n<p><strong>\u00c9l\u00e9ments visuels distinctifs :<\/strong> Nous offrons une vari\u00e9t\u00e9 de finitions, y compris mate, brillante, m\u00e9tallique, des fen\u00eatres transparentes et des formes personnalis\u00e9es, pour maximiser l'attrait des rayons et aider vos produits \u00e0 se d\u00e9marquer.<\/p>\n<p><strong>Commodit\u00e9 :<\/strong> L\u00e9ger, plus de 80% plus l\u00e9ger que les bouteilles en verre et les bo\u00eetes de conserve en fer, facile \u00e0 transporter ; conception personnalisable facile \u00e0 d\u00e9chirer, r\u00e9utilisable (sac \u00e0 fermeture \u00e9clair) et directement chauffable (sac de cuisson chauffable au micro-ondes) pour r\u00e9pondre \u00e0 la demande de \"commodit\u00e9\" du consommateur moderne.<\/p>\n<p><strong>Transmission d'informations claires :<\/strong> Nos sachets \u00e0 fond plat ont une excellente capacit\u00e9 d'impression pour leurs mat\u00e9riaux d'emballage ext\u00e9rieurs, ce qui permet d'imprimer clairement des informations telles que les noms des aliments, les listes d'ingr\u00e9dients, la dur\u00e9e de conservation, le contenu nutritionnel, etc. En outre, l'encre adh\u00e8re fortement et n'est pas facile \u00e0 d\u00e9coller.<\/p>\n<p><strong>Excellent affichage :<\/strong> Gr\u00e2ce \u00e0 des structures transparentes telles que le PET\/PE, la couleur et la forme des produits alimentaires (tels que la viande fra\u00eeche et les fruits secs) peuvent \u00eatre clairement affich\u00e9es, ce qui renforce la volont\u00e9 d'achat des consommateurs ; la conception autoportante du sac lui permet de se tenir debout sur l'\u00e9tag\u00e8re, ce qui renforce l'impact visuel.<\/p>","protected":false},"featured_media":2453,"comment_status":"closed","ping_status":"closed","template":"","meta":{"_acf_changed":true},"product_brand":[],"product_cat":[20,55],"product_tag":[59],"class_list":{"0":"post-2395","1":"product","2":"type-product","3":"status-publish","4":"has-post-thumbnail","6":"product_cat-custom-stand-up-pouch","7":"product_cat-custom-coffee-stand-up-pouches","8":"product_tag-custom-coffee-packaging-bags","10":"first","11":"instock","12":"shipping-taxable","13":"product-type-simple"},"acf":[],"_links":{"self":[{"href":"https:\/\/www.topchinapack.com\/fr\/wp-json\/wp\/v2\/product\/2395","targetHints":{"allow":["GET"]}}],"collection":[{"href":"https:\/\/www.topchinapack.com\/fr\/wp-json\/wp\/v2\/product"}],"about":[{"href":"https:\/\/www.topchinapack.com\/fr\/wp-json\/wp\/v2\/types\/product"}],"replies":[{"embeddable":true,"href":"https:\/\/www.topchinapack.com\/fr\/wp-json\/wp\/v2\/comments?post=2395"}],"wp:featuredmedia":[{"embeddable":true,"href":"https:\/\/www.topchinapack.com\/fr\/wp-json\/wp\/v2\/media\/2453"}],"wp:attachment":[{"href":"https:\/\/www.topchinapack.com\/fr\/wp-json\/wp\/v2\/media?parent=2395"}],"wp:term":[{"taxonomy":"product_brand","embeddable":true,"href":"https:\/\/www.topchinapack.com\/fr\/wp-json\/wp\/v2\/product_brand?post=2395"},{"taxonomy":"product_cat","embeddable":true,"href":"https:\/\/www.topchinapack.com\/fr\/wp-json\/wp\/v2\/product_cat?post=2395"},{"taxonomy":"product_tag","embeddable":true,"href":"https:\/\/www.topchinapack.com\/fr\/wp-json\/wp\/v2\/product_tag?post=2395"}],"curies":[{"name":"wp","href":"https:\/\/api.w.org\/{rel}","templated":true}]}}