{"id":2396,"date":"2025-09-26T09:54:07","date_gmt":"2025-09-26T09:54:07","guid":{"rendered":"https:\/\/www.topchinapack.com\/?post_type=product&#038;p=2396"},"modified":"2025-12-19T07:54:28","modified_gmt":"2025-12-19T07:54:28","slug":"custom-coffee-bags-wholesale","status":"publish","type":"product","link":"https:\/\/www.topchinapack.com\/fr\/produit\/custom-coffee-bags-wholesale\/","title":{"rendered":"Sacs \u00e0 caf\u00e9 personnalis\u00e9s en gros - Fournisseur de sacs \u00e0 caf\u00e9 \u00e0 emballage flexible"},"content":{"rendered":"<div class=\"wp-block-columns is-layout-flex wp-container-core-columns-is-layout-9d6595d7 wp-block-columns-is-layout-flex\">\n<div class=\"wp-block-column is-layout-flow wp-block-column-is-layout-flow\"><\/div>\n\n\n\n<div class=\"wp-block-column is-layout-flow wp-block-column-is-layout-flow\"><\/div>\n<\/div>\n\n\n\n<div class=\"wp-block-columns is-layout-flex wp-container-core-columns-is-layout-9d6595d7 wp-block-columns-is-layout-flex\">\n<div class=\"wp-block-column is-layout-flow wp-block-column-is-layout-flow\">\n<figure class=\"wp-block-image size-full\"><img decoding=\"async\" width=\"800\" height=\"800\" src=\"https:\/\/www.topchinapack.com\/wp-content\/uploads\/2025\/09\/custom-coffee-bags-wholesale-5.webp\" alt=\"Sacs \u00e0 caf\u00e9 personnalis\u00e9s en gros (5)\" class=\"wp-image-2464\" srcset=\"https:\/\/www.topchinapack.com\/wp-content\/uploads\/2025\/09\/custom-coffee-bags-wholesale-5.webp 800w, https:\/\/www.topchinapack.com\/wp-content\/uploads\/2025\/09\/custom-coffee-bags-wholesale-5-300x300.webp 300w, https:\/\/www.topchinapack.com\/wp-content\/uploads\/2025\/09\/custom-coffee-bags-wholesale-5-150x150.webp 150w, https:\/\/www.topchinapack.com\/wp-content\/uploads\/2025\/09\/custom-coffee-bags-wholesale-5-768x768.webp 768w, https:\/\/www.topchinapack.com\/wp-content\/uploads\/2025\/09\/custom-coffee-bags-wholesale-5-12x12.webp 12w, https:\/\/www.topchinapack.com\/wp-content\/uploads\/2025\/09\/custom-coffee-bags-wholesale-5-600x600.webp 600w, https:\/\/www.topchinapack.com\/wp-content\/uploads\/2025\/09\/custom-coffee-bags-wholesale-5-100x100.webp 100w\" sizes=\"(max-width: 800px) 100vw, 800px\" \/><\/figure>\n<\/div>\n\n\n\n<div class=\"wp-block-column is-layout-flow wp-block-column-is-layout-flow\">\n<figure class=\"wp-block-image size-full\"><img decoding=\"async\" width=\"800\" height=\"800\" src=\"https:\/\/www.topchinapack.com\/wp-content\/uploads\/2025\/09\/custom-coffee-bags-wholesale-6.webp\" alt=\"Sacs \u00e0 caf\u00e9 personnalis\u00e9s en gros (6)\" class=\"wp-image-2465\" srcset=\"https:\/\/www.topchinapack.com\/wp-content\/uploads\/2025\/09\/custom-coffee-bags-wholesale-6.webp 800w, https:\/\/www.topchinapack.com\/wp-content\/uploads\/2025\/09\/custom-coffee-bags-wholesale-6-300x300.webp 300w, https:\/\/www.topchinapack.com\/wp-content\/uploads\/2025\/09\/custom-coffee-bags-wholesale-6-150x150.webp 150w, https:\/\/www.topchinapack.com\/wp-content\/uploads\/2025\/09\/custom-coffee-bags-wholesale-6-768x768.webp 768w, https:\/\/www.topchinapack.com\/wp-content\/uploads\/2025\/09\/custom-coffee-bags-wholesale-6-12x12.webp 12w, https:\/\/www.topchinapack.com\/wp-content\/uploads\/2025\/09\/custom-coffee-bags-wholesale-6-600x600.webp 600w, https:\/\/www.topchinapack.com\/wp-content\/uploads\/2025\/09\/custom-coffee-bags-wholesale-6-100x100.webp 100w\" sizes=\"(max-width: 800px) 100vw, 800px\" \/><\/figure>\n<\/div>\n<\/div>","protected":false},"excerpt":{"rendered":"<p>En tant que l'un des principaux fabricants chinois d'emballages souples, nous proposons des solutions professionnelles de sacs \u00e0 caf\u00e9 personnalis\u00e9s. Nos sacs \u00e0 caf\u00e9 personnalis\u00e9s utilisent un mat\u00e9riau \u00e0 haute barri\u00e8re pour prot\u00e9ger les grains de caf\u00e9 de l'oxyg\u00e8ne, de la lumi\u00e8re et de l'humidit\u00e9. Ils sont \u00e9galement dot\u00e9s d'une fermeture \u00e0 glissi\u00e8re refermable et d'une valve de d\u00e9gazage. Contactez-nous pour un devis en gros.<\/p>\n<h2>Caract\u00e9ristiques des sacs \u00e0 caf\u00e9 personnalis\u00e9s en gros<\/h2>\n<p><strong>Service personnalis\u00e9 :<\/strong>\u00a0le mat\u00e9riau, la taille, l'impression, le motif et les options suppl\u00e9mentaires<br \/><strong>Proc\u00e9d\u00e9 d'impression :<\/strong>\u00a0impression en h\u00e9liogravure, jusqu'\u00e0 10 couleurs, possibilit\u00e9 d'impression personnalis\u00e9e<br \/><strong>Caract\u00e9ristiques :<\/strong>\u00a0durable, imperm\u00e9able<br \/><strong>D\u00e9lai de livraison :<\/strong>\u00a010-20 jours<br \/><strong>Soutien \u00e0 l'\u00e9chantillonnage gratuit<\/strong><br \/><strong>Certification :<\/strong>\u00a0ISO, FDA, sans BPA, LFGB, norme europ\u00e9enne<\/p>\n<p><strong>Utilisation efficace de l'espace<\/strong>: \u00c0 capacit\u00e9 \u00e9gale, les sacs \u00e0 caf\u00e9 (sacs \u00e0 caf\u00e9 en accord\u00e9on) peuvent r\u00e9duire leur volume lorsqu'ils sont pli\u00e9s, ce qui facilite le stockage et le transport. Une fois d\u00e9pli\u00e9s, ils peuvent contenir des grains de caf\u00e9 de diff\u00e9rents poids, r\u00e9pondant ainsi aux besoins d'emballage des m\u00e9nages et des entreprises.<\/p>\n<p><strong>Excellente performance d'\u00e9tanch\u00e9it\u00e9<\/strong>: Les sacs \u00e0 caf\u00e9 en accord\u00e9on adoptent g\u00e9n\u00e9ralement un processus de thermoscellage, et certains sont \u00e9galement \u00e9quip\u00e9s de valves \u00e0 sens unique ou de fermetures \u00e0 glissi\u00e8re. Cette conception permet d'emp\u00eacher efficacement l'oxyg\u00e8ne et l'humidit\u00e9 de p\u00e9n\u00e9trer, tout en permettant au dioxyde de carbone g\u00e9n\u00e9r\u00e9 par les grains de caf\u00e9 torr\u00e9fi\u00e9s de s'\u00e9chapper, prolongeant ainsi la p\u00e9riode de fra\u00eecheur des grains de caf\u00e9.<\/p>\n<p><strong>Mat\u00e9riau s\u00fbr<\/strong>: Ils sont g\u00e9n\u00e9ralement fabriqu\u00e9s \u00e0 partir de mat\u00e9riaux plastiques de qualit\u00e9 alimentaire, tels que le PET, le PA, le PE, etc. Ces mat\u00e9riaux sont non toxiques et inoffensifs, conformes aux normes de s\u00e9curit\u00e9 alimentaire en vigueur, et peuvent \u00eatre utilis\u00e9s en toute s\u00e9curit\u00e9 pour l'emballage du caf\u00e9.<\/p>\n<p><strong>\u00a0Fonctionnalit\u00e9 forte<\/strong>: Ils poss\u00e8dent des fonctions telles que la r\u00e9sistance \u00e0 l'humidit\u00e9, la r\u00e9sistance \u00e0 l'eau, la r\u00e9sistance \u00e0 la moisissure et la pr\u00e9servation de l'ar\u00f4me. Ces fonctions permettent de prot\u00e9ger la qualit\u00e9 des grains de caf\u00e9 et d'\u00e9viter qu'ils ne soient affect\u00e9s par l'environnement ext\u00e9rieur pendant le stockage.<\/p>","protected":false},"featured_media":2460,"comment_status":"closed","ping_status":"closed","template":"","meta":{"_acf_changed":true},"product_brand":[],"product_cat":[49,19],"product_tag":[59],"class_list":{"0":"post-2396","1":"product","2":"type-product","3":"status-publish","4":"has-post-thumbnail","6":"product_cat-custom-coffee-flat-bottom-pouches","7":"product_cat-custom-flat-bottom-pouch","8":"product_tag-custom-coffee-packaging-bags","10":"first","11":"instock","12":"shipping-taxable","13":"product-type-simple"},"acf":[],"_links":{"self":[{"href":"https:\/\/www.topchinapack.com\/fr\/wp-json\/wp\/v2\/product\/2396","targetHints":{"allow":["GET"]}}],"collection":[{"href":"https:\/\/www.topchinapack.com\/fr\/wp-json\/wp\/v2\/product"}],"about":[{"href":"https:\/\/www.topchinapack.com\/fr\/wp-json\/wp\/v2\/types\/product"}],"replies":[{"embeddable":true,"href":"https:\/\/www.topchinapack.com\/fr\/wp-json\/wp\/v2\/comments?post=2396"}],"wp:featuredmedia":[{"embeddable":true,"href":"https:\/\/www.topchinapack.com\/fr\/wp-json\/wp\/v2\/media\/2460"}],"wp:attachment":[{"href":"https:\/\/www.topchinapack.com\/fr\/wp-json\/wp\/v2\/media?parent=2396"}],"wp:term":[{"taxonomy":"product_brand","embeddable":true,"href":"https:\/\/www.topchinapack.com\/fr\/wp-json\/wp\/v2\/product_brand?post=2396"},{"taxonomy":"product_cat","embeddable":true,"href":"https:\/\/www.topchinapack.com\/fr\/wp-json\/wp\/v2\/product_cat?post=2396"},{"taxonomy":"product_tag","embeddable":true,"href":"https:\/\/www.topchinapack.com\/fr\/wp-json\/wp\/v2\/product_tag?post=2396"}],"curies":[{"name":"wp","href":"https:\/\/api.w.org\/{rel}","templated":true}]}}