{"id":2402,"date":"2025-02-24T09:56:52","date_gmt":"2025-02-24T09:56:52","guid":{"rendered":"https:\/\/www.topchinapack.com\/?post_type=product&#038;p=2402"},"modified":"2025-12-05T09:19:15","modified_gmt":"2025-12-05T09:19:15","slug":"custom-drink-spout-pouches-wholesale","status":"publish","type":"product","link":"https:\/\/www.topchinapack.com\/fr\/produit\/custom-drink-spout-pouches-wholesale\/","title":{"rendered":"Pochettes \u00e0 bec personnalis\u00e9es pour jus de fruits, boissons et l\u00e9gumes en gros"},"content":{"rendered":"<div class=\"wp-block-columns is-layout-flex wp-container-core-columns-is-layout-9d6595d7 wp-block-columns-is-layout-flex\">\n<div class=\"wp-block-column is-layout-flow wp-block-column-is-layout-flow\">\n<figure class=\"wp-block-image size-full\"><img decoding=\"async\" width=\"2048\" height=\"2048\" src=\"https:\/\/www.topchinapack.com\/wp-content\/uploads\/2025\/09\/custom-spout-pouch-3.webp\" alt=\"pochette \u00e0 bec personnalis\u00e9e (3)\" class=\"wp-image-3075\" srcset=\"https:\/\/www.topchinapack.com\/wp-content\/uploads\/2025\/09\/custom-spout-pouch-3.webp 2048w, https:\/\/www.topchinapack.com\/wp-content\/uploads\/2025\/09\/custom-spout-pouch-3-300x300.webp 300w, https:\/\/www.topchinapack.com\/wp-content\/uploads\/2025\/09\/custom-spout-pouch-3-150x150.webp 150w, https:\/\/www.topchinapack.com\/wp-content\/uploads\/2025\/09\/custom-spout-pouch-3-768x768.webp 768w, https:\/\/www.topchinapack.com\/wp-content\/uploads\/2025\/09\/custom-spout-pouch-3-12x12.webp 12w, https:\/\/www.topchinapack.com\/wp-content\/uploads\/2025\/09\/custom-spout-pouch-3-1200x1200.webp 1200w, https:\/\/www.topchinapack.com\/wp-content\/uploads\/2025\/09\/custom-spout-pouch-3-600x600.webp 600w, https:\/\/www.topchinapack.com\/wp-content\/uploads\/2025\/09\/custom-spout-pouch-3-100x100.webp 100w\" sizes=\"(max-width: 2048px) 100vw, 2048px\" \/><\/figure>\n<\/div>\n\n\n\n<div class=\"wp-block-column is-layout-flow wp-block-column-is-layout-flow\">\n<figure class=\"wp-block-image size-full\"><img decoding=\"async\" width=\"2048\" height=\"2048\" src=\"https:\/\/www.topchinapack.com\/wp-content\/uploads\/2025\/09\/custom-spout-pouch-4.webp\" alt=\"pochette \u00e0 bec personnalis\u00e9e (4)\" class=\"wp-image-3076\" srcset=\"https:\/\/www.topchinapack.com\/wp-content\/uploads\/2025\/09\/custom-spout-pouch-4.webp 2048w, https:\/\/www.topchinapack.com\/wp-content\/uploads\/2025\/09\/custom-spout-pouch-4-300x300.webp 300w, https:\/\/www.topchinapack.com\/wp-content\/uploads\/2025\/09\/custom-spout-pouch-4-150x150.webp 150w, https:\/\/www.topchinapack.com\/wp-content\/uploads\/2025\/09\/custom-spout-pouch-4-768x768.webp 768w, https:\/\/www.topchinapack.com\/wp-content\/uploads\/2025\/09\/custom-spout-pouch-4-12x12.webp 12w, https:\/\/www.topchinapack.com\/wp-content\/uploads\/2025\/09\/custom-spout-pouch-4-1200x1200.webp 1200w, https:\/\/www.topchinapack.com\/wp-content\/uploads\/2025\/09\/custom-spout-pouch-4-600x600.webp 600w, https:\/\/www.topchinapack.com\/wp-content\/uploads\/2025\/09\/custom-spout-pouch-4-100x100.webp 100w\" sizes=\"(max-width: 2048px) 100vw, 2048px\" \/><\/figure>\n<\/div>\n<\/div>","protected":false},"excerpt":{"rendered":"<p>Nos sachets \u00e0 bec personnalis\u00e9s en gros sont parfaits pour les jus, les boissons et les boissons v\u00e9g\u00e9tales. Con\u00e7us pour la s\u00e9curit\u00e9, la durabilit\u00e9 et la commodit\u00e9, ces sachets supportent un marquage vibrant et une impression de haute qualit\u00e9. Disponibles en diff\u00e9rentes tailles, formes et designs, ils sont id\u00e9aux pour un usage commercial, la vente au d\u00e9tail ou l'emballage promotionnel.<\/p>\n<h2>Caract\u00e9ristiques de la pochette \u00e0 bec personnalis\u00e9e<\/h2>\n<p><strong>Service personnalis\u00e9 :<\/strong>\u00a0le mat\u00e9riau, la taille, l'impression, le motif et les options suppl\u00e9mentaires<br \/><strong>Proc\u00e9d\u00e9 d'impression :<\/strong>\u00a0impression en h\u00e9liogravure, jusqu'\u00e0 10 couleurs, possibilit\u00e9 d'impression personnalis\u00e9e<br \/><strong>Caract\u00e9ristiques :<\/strong>\u00a0durable, imperm\u00e9able<br \/><strong>D\u00e9lai de livraison :<\/strong>\u00a010-20 jours<br \/><strong>Soutien \u00e0 l'\u00e9chantillonnage gratuit<\/strong><br \/><strong>Certification :<\/strong>\u00a0ISO, FDA, sans BPA, LFGB, norme europ\u00e9enne<\/p>\n<p><strong>Impression de haute qualit\u00e9<\/strong>: L'impression de haute pr\u00e9cision avec des encres \u00e9cologiques permet de pr\u00e9senter des couleurs riches et des motifs exquis, d'afficher clairement les informations sur les produits et l'image de marque, et d'inciter les consommateurs \u00e0 acheter.<\/p>\n<ul>\n<li>\n<p><strong>Portable et facile \u00e0 transporter<\/strong>: Par rapport aux boissons en bouteille ou en bo\u00eete, les sacs d'emballage pour les boissons sont plus l\u00e9gers et plus petits.<\/p>\n<\/li>\n<li>\n<p><strong>Impression de haute qualit\u00e9<\/strong>: Il peut \u00eatre imprim\u00e9 avec une encre \u00e9cologique de haute pr\u00e9cision, pr\u00e9sentant des couleurs riches et des motifs exquis, affichant clairement les informations sur le produit et l'image de marque, attirant ainsi les consommateurs \u00e0 l'achat.<\/p>\n<\/li>\n<li>\n<p><strong>Divers mat\u00e9riaux offrant d'excellentes performances<\/strong>: Les mat\u00e9riaux couramment utilis\u00e9s sont le poly\u00e9thyl\u00e8ne (PE), le nylon (PA) et le poly\u00e9thyl\u00e8ne t\u00e9r\u00e9phtalate (PET), qui poss\u00e8dent une bonne flexibilit\u00e9, une bonne r\u00e9sistance \u00e0 l'usure, des propri\u00e9t\u00e9s d'isolation, une bonne r\u00e9sistance \u00e0 la chaleur, etc.<\/p>\n<\/li>\n<li>\n<p><strong>Co\u00fbt inf\u00e9rieur<\/strong>: Par rapport \u00e0 certains contenants d'emballage rigides, le co\u00fbt de production des sacs d'emballage de boissons est inf\u00e9rieur, ce qui offre une grande rentabilit\u00e9 et contribue \u00e0 r\u00e9duire le co\u00fbt global du produit.<\/p>\n<\/li>\n<li>\n<p><strong>Mesurer avec pr\u00e9cision<\/strong>: Les emballages de petite taille permettent un contr\u00f4le pr\u00e9cis de la quantit\u00e9 consomm\u00e9e, \u00e9vitant ainsi que la boisson ne se d\u00e9t\u00e9riore en raison d'un stockage \u00e0 long terme dans de grands r\u00e9cipients. Il facilite \u00e9galement la gestion par les parents de la quantit\u00e9 de boisson consomm\u00e9e par l'enfant.<\/p>\n<\/li>\n<\/ul>","protected":false},"featured_media":3073,"comment_status":"closed","ping_status":"closed","template":"","meta":{"_acf_changed":false},"product_brand":[],"product_cat":[22],"product_tag":[],"class_list":{"0":"post-2402","1":"product","2":"type-product","3":"status-publish","4":"has-post-thumbnail","6":"product_cat-custom-spout-pouches","8":"first","9":"instock","10":"shipping-taxable","11":"product-type-simple"},"acf":[],"_links":{"self":[{"href":"https:\/\/www.topchinapack.com\/fr\/wp-json\/wp\/v2\/product\/2402","targetHints":{"allow":["GET"]}}],"collection":[{"href":"https:\/\/www.topchinapack.com\/fr\/wp-json\/wp\/v2\/product"}],"about":[{"href":"https:\/\/www.topchinapack.com\/fr\/wp-json\/wp\/v2\/types\/product"}],"replies":[{"embeddable":true,"href":"https:\/\/www.topchinapack.com\/fr\/wp-json\/wp\/v2\/comments?post=2402"}],"wp:featuredmedia":[{"embeddable":true,"href":"https:\/\/www.topchinapack.com\/fr\/wp-json\/wp\/v2\/media\/3073"}],"wp:attachment":[{"href":"https:\/\/www.topchinapack.com\/fr\/wp-json\/wp\/v2\/media?parent=2402"}],"wp:term":[{"taxonomy":"product_brand","embeddable":true,"href":"https:\/\/www.topchinapack.com\/fr\/wp-json\/wp\/v2\/product_brand?post=2402"},{"taxonomy":"product_cat","embeddable":true,"href":"https:\/\/www.topchinapack.com\/fr\/wp-json\/wp\/v2\/product_cat?post=2402"},{"taxonomy":"product_tag","embeddable":true,"href":"https:\/\/www.topchinapack.com\/fr\/wp-json\/wp\/v2\/product_tag?post=2402"}],"curies":[{"name":"wp","href":"https:\/\/api.w.org\/{rel}","templated":true}]}}