{"id":2583,"date":"2025-10-22T03:23:51","date_gmt":"2025-10-22T03:23:51","guid":{"rendered":"https:\/\/www.topchinapack.com\/?post_type=product&#038;p=2583"},"modified":"2025-10-22T03:23:54","modified_gmt":"2025-10-22T03:23:54","slug":"wholesale-fully-customizable-beverage-injection-bags","status":"publish","type":"product","link":"https:\/\/www.topchinapack.com\/fr\/produit\/wholesale-fully-customizable-beverage-injection-bags\/","title":{"rendered":"Sacs d'injection de boissons personnalis\u00e9s en gros, offrant une large gamme d'options et permettant des conceptions cr\u00e9atives"},"content":{"rendered":"<div class=\"wp-block-columns is-layout-flex wp-container-core-columns-is-layout-9d6595d7 wp-block-columns-is-layout-flex\">\n<div class=\"wp-block-column is-layout-flow wp-block-column-is-layout-flow\">\n<figure class=\"wp-block-image size-full\"><img decoding=\"async\" width=\"800\" height=\"800\" src=\"https:\/\/www.topchinapack.com\/wp-content\/uploads\/2025\/10\/custom-beverage-injection-bags-5-1.webp\" alt=\"sacs d&#039;injection de boissons personnalis\u00e9s (5)\" class=\"wp-image-2680\" srcset=\"https:\/\/www.topchinapack.com\/wp-content\/uploads\/2025\/10\/custom-beverage-injection-bags-5-1.webp 800w, https:\/\/www.topchinapack.com\/wp-content\/uploads\/2025\/10\/custom-beverage-injection-bags-5-1-300x300.webp 300w, https:\/\/www.topchinapack.com\/wp-content\/uploads\/2025\/10\/custom-beverage-injection-bags-5-1-150x150.webp 150w, https:\/\/www.topchinapack.com\/wp-content\/uploads\/2025\/10\/custom-beverage-injection-bags-5-1-768x768.webp 768w, https:\/\/www.topchinapack.com\/wp-content\/uploads\/2025\/10\/custom-beverage-injection-bags-5-1-12x12.webp 12w, https:\/\/www.topchinapack.com\/wp-content\/uploads\/2025\/10\/custom-beverage-injection-bags-5-1-600x600.webp 600w, https:\/\/www.topchinapack.com\/wp-content\/uploads\/2025\/10\/custom-beverage-injection-bags-5-1-100x100.webp 100w\" sizes=\"(max-width: 800px) 100vw, 800px\" \/><\/figure>\n<\/div>\n\n\n\n<div class=\"wp-block-column is-layout-flow wp-block-column-is-layout-flow\">\n<figure class=\"wp-block-image size-full\"><img decoding=\"async\" width=\"800\" height=\"800\" src=\"https:\/\/www.topchinapack.com\/wp-content\/uploads\/2025\/10\/custom-beverage-injection-bags-6-1.webp\" alt=\"sacs d&#039;injection de boissons personnalis\u00e9s (6)\" class=\"wp-image-2681\" srcset=\"https:\/\/www.topchinapack.com\/wp-content\/uploads\/2025\/10\/custom-beverage-injection-bags-6-1.webp 800w, https:\/\/www.topchinapack.com\/wp-content\/uploads\/2025\/10\/custom-beverage-injection-bags-6-1-300x300.webp 300w, https:\/\/www.topchinapack.com\/wp-content\/uploads\/2025\/10\/custom-beverage-injection-bags-6-1-150x150.webp 150w, https:\/\/www.topchinapack.com\/wp-content\/uploads\/2025\/10\/custom-beverage-injection-bags-6-1-768x768.webp 768w, https:\/\/www.topchinapack.com\/wp-content\/uploads\/2025\/10\/custom-beverage-injection-bags-6-1-12x12.webp 12w, https:\/\/www.topchinapack.com\/wp-content\/uploads\/2025\/10\/custom-beverage-injection-bags-6-1-600x600.webp 600w, https:\/\/www.topchinapack.com\/wp-content\/uploads\/2025\/10\/custom-beverage-injection-bags-6-1-100x100.webp 100w\" sizes=\"(max-width: 800px) 100vw, 800px\" \/><\/figure>\n<\/div>\n<\/div>","protected":false},"excerpt":{"rendered":"<p>Nos sacs moul\u00e9s par injection pour boissons cr\u00e9ent des emballages uniques et m\u00e9morables pour vos boissons. Nous offrons une large gamme d'options personnalis\u00e9es, y compris une vari\u00e9t\u00e9 de formes, de tailles et de designs, le tout \u00e0 des prix comp\u00e9titifs, ce qui les rend parfaits pour les usines de boissons. Contactez-nous pour un devis en gros.<\/p>\n<h2>Caract\u00e9ristiques des poches d'injection de boissons<\/h2>\n<p><strong>Service personnalis\u00e9 :<\/strong>\u00a0le mat\u00e9riau, la taille, l'impression, le motif et les options suppl\u00e9mentaires<br \/><strong>Proc\u00e9d\u00e9 d'impression :<\/strong>\u00a0impression en h\u00e9liogravure, jusqu'\u00e0 10 couleurs, possibilit\u00e9 d'impression personnalis\u00e9e<br \/><strong>Caract\u00e9ristiques :<\/strong>\u00a0durable, imperm\u00e9able<br \/><strong>D\u00e9lai de livraison :<\/strong>\u00a010-20 jours<br \/><strong>Soutien \u00e0 l'\u00e9chantillonnage gratuit<\/strong><br \/><strong>Certification :<\/strong>\u00a0ISO, FDA, sans BPA, LFGB, norme europ\u00e9enne<\/p>\n<p><strong>Am\u00e9lioration de la s\u00e9curit\u00e9 :<\/strong> Nos sacs d'injection de boissons sont fabriqu\u00e9s \u00e0 partir de mat\u00e9riaux de qualit\u00e9 alimentaire et sont \u00e9tanches, ce qui minimise le risque de d\u00e9versement. Ils sont \u00e9galement d\u00e9pourvus d'ar\u00eates vives, ce qui r\u00e9duit les risques de blessures pour les enfants en cas de collision accidentelle.<\/p>\n<p><strong>Apparence personnalisable :<\/strong> Les sacs d'injection de boissons peuvent \u00eatre personnalis\u00e9s avec des dessins anim\u00e9s vibrants pour r\u00e9pondre aux go\u00fbts des enfants et susciter leur int\u00e9r\u00eat. Certains produits pr\u00e9sentent \u00e9galement des motifs amusants pour am\u00e9liorer l'exp\u00e9rience de l'utilisateur.<\/p>\n<p><strong>Haute qualit\u00e9 d'impression :<\/strong> L'impression de haute pr\u00e9cision \u00e0 l'aide d'encres respectueuses de l'environnement cr\u00e9e des couleurs riches et de beaux motifs, pr\u00e9sentant clairement les informations sur les produits et l'imagerie de la marque, attirant ainsi les consommateurs.<\/p>\n<p><strong>Contr\u00f4le des co\u00fbts :<\/strong> Les poches d'injection de boissons permettent de r\u00e9duire les co\u00fbts de production et d'exp\u00e9dition. De la production \u00e0 l'entreposage et \u00e0 la logistique, les avantages en termes de co\u00fbts des poches d'injection de boissons sont plus prononc\u00e9s.<\/p>\n<p><strong>Sp\u00e9cifications flexibles :<\/strong> La capacit\u00e9 peut \u00eatre ajust\u00e9e pour r\u00e9pondre aux besoins du produit. La conception compacte r\u00e9pond aux besoins des consommateurs en mati\u00e8re de petites boissons fr\u00e9quentes et \u00e0 leur d\u00e9sir d'essayer diff\u00e9rents ar\u00f4mes.<\/p>\n<p><strong>Personnalisation pouss\u00e9e :<\/strong> En tant que fabricant professionnel d'emballages flexibles, nous offrons des options de personnalisation compl\u00e8tes, y compris la taille, le design, la couleur et le mat\u00e9riau, afin de garantir qu'ils r\u00e9pondent aux besoins de votre produit.<\/p>","protected":false},"featured_media":2676,"comment_status":"closed","ping_status":"closed","template":"","meta":{"_acf_changed":false},"product_brand":[],"product_cat":[18],"product_tag":[],"class_list":{"0":"post-2583","1":"product","2":"type-product","3":"status-publish","4":"has-post-thumbnail","6":"product_cat-custom-beverage-injection-bag","8":"first","9":"instock","10":"shipping-taxable","11":"product-type-simple"},"acf":[],"_links":{"self":[{"href":"https:\/\/www.topchinapack.com\/fr\/wp-json\/wp\/v2\/product\/2583","targetHints":{"allow":["GET"]}}],"collection":[{"href":"https:\/\/www.topchinapack.com\/fr\/wp-json\/wp\/v2\/product"}],"about":[{"href":"https:\/\/www.topchinapack.com\/fr\/wp-json\/wp\/v2\/types\/product"}],"replies":[{"embeddable":true,"href":"https:\/\/www.topchinapack.com\/fr\/wp-json\/wp\/v2\/comments?post=2583"}],"wp:featuredmedia":[{"embeddable":true,"href":"https:\/\/www.topchinapack.com\/fr\/wp-json\/wp\/v2\/media\/2676"}],"wp:attachment":[{"href":"https:\/\/www.topchinapack.com\/fr\/wp-json\/wp\/v2\/media?parent=2583"}],"wp:term":[{"taxonomy":"product_brand","embeddable":true,"href":"https:\/\/www.topchinapack.com\/fr\/wp-json\/wp\/v2\/product_brand?post=2583"},{"taxonomy":"product_cat","embeddable":true,"href":"https:\/\/www.topchinapack.com\/fr\/wp-json\/wp\/v2\/product_cat?post=2583"},{"taxonomy":"product_tag","embeddable":true,"href":"https:\/\/www.topchinapack.com\/fr\/wp-json\/wp\/v2\/product_tag?post=2583"}],"curies":[{"name":"wp","href":"https:\/\/api.w.org\/{rel}","templated":true}]}}