{"id":2797,"date":"2025-11-13T08:45:25","date_gmt":"2025-11-13T08:45:25","guid":{"rendered":"https:\/\/www.topchinapack.com\/?post_type=product&#038;p=2797"},"modified":"2025-11-17T08:00:12","modified_gmt":"2025-11-17T08:00:12","slug":"custom-fruit-juice-and-vegetable-juice-spout-pouch-packaging","status":"publish","type":"product","link":"https:\/\/www.topchinapack.com\/fr\/produit\/custom-fruit-juice-and-vegetable-juice-spout-pouch-packaging\/","title":{"rendered":"Emballage en gros de jus de fruits et de jus de l\u00e9gumes sur mesure - Impression h\u00e9lio en dix couleurs"},"content":{"rendered":"<div class=\"wp-block-columns is-layout-flex wp-container-core-columns-is-layout-9d6595d7 wp-block-columns-is-layout-flex\">\n<div class=\"wp-block-column is-layout-flow wp-block-column-is-layout-flow\">\n<figure class=\"wp-block-image size-full\"><img decoding=\"async\" width=\"800\" height=\"800\" src=\"https:\/\/www.topchinapack.com\/wp-content\/uploads\/2025\/11\/custom-beverage-spout-pouch-3.webp\" alt=\"pochette \u00e0 bec personnalis\u00e9e pour boissons (3)\" class=\"wp-image-2880\" srcset=\"https:\/\/www.topchinapack.com\/wp-content\/uploads\/2025\/11\/custom-beverage-spout-pouch-3.webp 800w, https:\/\/www.topchinapack.com\/wp-content\/uploads\/2025\/11\/custom-beverage-spout-pouch-3-300x300.webp 300w, https:\/\/www.topchinapack.com\/wp-content\/uploads\/2025\/11\/custom-beverage-spout-pouch-3-150x150.webp 150w, https:\/\/www.topchinapack.com\/wp-content\/uploads\/2025\/11\/custom-beverage-spout-pouch-3-768x768.webp 768w, https:\/\/www.topchinapack.com\/wp-content\/uploads\/2025\/11\/custom-beverage-spout-pouch-3-12x12.webp 12w, https:\/\/www.topchinapack.com\/wp-content\/uploads\/2025\/11\/custom-beverage-spout-pouch-3-600x600.webp 600w, https:\/\/www.topchinapack.com\/wp-content\/uploads\/2025\/11\/custom-beverage-spout-pouch-3-100x100.webp 100w\" sizes=\"(max-width: 800px) 100vw, 800px\" \/><\/figure>\n<\/div>\n\n\n\n<div class=\"wp-block-column is-layout-flow wp-block-column-is-layout-flow\">\n<figure class=\"wp-block-image size-full\"><img decoding=\"async\" width=\"800\" height=\"800\" src=\"https:\/\/www.topchinapack.com\/wp-content\/uploads\/2025\/11\/custom-beverage-spout-pouch-4.webp\" alt=\"pochette \u00e0 bec personnalis\u00e9e pour boissons (4)\" class=\"wp-image-2881\" srcset=\"https:\/\/www.topchinapack.com\/wp-content\/uploads\/2025\/11\/custom-beverage-spout-pouch-4.webp 800w, https:\/\/www.topchinapack.com\/wp-content\/uploads\/2025\/11\/custom-beverage-spout-pouch-4-300x300.webp 300w, https:\/\/www.topchinapack.com\/wp-content\/uploads\/2025\/11\/custom-beverage-spout-pouch-4-150x150.webp 150w, https:\/\/www.topchinapack.com\/wp-content\/uploads\/2025\/11\/custom-beverage-spout-pouch-4-768x768.webp 768w, https:\/\/www.topchinapack.com\/wp-content\/uploads\/2025\/11\/custom-beverage-spout-pouch-4-12x12.webp 12w, https:\/\/www.topchinapack.com\/wp-content\/uploads\/2025\/11\/custom-beverage-spout-pouch-4-600x600.webp 600w, https:\/\/www.topchinapack.com\/wp-content\/uploads\/2025\/11\/custom-beverage-spout-pouch-4-100x100.webp 100w\" sizes=\"(max-width: 800px) 100vw, 800px\" \/><\/figure>\n<\/div>\n<\/div>","protected":false},"excerpt":{"rendered":"<p>Am\u00e9liorez votre gamme de jus et de boissons v\u00e9g\u00e9tales gr\u00e2ce \u00e0 nos sachets \u00e0 bec personnalis\u00e9s de qualit\u00e9 sup\u00e9rieure. Leur l\u00e9g\u00e8ret\u00e9 r\u00e9duit consid\u00e9rablement les co\u00fbts d'exp\u00e9dition et de logistique, tandis que leur empilage efficace optimise l'espace d'entreposage.<\/p>\n<p>En tant que fabricant professionnel de pochettes \u00e0 bec, nous offrons des options de personnalisation compl\u00e8tes pour la taille, le design, les motifs et les accessoires afin de garantir que votre marque brille. Contactez-nous pour un devis en gros.<\/p>\n<h2>Caract\u00e9ristiques de l'emballage de jus de fruits et de jus de l\u00e9gumes sur mesure<\/h2>\n<p><strong>Service personnalis\u00e9 :<\/strong>\u00a0le mat\u00e9riau, la taille, l'impression, le motif et les options suppl\u00e9mentaires<br \/><strong>Proc\u00e9d\u00e9 d'impression :<\/strong>\u00a0impression en h\u00e9liogravure, jusqu'\u00e0 10 couleurs, possibilit\u00e9 d'impression personnalis\u00e9e<br \/><strong>Caract\u00e9ristiques :<\/strong>\u00a0durable, imperm\u00e9able<br \/><strong>D\u00e9lai de livraison :<\/strong>\u00a010-20 jours<br \/><strong>Soutien \u00e0 l'\u00e9chantillonnage gratuit<\/strong><br \/><strong>Certification :<\/strong>\u00a0ISO, FDA, sans BPA, LFGB, norme europ\u00e9enne<\/p>\n<ul>\n<li>\n<p><strong>Propri\u00e9t\u00e9s barri\u00e8res sup\u00e9rieures :<\/strong> En tant que fabricant de poches \u00e0 bec, notre emballage utilise des mat\u00e9riaux composites multicouches tels que le PET\/PE, qui bloquent efficacement l'humidit\u00e9, l'oxyg\u00e8ne et la lumi\u00e8re, prolongeant ainsi la dur\u00e9e de conservation du produit. Il est id\u00e9al pour les jus de l\u00e9gumes et de fruits.<\/p>\n<\/li>\n<li>\n<p><strong>Capuchon de vidange pratique :<\/strong> La poche \u00e0 bec est facile \u00e0 ouvrir, \u00e0 verser et \u00e0 refermer. Elle convient aux liquides, aux p\u00e2tes et aux poudres, ce qui am\u00e9liore l'exp\u00e9rience de l'utilisateur et r\u00e9duit les d\u00e9versements.<\/p>\n<\/li>\n<li>\n<p><strong>Possibilit\u00e9 de refermer le document :<\/strong> Le bouchon permet d'ouvrir et de fermer le sachet plusieurs fois, ce qui pr\u00e9serve la fra\u00eecheur et permet au consommateur de d\u00e9guster le produit en portions.<\/p>\n<\/li>\n<li>\n<p><strong>Designs personnalisables :<\/strong> La taille, l'\u00e9paisseur, les couleurs d'impression, les motifs et la structure du mat\u00e9riau peuvent tous \u00eatre personnalis\u00e9s pour r\u00e9pondre aux exigences sp\u00e9cifiques de la marque et de la fonction.<\/p>\n<\/li>\n<\/ul>","protected":false},"featured_media":2878,"comment_status":"closed","ping_status":"closed","template":"","meta":{"_acf_changed":false},"product_brand":[],"product_cat":[22,42],"product_tag":[],"class_list":{"0":"post-2797","1":"product","2":"type-product","3":"status-publish","4":"has-post-thumbnail","6":"product_cat-custom-spout-pouches","7":"product_cat-custom-vegetable-juice-spout-pouches","9":"first","10":"instock","11":"shipping-taxable","12":"product-type-simple"},"acf":[],"_links":{"self":[{"href":"https:\/\/www.topchinapack.com\/fr\/wp-json\/wp\/v2\/product\/2797","targetHints":{"allow":["GET"]}}],"collection":[{"href":"https:\/\/www.topchinapack.com\/fr\/wp-json\/wp\/v2\/product"}],"about":[{"href":"https:\/\/www.topchinapack.com\/fr\/wp-json\/wp\/v2\/types\/product"}],"replies":[{"embeddable":true,"href":"https:\/\/www.topchinapack.com\/fr\/wp-json\/wp\/v2\/comments?post=2797"}],"wp:featuredmedia":[{"embeddable":true,"href":"https:\/\/www.topchinapack.com\/fr\/wp-json\/wp\/v2\/media\/2878"}],"wp:attachment":[{"href":"https:\/\/www.topchinapack.com\/fr\/wp-json\/wp\/v2\/media?parent=2797"}],"wp:term":[{"taxonomy":"product_brand","embeddable":true,"href":"https:\/\/www.topchinapack.com\/fr\/wp-json\/wp\/v2\/product_brand?post=2797"},{"taxonomy":"product_cat","embeddable":true,"href":"https:\/\/www.topchinapack.com\/fr\/wp-json\/wp\/v2\/product_cat?post=2797"},{"taxonomy":"product_tag","embeddable":true,"href":"https:\/\/www.topchinapack.com\/fr\/wp-json\/wp\/v2\/product_tag?post=2797"}],"curies":[{"name":"wp","href":"https:\/\/api.w.org\/{rel}","templated":true}]}}