{"id":2798,"date":"2024-11-13T09:01:05","date_gmt":"2024-11-13T09:01:05","guid":{"rendered":"https:\/\/www.topchinapack.com\/?post_type=product&#038;p=2798"},"modified":"2025-12-19T08:30:22","modified_gmt":"2025-12-19T08:30:22","slug":"wholesale-custom-spout-pouches-for-juice-beverage-and-food","status":"publish","type":"product","link":"https:\/\/www.topchinapack.com\/fr\/produit\/wholesale-custom-spout-pouches-for-juice-beverage-and-food\/","title":{"rendered":"Pochettes \u00e0 bec imprim\u00e9es en gros et personnalis\u00e9es pour l'emballage de jus de fruits, de boissons et de produits alimentaires"},"content":{"rendered":"<div class=\"wp-block-columns is-layout-flex wp-container-core-columns-is-layout-9d6595d7 wp-block-columns-is-layout-flex\">\n<div class=\"wp-block-column is-layout-flow wp-block-column-is-layout-flow\">\n<figure class=\"wp-block-image size-full\"><img decoding=\"async\" width=\"2160\" height=\"2160\" src=\"https:\/\/www.topchinapack.com\/wp-content\/uploads\/2025\/11\/wholesale-custom-spout-pouches-3.webp\" alt=\"pochettes \u00e0 bec personnalis\u00e9es en gros (3)\" class=\"wp-image-2886\" srcset=\"https:\/\/www.topchinapack.com\/wp-content\/uploads\/2025\/11\/wholesale-custom-spout-pouches-3.webp 2160w, https:\/\/www.topchinapack.com\/wp-content\/uploads\/2025\/11\/wholesale-custom-spout-pouches-3-300x300.webp 300w, https:\/\/www.topchinapack.com\/wp-content\/uploads\/2025\/11\/wholesale-custom-spout-pouches-3-150x150.webp 150w, https:\/\/www.topchinapack.com\/wp-content\/uploads\/2025\/11\/wholesale-custom-spout-pouches-3-768x768.webp 768w, https:\/\/www.topchinapack.com\/wp-content\/uploads\/2025\/11\/wholesale-custom-spout-pouches-3-12x12.webp 12w, https:\/\/www.topchinapack.com\/wp-content\/uploads\/2025\/11\/wholesale-custom-spout-pouches-3-1200x1200.webp 1200w, https:\/\/www.topchinapack.com\/wp-content\/uploads\/2025\/11\/wholesale-custom-spout-pouches-3-600x600.webp 600w, https:\/\/www.topchinapack.com\/wp-content\/uploads\/2025\/11\/wholesale-custom-spout-pouches-3-100x100.webp 100w\" sizes=\"(max-width: 2160px) 100vw, 2160px\" \/><\/figure>\n<\/div>\n\n\n\n<div class=\"wp-block-column is-layout-flow wp-block-column-is-layout-flow\">\n<figure class=\"wp-block-image size-full\"><img decoding=\"async\" width=\"2048\" height=\"2048\" src=\"https:\/\/www.topchinapack.com\/wp-content\/uploads\/2025\/11\/wholesale-custom-spout-pouches-4.webp\" alt=\"pochettes \u00e0 bec personnalis\u00e9es en gros (4)\" class=\"wp-image-2887\" srcset=\"https:\/\/www.topchinapack.com\/wp-content\/uploads\/2025\/11\/wholesale-custom-spout-pouches-4.webp 2048w, https:\/\/www.topchinapack.com\/wp-content\/uploads\/2025\/11\/wholesale-custom-spout-pouches-4-300x300.webp 300w, https:\/\/www.topchinapack.com\/wp-content\/uploads\/2025\/11\/wholesale-custom-spout-pouches-4-150x150.webp 150w, https:\/\/www.topchinapack.com\/wp-content\/uploads\/2025\/11\/wholesale-custom-spout-pouches-4-768x768.webp 768w, https:\/\/www.topchinapack.com\/wp-content\/uploads\/2025\/11\/wholesale-custom-spout-pouches-4-12x12.webp 12w, https:\/\/www.topchinapack.com\/wp-content\/uploads\/2025\/11\/wholesale-custom-spout-pouches-4-1200x1200.webp 1200w, https:\/\/www.topchinapack.com\/wp-content\/uploads\/2025\/11\/wholesale-custom-spout-pouches-4-600x600.webp 600w, https:\/\/www.topchinapack.com\/wp-content\/uploads\/2025\/11\/wholesale-custom-spout-pouches-4-100x100.webp 100w\" sizes=\"(max-width: 2048px) 100vw, 2048px\" \/><\/figure>\n<\/div>\n<\/div>","protected":false},"excerpt":{"rendered":"<p>Am\u00e9liorez l'emballage de vos produits avec nos pochettes \u00e0 bec personnalis\u00e9es de premi\u00e8re qualit\u00e9, con\u00e7ues sp\u00e9cialement pour les boissons, les aliments et les produits liquides. Ces sachets l\u00e9gers, durables et \u00e9tanches offrent une commodit\u00e9 in\u00e9gal\u00e9e aux consommateurs tout en maximisant l'attrait de votre marque en rayon.<\/p>\n<h2>Caract\u00e9ristiques des pochettes \u00e0 bec personnalis\u00e9es<\/h2>\n<p><strong>Service personnalis\u00e9 :<\/strong>\u00a0le mat\u00e9riau, la taille, l'impression, le motif et les options suppl\u00e9mentaires<br \/><strong>Proc\u00e9d\u00e9 d'impression :<\/strong>\u00a0impression en h\u00e9liogravure, jusqu'\u00e0 10 couleurs, possibilit\u00e9 d'impression personnalis\u00e9e<br \/><strong>Caract\u00e9ristiques :<\/strong>\u00a0durable, imperm\u00e9able<br \/><strong>D\u00e9lai de livraison :<\/strong>\u00a010-20 jours<br \/><strong>Soutien \u00e0 l'\u00e9chantillonnage gratuit<\/strong><br \/><strong>Certification :<\/strong>\u00a0ISO, FDA, sans BPA, LFGB, norme europ\u00e9enne<\/p>\n<p><strong>Services de personnalisation complets : <\/strong>Nous proposons des services de personnalisation complets, qui couvrent tous les aspects : dimensions du sachet \u00e0 bec, position du bec, types de bouchons, \u00e9paisseur du mat\u00e9riau et finitions de surface (mat, brillant, fen\u00eatre transparente). Parfait pour les marques \u00e0 la recherche d'un emballage diff\u00e9renci\u00e9.<\/p>\n<p><strong>Approvisionnement \u00e0 grande \u00e9chelle :<\/strong> En tant que fabricant leader de sachets \u00e0 bec, nous sommes \u00e9quip\u00e9s de lignes de production de pointe pour l'impression en h\u00e9liogravure en 10 couleurs, le laminage \u00e0 grande vitesse, la d\u00e9coupe et la fabrication de sachets, ce qui garantit une grande pr\u00e9cision, des d\u00e9lais d'ex\u00e9cution rapides et une qualit\u00e9 constante.<\/p>\n<p><strong>Contr\u00f4le strict de la qualit\u00e9 :<\/strong> Nous appliquons strictement les normes de gestion ISO9001 et GMP pour les produits alimentaires. Chaque rouleau de film et chaque sachet sont soumis \u00e0 de multiples \u00e9tapes d'inspection, des mati\u00e8res premi\u00e8res \u00e0 l'emballage fini.<\/p>\n<p><strong>Prix d'usine comp\u00e9titifs :<\/strong> En tant qu'usine d'emballages souples, nous proposons un approvisionnement direct en usine, ce qui permet \u00e0 nos clients de maintenir une qualit\u00e9 sup\u00e9rieure tout en contr\u00f4lant efficacement les co\u00fbts.<\/p>","protected":false},"featured_media":2884,"comment_status":"closed","ping_status":"closed","template":"","meta":{"_acf_changed":false},"product_brand":[],"product_cat":[22,42],"product_tag":[],"class_list":{"0":"post-2798","1":"product","2":"type-product","3":"status-publish","4":"has-post-thumbnail","6":"product_cat-custom-spout-pouches","7":"product_cat-custom-vegetable-juice-spout-pouches","9":"first","10":"instock","11":"shipping-taxable","12":"product-type-simple"},"acf":[],"_links":{"self":[{"href":"https:\/\/www.topchinapack.com\/fr\/wp-json\/wp\/v2\/product\/2798","targetHints":{"allow":["GET"]}}],"collection":[{"href":"https:\/\/www.topchinapack.com\/fr\/wp-json\/wp\/v2\/product"}],"about":[{"href":"https:\/\/www.topchinapack.com\/fr\/wp-json\/wp\/v2\/types\/product"}],"replies":[{"embeddable":true,"href":"https:\/\/www.topchinapack.com\/fr\/wp-json\/wp\/v2\/comments?post=2798"}],"wp:featuredmedia":[{"embeddable":true,"href":"https:\/\/www.topchinapack.com\/fr\/wp-json\/wp\/v2\/media\/2884"}],"wp:attachment":[{"href":"https:\/\/www.topchinapack.com\/fr\/wp-json\/wp\/v2\/media?parent=2798"}],"wp:term":[{"taxonomy":"product_brand","embeddable":true,"href":"https:\/\/www.topchinapack.com\/fr\/wp-json\/wp\/v2\/product_brand?post=2798"},{"taxonomy":"product_cat","embeddable":true,"href":"https:\/\/www.topchinapack.com\/fr\/wp-json\/wp\/v2\/product_cat?post=2798"},{"taxonomy":"product_tag","embeddable":true,"href":"https:\/\/www.topchinapack.com\/fr\/wp-json\/wp\/v2\/product_tag?post=2798"}],"curies":[{"name":"wp","href":"https:\/\/api.w.org\/{rel}","templated":true}]}}