{"id":2799,"date":"2025-02-14T09:10:55","date_gmt":"2025-02-14T09:10:55","guid":{"rendered":"https:\/\/www.topchinapack.com\/?post_type=product&#038;p=2799"},"modified":"2025-12-05T09:19:35","modified_gmt":"2025-12-05T09:19:35","slug":"bulk-custom-printed-spout-pouch-packaging","status":"publish","type":"product","link":"https:\/\/www.topchinapack.com\/fr\/produit\/bulk-custom-printed-spout-pouch-packaging\/","title":{"rendered":"Emballage en vrac de poches \u00e0 bec imprim\u00e9es sur mesure pour les marques de boissons et d'aliments"},"content":{"rendered":"<div class=\"wp-block-columns is-layout-flex wp-container-core-columns-is-layout-9d6595d7 wp-block-columns-is-layout-flex\">\n<div class=\"wp-block-column is-layout-flow wp-block-column-is-layout-flow\">\n<figure class=\"wp-block-image size-full\"><img decoding=\"async\" width=\"2048\" height=\"2048\" src=\"https:\/\/www.topchinapack.com\/wp-content\/uploads\/2025\/11\/custom-printed-spout-pouch-2.webp\" alt=\"pochette \u00e0 bec imprim\u00e9e personnalis\u00e9e (2)\" class=\"wp-image-2893\" srcset=\"https:\/\/www.topchinapack.com\/wp-content\/uploads\/2025\/11\/custom-printed-spout-pouch-2.webp 2048w, https:\/\/www.topchinapack.com\/wp-content\/uploads\/2025\/11\/custom-printed-spout-pouch-2-300x300.webp 300w, https:\/\/www.topchinapack.com\/wp-content\/uploads\/2025\/11\/custom-printed-spout-pouch-2-150x150.webp 150w, https:\/\/www.topchinapack.com\/wp-content\/uploads\/2025\/11\/custom-printed-spout-pouch-2-768x768.webp 768w, https:\/\/www.topchinapack.com\/wp-content\/uploads\/2025\/11\/custom-printed-spout-pouch-2-12x12.webp 12w, https:\/\/www.topchinapack.com\/wp-content\/uploads\/2025\/11\/custom-printed-spout-pouch-2-1200x1200.webp 1200w, https:\/\/www.topchinapack.com\/wp-content\/uploads\/2025\/11\/custom-printed-spout-pouch-2-600x600.webp 600w, https:\/\/www.topchinapack.com\/wp-content\/uploads\/2025\/11\/custom-printed-spout-pouch-2-100x100.webp 100w\" sizes=\"(max-width: 2048px) 100vw, 2048px\" \/><\/figure>\n<\/div>\n\n\n\n<div class=\"wp-block-column is-layout-flow wp-block-column-is-layout-flow\">\n<figure class=\"wp-block-image size-full\"><img decoding=\"async\" width=\"2048\" height=\"2048\" src=\"https:\/\/www.topchinapack.com\/wp-content\/uploads\/2025\/11\/custom-printed-spout-pouch-4.webp\" alt=\"pochette \u00e0 bec imprim\u00e9e personnalis\u00e9e (4)\" class=\"wp-image-2895\" srcset=\"https:\/\/www.topchinapack.com\/wp-content\/uploads\/2025\/11\/custom-printed-spout-pouch-4.webp 2048w, https:\/\/www.topchinapack.com\/wp-content\/uploads\/2025\/11\/custom-printed-spout-pouch-4-300x300.webp 300w, https:\/\/www.topchinapack.com\/wp-content\/uploads\/2025\/11\/custom-printed-spout-pouch-4-150x150.webp 150w, https:\/\/www.topchinapack.com\/wp-content\/uploads\/2025\/11\/custom-printed-spout-pouch-4-768x768.webp 768w, https:\/\/www.topchinapack.com\/wp-content\/uploads\/2025\/11\/custom-printed-spout-pouch-4-12x12.webp 12w, https:\/\/www.topchinapack.com\/wp-content\/uploads\/2025\/11\/custom-printed-spout-pouch-4-1200x1200.webp 1200w, https:\/\/www.topchinapack.com\/wp-content\/uploads\/2025\/11\/custom-printed-spout-pouch-4-600x600.webp 600w, https:\/\/www.topchinapack.com\/wp-content\/uploads\/2025\/11\/custom-printed-spout-pouch-4-100x100.webp 100w\" sizes=\"(max-width: 2048px) 100vw, 2048px\" \/><\/figure>\n<\/div>\n<\/div>","protected":false},"excerpt":{"rendered":"<p>Am\u00e9liorez votre ligne d'emballage de liquides avec nos sachets \u00e0 bec. Fabriqu\u00e9s \u00e0 partir de mat\u00e9riaux composites de qualit\u00e9 alimentaire \u00e0 haute barri\u00e8re, nos sachets \u00e0 bec bloquent efficacement l'oxyg\u00e8ne, l'humidit\u00e9 et les rayons UV, prolongeant ainsi la dur\u00e9e de conservation des jus, des sauces, des pur\u00e9es de fruits, des huiles de cuisson et des liquides m\u00e9nagers.<\/p>\n<p>En tant que haut <a href=\"https:\/\/www.topchinapack.com\/fr\/categorie-produit\/custom-spout-pouches\/\" target=\"_blank\" rel=\"noopener\"><strong>Fabricant de pochettes \u00e0 bec dans le Guangdong<\/strong><\/a>Nous offrons des prix tr\u00e8s comp\u00e9titifs, nous prenons en charge les commandes en gros et nous assurons des d\u00e9lais de livraison rapides. Contactez nous d\u00e8s maintenant !<\/p>\n<h2>Caract\u00e9ristiques de la pochette \u00e0 bec imprim\u00e9e sur mesure<\/h2>\n<p><strong>Service personnalis\u00e9 :<\/strong>\u00a0le mat\u00e9riau, la taille, l'impression, le motif et les options suppl\u00e9mentaires<br \/><strong>Proc\u00e9d\u00e9 d'impression :<\/strong>\u00a0impression en h\u00e9liogravure, jusqu'\u00e0 10 couleurs, possibilit\u00e9 d'impression personnalis\u00e9e<br \/><strong>Caract\u00e9ristiques :<\/strong>\u00a0durable, imperm\u00e9able<br \/><strong>D\u00e9lai de livraison :<\/strong>\u00a010-20 jours<br \/><strong>Soutien \u00e0 l'\u00e9chantillonnage gratuit<\/strong><br \/><strong>Certification :<\/strong>\u00a0ISO, FDA, sans BPA, LFGB, norme europ\u00e9enne<\/p>\n<ul>\n<li>\n<p><strong>Enti\u00e8rement personnalisable :<\/strong> En tant que fabricant de poches \u00e0 bec, nous proposons une impression en quadrichromie, des tailles, des formes et des couleurs de bouchon personnalis\u00e9es pour que votre marque se distingue dans les rayons et r\u00e9ponde \u00e0 des exigences sp\u00e9cifiques en mati\u00e8re de produits.<\/p>\n<\/li>\n<li>\n<p><strong>Protection \u00e0 haute barri\u00e8re :<\/strong> Nos sachets \u00e0 bec personnalis\u00e9s sont m\u00e9ticuleusement fabriqu\u00e9s avec plusieurs couches de mat\u00e9riaux pour bloquer efficacement l'humidit\u00e9, l'oxyg\u00e8ne, les rayons UV et les odeurs, ce qui permet de conserver la fra\u00eecheur du produit plus longtemps.<\/p>\n<\/li>\n<li>\n<p><strong>Divers mat\u00e9riaux et excellentes performances :<\/strong> Les mat\u00e9riaux couramment utilis\u00e9s sont le PE, le PA et le PE, qui pr\u00e9sentent une bonne flexibilit\u00e9, une bonne r\u00e9sistance \u00e0 l'usure, des propri\u00e9t\u00e9s d'isolation et une bonne r\u00e9sistance \u00e0 la chaleur.<\/p>\n<\/li>\n<li>\n<p><strong>Polyvalent pour toutes les industries :<\/strong> Il convient \u00e0 une large gamme de produits, notamment les jus, les sauces, les aliments pour b\u00e9b\u00e9s, les condiments, les huiles de cuisson, les smoothies, les d\u00e9tergents et les gels, ce qui permet de r\u00e9pondre aux besoins des grossistes et des fabricants dans de nombreux secteurs d'activit\u00e9.<\/p>\n<\/li>\n<li>\n<p><strong>Forte capacit\u00e9 de production :<\/strong> Gr\u00e2ce \u00e0 des machines de fabrication de sachets automatis\u00e9es et \u00e0 des flux de travail efficaces, nous sommes en mesure d'assurer des exp\u00e9ditions rapides et des commandes de gros volumes, tout en garantissant une qualit\u00e9 constante.<\/p>\n<\/li>\n<\/ul>","protected":false},"featured_media":2892,"comment_status":"closed","ping_status":"closed","template":"","meta":{"_acf_changed":false},"product_brand":[],"product_cat":[22,42],"product_tag":[],"class_list":{"0":"post-2799","1":"product","2":"type-product","3":"status-publish","4":"has-post-thumbnail","6":"product_cat-custom-spout-pouches","7":"product_cat-custom-vegetable-juice-spout-pouches","9":"first","10":"instock","11":"shipping-taxable","12":"product-type-simple"},"acf":[],"_links":{"self":[{"href":"https:\/\/www.topchinapack.com\/fr\/wp-json\/wp\/v2\/product\/2799","targetHints":{"allow":["GET"]}}],"collection":[{"href":"https:\/\/www.topchinapack.com\/fr\/wp-json\/wp\/v2\/product"}],"about":[{"href":"https:\/\/www.topchinapack.com\/fr\/wp-json\/wp\/v2\/types\/product"}],"replies":[{"embeddable":true,"href":"https:\/\/www.topchinapack.com\/fr\/wp-json\/wp\/v2\/comments?post=2799"}],"wp:featuredmedia":[{"embeddable":true,"href":"https:\/\/www.topchinapack.com\/fr\/wp-json\/wp\/v2\/media\/2892"}],"wp:attachment":[{"href":"https:\/\/www.topchinapack.com\/fr\/wp-json\/wp\/v2\/media?parent=2799"}],"wp:term":[{"taxonomy":"product_brand","embeddable":true,"href":"https:\/\/www.topchinapack.com\/fr\/wp-json\/wp\/v2\/product_brand?post=2799"},{"taxonomy":"product_cat","embeddable":true,"href":"https:\/\/www.topchinapack.com\/fr\/wp-json\/wp\/v2\/product_cat?post=2799"},{"taxonomy":"product_tag","embeddable":true,"href":"https:\/\/www.topchinapack.com\/fr\/wp-json\/wp\/v2\/product_tag?post=2799"}],"curies":[{"name":"wp","href":"https:\/\/api.w.org\/{rel}","templated":true}]}}