{"id":2800,"date":"2025-02-14T09:35:26","date_gmt":"2025-02-14T09:35:26","guid":{"rendered":"https:\/\/www.topchinapack.com\/?post_type=product&#038;p=2800"},"modified":"2025-12-05T09:19:29","modified_gmt":"2025-12-05T09:19:29","slug":"wholesale-custom-printed-spout-pouches-with-brand-information","status":"publish","type":"product","link":"https:\/\/www.topchinapack.com\/fr\/produit\/wholesale-custom-printed-spout-pouches-with-brand-information\/","title":{"rendered":"Pochettes \u00e0 bec imprim\u00e9es avec logo pour l'emballage de jus, de sauces et de liquides"},"content":{"rendered":"<div class=\"wp-block-columns is-layout-flex wp-container-core-columns-is-layout-9d6595d7 wp-block-columns-is-layout-flex\">\n<div class=\"wp-block-column is-layout-flow wp-block-column-is-layout-flow\">\n<figure class=\"wp-block-image size-full\"><img decoding=\"async\" width=\"2048\" height=\"2048\" src=\"https:\/\/www.topchinapack.com\/wp-content\/uploads\/2025\/11\/custom-printed-spout-pouches-2.webp\" alt=\"pochettes \u00e0 bec imprim\u00e9es sur mesure (2)\" class=\"wp-image-2899\" srcset=\"https:\/\/www.topchinapack.com\/wp-content\/uploads\/2025\/11\/custom-printed-spout-pouches-2.webp 2048w, https:\/\/www.topchinapack.com\/wp-content\/uploads\/2025\/11\/custom-printed-spout-pouches-2-300x300.webp 300w, https:\/\/www.topchinapack.com\/wp-content\/uploads\/2025\/11\/custom-printed-spout-pouches-2-150x150.webp 150w, https:\/\/www.topchinapack.com\/wp-content\/uploads\/2025\/11\/custom-printed-spout-pouches-2-768x768.webp 768w, https:\/\/www.topchinapack.com\/wp-content\/uploads\/2025\/11\/custom-printed-spout-pouches-2-12x12.webp 12w, https:\/\/www.topchinapack.com\/wp-content\/uploads\/2025\/11\/custom-printed-spout-pouches-2-1200x1200.webp 1200w, https:\/\/www.topchinapack.com\/wp-content\/uploads\/2025\/11\/custom-printed-spout-pouches-2-600x600.webp 600w, https:\/\/www.topchinapack.com\/wp-content\/uploads\/2025\/11\/custom-printed-spout-pouches-2-100x100.webp 100w\" sizes=\"(max-width: 2048px) 100vw, 2048px\" \/><\/figure>\n<\/div>\n\n\n\n<div class=\"wp-block-column is-layout-flow wp-block-column-is-layout-flow\">\n<figure class=\"wp-block-image size-full\"><img decoding=\"async\" width=\"2048\" height=\"2048\" src=\"https:\/\/www.topchinapack.com\/wp-content\/uploads\/2025\/11\/custom-printed-spout-pouches-3.webp\" alt=\"pochettes \u00e0 bec imprim\u00e9es sur mesure (3)\" class=\"wp-image-2900\" srcset=\"https:\/\/www.topchinapack.com\/wp-content\/uploads\/2025\/11\/custom-printed-spout-pouches-3.webp 2048w, https:\/\/www.topchinapack.com\/wp-content\/uploads\/2025\/11\/custom-printed-spout-pouches-3-300x300.webp 300w, https:\/\/www.topchinapack.com\/wp-content\/uploads\/2025\/11\/custom-printed-spout-pouches-3-150x150.webp 150w, https:\/\/www.topchinapack.com\/wp-content\/uploads\/2025\/11\/custom-printed-spout-pouches-3-768x768.webp 768w, https:\/\/www.topchinapack.com\/wp-content\/uploads\/2025\/11\/custom-printed-spout-pouches-3-12x12.webp 12w, https:\/\/www.topchinapack.com\/wp-content\/uploads\/2025\/11\/custom-printed-spout-pouches-3-1200x1200.webp 1200w, https:\/\/www.topchinapack.com\/wp-content\/uploads\/2025\/11\/custom-printed-spout-pouches-3-600x600.webp 600w, https:\/\/www.topchinapack.com\/wp-content\/uploads\/2025\/11\/custom-printed-spout-pouches-3-100x100.webp 100w\" sizes=\"(max-width: 2048px) 100vw, 2048px\" \/><\/figure>\n<\/div>\n<\/div>","protected":false},"excerpt":{"rendered":"<p>Fournissez \u00e0 vos produits des sachets \u00e0 bec imprim\u00e9s en vrac et de qualit\u00e9 sup\u00e9rieure, id\u00e9aux pour les boissons, les sauces, les huiles, les pur\u00e9es et les liquides m\u00e9nagers.<\/p>\n<p>Nos sachets sont enti\u00e8rement personnalisables ; vous pouvez choisir la taille, le type de bec, la couleur du bouchon et l'impression en quadrichromie. Contactez-nous d\u00e8s aujourd'hui pour obtenir des solutions de la part du fabricant professionnel de poches \u00e0 bec.<\/p>\n<h2>Caract\u00e9ristiques des pochettes \u00e0 bec imprim\u00e9es sur mesure<\/h2>\n<p><strong>Service personnalis\u00e9 :<\/strong>\u00a0le mat\u00e9riau, la taille, l'impression, le motif et les options suppl\u00e9mentaires<br \/><strong>Proc\u00e9d\u00e9 d'impression :<\/strong>\u00a0impression en h\u00e9liogravure, jusqu'\u00e0 10 couleurs, possibilit\u00e9 d'impression personnalis\u00e9e<br \/><strong>Caract\u00e9ristiques :<\/strong>\u00a0durable, imperm\u00e9able<br \/><strong>D\u00e9lai de livraison :<\/strong>\u00a010-20 jours<br \/><strong>Soutien \u00e0 l'\u00e9chantillonnage gratuit<\/strong><br \/><strong>Certification :<\/strong>\u00a0ISO, FDA, sans BPA, LFGB, norme europ\u00e9enne<\/p>\n<p><strong>Conception centr\u00e9e sur l'homme :<\/strong> Les sachets \u00e0 bec sont dot\u00e9s d'embouts et de bouchons refermables, ce qui permet une distribution sans d\u00e9versement, un versement facile et une refermeture s\u00fbre, am\u00e9liorant ainsi l'exp\u00e9rience du consommateur.<\/p>\n<p><strong>Id\u00e9al pour les projets OEM et ODM :<\/strong> En tant que fabricant de poches \u00e0 bec, nous pouvons personnaliser les accessoires, la taille des buses, la structure des poches, les mat\u00e9riaux composites et les formats d'emballage en fonction des exigences sp\u00e9cifiques des marques et des produits.<\/p>\n<p><strong>Technologie d'impression avanc\u00e9e :<\/strong> Nous sommes \u00e9quip\u00e9s de lignes de production d'h\u00e9liogravure et d'impression num\u00e9rique de haute pr\u00e9cision, ce qui garantit que l'emballage de votre produit pr\u00e9sente des couleurs riches et \u00e9clatantes, une r\u00e9sistance aux rayures et des images de haute d\u00e9finition.<\/p>\n<p><strong>Mat\u00e9riaux \u00e0 haute barri\u00e8re alimentaire :<\/strong> Nos sacs d'emballage utilisent des films composites multicouches pour emp\u00eacher efficacement l'intrusion de l'oxyg\u00e8ne, de l'humidit\u00e9, des rayons UV et des odeurs, conform\u00e9ment aux normes internationales de s\u00e9curit\u00e9 alimentaire.<\/p>","protected":false},"featured_media":2898,"comment_status":"closed","ping_status":"closed","template":"","meta":{"_acf_changed":false},"product_brand":[],"product_cat":[22,42],"product_tag":[],"class_list":{"0":"post-2800","1":"product","2":"type-product","3":"status-publish","4":"has-post-thumbnail","6":"product_cat-custom-spout-pouches","7":"product_cat-custom-vegetable-juice-spout-pouches","9":"first","10":"instock","11":"shipping-taxable","12":"product-type-simple"},"acf":[],"_links":{"self":[{"href":"https:\/\/www.topchinapack.com\/fr\/wp-json\/wp\/v2\/product\/2800","targetHints":{"allow":["GET"]}}],"collection":[{"href":"https:\/\/www.topchinapack.com\/fr\/wp-json\/wp\/v2\/product"}],"about":[{"href":"https:\/\/www.topchinapack.com\/fr\/wp-json\/wp\/v2\/types\/product"}],"replies":[{"embeddable":true,"href":"https:\/\/www.topchinapack.com\/fr\/wp-json\/wp\/v2\/comments?post=2800"}],"wp:featuredmedia":[{"embeddable":true,"href":"https:\/\/www.topchinapack.com\/fr\/wp-json\/wp\/v2\/media\/2898"}],"wp:attachment":[{"href":"https:\/\/www.topchinapack.com\/fr\/wp-json\/wp\/v2\/media?parent=2800"}],"wp:term":[{"taxonomy":"product_brand","embeddable":true,"href":"https:\/\/www.topchinapack.com\/fr\/wp-json\/wp\/v2\/product_brand?post=2800"},{"taxonomy":"product_cat","embeddable":true,"href":"https:\/\/www.topchinapack.com\/fr\/wp-json\/wp\/v2\/product_cat?post=2800"},{"taxonomy":"product_tag","embeddable":true,"href":"https:\/\/www.topchinapack.com\/fr\/wp-json\/wp\/v2\/product_tag?post=2800"}],"curies":[{"name":"wp","href":"https:\/\/api.w.org\/{rel}","templated":true}]}}