{"id":2801,"date":"2025-11-24T09:41:44","date_gmt":"2025-11-24T09:41:44","guid":{"rendered":"https:\/\/www.topchinapack.com\/?post_type=product&#038;p=2801"},"modified":"2025-11-24T09:41:49","modified_gmt":"2025-11-24T09:41:49","slug":"custom-liquid-and-semi-liquid-food-spout-bags","status":"publish","type":"product","link":"https:\/\/www.topchinapack.com\/fr\/produit\/custom-liquid-and-semi-liquid-food-spout-bags\/","title":{"rendered":"Sacs \u00e0 bec pour aliments liquides et semi-liquides sur mesure"},"content":{"rendered":"<div class=\"wp-block-columns is-layout-flex wp-container-core-columns-is-layout-9d6595d7 wp-block-columns-is-layout-flex\">\n<div class=\"wp-block-column is-layout-flow wp-block-column-is-layout-flow\"><\/div>\n\n\n\n<div class=\"wp-block-column is-layout-flow wp-block-column-is-layout-flow\"><\/div>\n<\/div>\n\n\n\n<div class=\"wp-block-columns is-layout-flex wp-container-core-columns-is-layout-9d6595d7 wp-block-columns-is-layout-flex\">\n<div class=\"wp-block-column is-layout-flow wp-block-column-is-layout-flow\">\n<figure class=\"wp-block-image size-full\"><img decoding=\"async\" width=\"2048\" height=\"2048\" src=\"https:\/\/www.topchinapack.com\/wp-content\/uploads\/2025\/11\/spout-bag-4.webp\" alt=\"sac \u00e0 bec (4)\" class=\"wp-image-3064\" srcset=\"https:\/\/www.topchinapack.com\/wp-content\/uploads\/2025\/11\/spout-bag-4.webp 2048w, https:\/\/www.topchinapack.com\/wp-content\/uploads\/2025\/11\/spout-bag-4-300x300.webp 300w, https:\/\/www.topchinapack.com\/wp-content\/uploads\/2025\/11\/spout-bag-4-150x150.webp 150w, https:\/\/www.topchinapack.com\/wp-content\/uploads\/2025\/11\/spout-bag-4-768x768.webp 768w, https:\/\/www.topchinapack.com\/wp-content\/uploads\/2025\/11\/spout-bag-4-12x12.webp 12w, https:\/\/www.topchinapack.com\/wp-content\/uploads\/2025\/11\/spout-bag-4-1200x1200.webp 1200w, https:\/\/www.topchinapack.com\/wp-content\/uploads\/2025\/11\/spout-bag-4-600x600.webp 600w, https:\/\/www.topchinapack.com\/wp-content\/uploads\/2025\/11\/spout-bag-4-100x100.webp 100w\" sizes=\"(max-width: 2048px) 100vw, 2048px\" \/><\/figure>\n<\/div>\n\n\n\n<div class=\"wp-block-column is-layout-flow wp-block-column-is-layout-flow\">\n<figure class=\"wp-block-image size-full\"><img decoding=\"async\" width=\"2048\" height=\"2048\" src=\"https:\/\/www.topchinapack.com\/wp-content\/uploads\/2025\/11\/spout-bag-5.webp\" alt=\"sac \u00e0 bec (5)\" class=\"wp-image-3065\" srcset=\"https:\/\/www.topchinapack.com\/wp-content\/uploads\/2025\/11\/spout-bag-5.webp 2048w, https:\/\/www.topchinapack.com\/wp-content\/uploads\/2025\/11\/spout-bag-5-300x300.webp 300w, https:\/\/www.topchinapack.com\/wp-content\/uploads\/2025\/11\/spout-bag-5-150x150.webp 150w, https:\/\/www.topchinapack.com\/wp-content\/uploads\/2025\/11\/spout-bag-5-768x768.webp 768w, https:\/\/www.topchinapack.com\/wp-content\/uploads\/2025\/11\/spout-bag-5-12x12.webp 12w, https:\/\/www.topchinapack.com\/wp-content\/uploads\/2025\/11\/spout-bag-5-1200x1200.webp 1200w, https:\/\/www.topchinapack.com\/wp-content\/uploads\/2025\/11\/spout-bag-5-600x600.webp 600w, https:\/\/www.topchinapack.com\/wp-content\/uploads\/2025\/11\/spout-bag-5-100x100.webp 100w\" sizes=\"(max-width: 2048px) 100vw, 2048px\" \/><\/figure>\n<\/div>\n<\/div>","protected":false},"excerpt":{"rendered":"<p>Les poches \u00e0 bec personnalis\u00e9es pour liquides et semi-liquides sont la solution d'emballage flexible id\u00e9ale pour vos produits visqueux. Nous offrons des services de personnalisation compl\u00e8te en termes de taille, de forme, de construction mat\u00e9rielle et d'impression afin de garantir que votre emballage refl\u00e8te parfaitement votre image de marque et les besoins de votre produit.<\/p>\n<p>En tant que professionnel <a href=\"https:\/\/www.topchinapack.com\/fr\/categorie-produit\/custom-spout-pouches\/\" target=\"_blank\" rel=\"noopener\"><strong>fabricant de pochettes \u00e0 bec personnalis\u00e9es<\/strong><\/a>Nous utilisons l'impression en h\u00e9liogravure dix couleurs et proposons des prix comp\u00e9titifs. Contactez-nous d\u00e8s aujourd'hui.<\/p>\n<h2>Caract\u00e9ristiques du sac \u00e0 bec debout personnalis\u00e9<\/h2>\n<p><strong>Service personnalis\u00e9 :<\/strong>\u00a0le mat\u00e9riau, la taille, l'impression, le motif et les options suppl\u00e9mentaires<br \/><strong>Proc\u00e9d\u00e9 d'impression :<\/strong>\u00a0impression en h\u00e9liogravure, jusqu'\u00e0 10 couleurs, possibilit\u00e9 d'impression personnalis\u00e9e<br \/><strong>Caract\u00e9ristiques :<\/strong>\u00a0durable, imperm\u00e9able<br \/><strong>D\u00e9lai de livraison :<\/strong>\u00a010-20 jours<br \/><strong>Soutien \u00e0 l'\u00e9chantillonnage gratuit<\/strong><br \/><strong>Certification :<\/strong>\u00a0ISO, FDA, sans BPA, LFGB, norme europ\u00e9enne<\/p>\n<ul>\n<li>\n<p><strong>Conception flexible :<\/strong> Le corps du sac \u00e0 bec peut \u00eatre imprim\u00e9 avec diff\u00e9rents motifs et informations, et sa forme peut \u00e9galement \u00eatre ajust\u00e9e en fonction des besoins. Cela permet non seulement d'am\u00e9liorer l'attrait esth\u00e9tique du produit, mais aussi de mettre en \u00e9vidence les caract\u00e9ristiques de la marque, attirant ainsi les consommateurs.<\/p>\n<\/li>\n<li>\n<p><strong>Commodit\u00e9 :<\/strong> Le bec verseur est facile \u00e0 ouvrir et \u00e0 fermer, et il est refermable, ce qui permet de conserver la fra\u00eecheur du contenu et d'\u00e9viter le gaspillage.<\/p>\n<\/li>\n<li>\n<p><strong>Conception autoportante :<\/strong> Le fond du sac peut \u00eatre plac\u00e9 \u00e0 la verticale, ce qui permet d'\u00e9conomiser de l'espace sur les \u00e9tag\u00e8res et facilite le versement ou la d\u00e9gustation.<\/p>\n<\/li>\n<li>\n<p><strong>Mesurer avec pr\u00e9cision :<\/strong> Les emballages de petite taille permettent un contr\u00f4le pr\u00e9cis de la quantit\u00e9 consomm\u00e9e, \u00e9vitant ainsi que la boisson ne se d\u00e9t\u00e9riore en raison d'un stockage \u00e0 long terme dans de grands r\u00e9cipients. Il facilite \u00e9galement la gestion par les parents de la quantit\u00e9 de boisson consomm\u00e9e par l'enfant.<\/p>\n<\/li>\n<li>\n<p><strong>Conception flexible :<\/strong> Les sacs \u00e0 bec peuvent \u00eatre imprim\u00e9s avec une vari\u00e9t\u00e9 de motifs et d'informations, et la forme peut \u00eatre ajust\u00e9e en fonction des besoins, ce qui permet non seulement d'am\u00e9liorer l'esth\u00e9tique du produit, mais aussi de mettre en \u00e9vidence les caract\u00e9ristiques de la marque et d'attirer les consommateurs.<\/p>\n<\/li>\n<\/ul>","protected":false},"featured_media":3061,"comment_status":"closed","ping_status":"closed","template":"","meta":{"_acf_changed":false},"product_brand":[],"product_cat":[22,42],"product_tag":[],"class_list":{"0":"post-2801","1":"product","2":"type-product","3":"status-publish","4":"has-post-thumbnail","6":"product_cat-custom-spout-pouches","7":"product_cat-custom-vegetable-juice-spout-pouches","9":"first","10":"instock","11":"shipping-taxable","12":"product-type-simple"},"acf":[],"_links":{"self":[{"href":"https:\/\/www.topchinapack.com\/fr\/wp-json\/wp\/v2\/product\/2801","targetHints":{"allow":["GET"]}}],"collection":[{"href":"https:\/\/www.topchinapack.com\/fr\/wp-json\/wp\/v2\/product"}],"about":[{"href":"https:\/\/www.topchinapack.com\/fr\/wp-json\/wp\/v2\/types\/product"}],"replies":[{"embeddable":true,"href":"https:\/\/www.topchinapack.com\/fr\/wp-json\/wp\/v2\/comments?post=2801"}],"wp:featuredmedia":[{"embeddable":true,"href":"https:\/\/www.topchinapack.com\/fr\/wp-json\/wp\/v2\/media\/3061"}],"wp:attachment":[{"href":"https:\/\/www.topchinapack.com\/fr\/wp-json\/wp\/v2\/media?parent=2801"}],"wp:term":[{"taxonomy":"product_brand","embeddable":true,"href":"https:\/\/www.topchinapack.com\/fr\/wp-json\/wp\/v2\/product_brand?post=2801"},{"taxonomy":"product_cat","embeddable":true,"href":"https:\/\/www.topchinapack.com\/fr\/wp-json\/wp\/v2\/product_cat?post=2801"},{"taxonomy":"product_tag","embeddable":true,"href":"https:\/\/www.topchinapack.com\/fr\/wp-json\/wp\/v2\/product_tag?post=2801"}],"curies":[{"name":"wp","href":"https:\/\/api.w.org\/{rel}","templated":true}]}}