{"id":2802,"date":"2025-02-24T09:49:25","date_gmt":"2025-02-24T09:49:25","guid":{"rendered":"https:\/\/www.topchinapack.com\/?post_type=product&#038;p=2802"},"modified":"2025-12-05T09:19:22","modified_gmt":"2025-12-05T09:19:22","slug":"custom-food-and-beverage-spout-pouches","status":"publish","type":"product","link":"https:\/\/www.topchinapack.com\/fr\/produit\/custom-food-and-beverage-spout-pouches\/","title":{"rendered":"Pochettes \u00e0 bec personnalis\u00e9es pour aliments et boissons avec impression en h\u00e9liogravure dix couleurs"},"content":{"rendered":"<div class=\"wp-block-columns is-layout-flex wp-container-core-columns-is-layout-9d6595d7 wp-block-columns-is-layout-flex\">\n<div class=\"wp-block-column is-layout-flow wp-block-column-is-layout-flow\">\n<figure class=\"wp-block-image size-full\"><img decoding=\"async\" width=\"2048\" height=\"2048\" src=\"https:\/\/www.topchinapack.com\/wp-content\/uploads\/2025\/11\/food-spout-pouch-3.webp\" alt=\"pochette pour bec alimentaire (3)\" class=\"wp-image-3070\" srcset=\"https:\/\/www.topchinapack.com\/wp-content\/uploads\/2025\/11\/food-spout-pouch-3.webp 2048w, https:\/\/www.topchinapack.com\/wp-content\/uploads\/2025\/11\/food-spout-pouch-3-300x300.webp 300w, https:\/\/www.topchinapack.com\/wp-content\/uploads\/2025\/11\/food-spout-pouch-3-150x150.webp 150w, https:\/\/www.topchinapack.com\/wp-content\/uploads\/2025\/11\/food-spout-pouch-3-768x768.webp 768w, https:\/\/www.topchinapack.com\/wp-content\/uploads\/2025\/11\/food-spout-pouch-3-12x12.webp 12w, https:\/\/www.topchinapack.com\/wp-content\/uploads\/2025\/11\/food-spout-pouch-3-1200x1200.webp 1200w, https:\/\/www.topchinapack.com\/wp-content\/uploads\/2025\/11\/food-spout-pouch-3-600x600.webp 600w, https:\/\/www.topchinapack.com\/wp-content\/uploads\/2025\/11\/food-spout-pouch-3-100x100.webp 100w\" sizes=\"(max-width: 2048px) 100vw, 2048px\" \/><\/figure>\n<\/div>\n\n\n\n<div class=\"wp-block-column is-layout-flow wp-block-column-is-layout-flow\">\n<figure class=\"wp-block-image size-full\"><img decoding=\"async\" width=\"2048\" height=\"2048\" src=\"https:\/\/www.topchinapack.com\/wp-content\/uploads\/2025\/11\/food-spout-pouch-4.webp\" alt=\"pochette \u00e0 bec alimentaire (4)\" class=\"wp-image-3071\" srcset=\"https:\/\/www.topchinapack.com\/wp-content\/uploads\/2025\/11\/food-spout-pouch-4.webp 2048w, https:\/\/www.topchinapack.com\/wp-content\/uploads\/2025\/11\/food-spout-pouch-4-300x300.webp 300w, https:\/\/www.topchinapack.com\/wp-content\/uploads\/2025\/11\/food-spout-pouch-4-150x150.webp 150w, https:\/\/www.topchinapack.com\/wp-content\/uploads\/2025\/11\/food-spout-pouch-4-768x768.webp 768w, https:\/\/www.topchinapack.com\/wp-content\/uploads\/2025\/11\/food-spout-pouch-4-12x12.webp 12w, https:\/\/www.topchinapack.com\/wp-content\/uploads\/2025\/11\/food-spout-pouch-4-1200x1200.webp 1200w, https:\/\/www.topchinapack.com\/wp-content\/uploads\/2025\/11\/food-spout-pouch-4-600x600.webp 600w, https:\/\/www.topchinapack.com\/wp-content\/uploads\/2025\/11\/food-spout-pouch-4-100x100.webp 100w\" sizes=\"(max-width: 2048px) 100vw, 2048px\" \/><\/figure>\n<\/div>\n<\/div>","protected":false},"excerpt":{"rendered":"<p>Nos sachets \u00e0 bec personnalis\u00e9s pour aliments et boissons sont imprim\u00e9s en h\u00e9liogravure en dix couleurs, ce qui permet d'obtenir des motifs vifs et d\u00e9taill\u00e9s qui mettent en valeur votre marque. Con\u00e7us pour la s\u00e9curit\u00e9 et la commodit\u00e9, ces sachets sont id\u00e9aux pour les jus, les sauces, les pur\u00e9es et autres produits liquides ou semi-liquides. La taille, la forme et le design sont enti\u00e8rement personnalisables pour r\u00e9pondre \u00e0 vos besoins en mati\u00e8re d'emballage.<\/p>\n<h2>Caract\u00e9ristiques des pochettes \u00e0 bec personnalis\u00e9es<\/h2>\n<p><strong>Service personnalis\u00e9 :<\/strong>\u00a0le mat\u00e9riau, la taille, l'impression, le motif et les options suppl\u00e9mentaires<br \/><strong>Proc\u00e9d\u00e9 d'impression :<\/strong>\u00a0impression en h\u00e9liogravure, jusqu'\u00e0 10 couleurs, possibilit\u00e9 d'impression personnalis\u00e9e<br \/><strong>Caract\u00e9ristiques :<\/strong>\u00a0durable, imperm\u00e9able<br \/><strong>D\u00e9lai de livraison :<\/strong>\u00a010-20 jours<br \/><strong>Soutien \u00e0 l'\u00e9chantillonnage gratuit<\/strong><br \/><strong>Certification :<\/strong>\u00a0ISO, FDA, sans BPA, LFGB, norme europ\u00e9enne<\/p>\n<p><strong>Forte \u00e9tanch\u00e9it\u00e9<\/strong>: Le sac est principalement constitu\u00e9 d'un film composite et est \u00e9quip\u00e9 d'une buse avec de bonnes performances de scellage, ce qui permet d'isoler efficacement l'air, l'humidit\u00e9 et les impuret\u00e9s, de prolonger la dur\u00e9e de conservation de la gel\u00e9e et d'emp\u00eacher sa d\u00e9t\u00e9rioration.<\/p>\n<p><strong>L\u00e9ger et portable<\/strong>: Par rapport aux boissons en bouteille ou en bo\u00eete, les sacs d'emballage pour boissons sont plus l\u00e9gers et plus petits.<\/p>\n<p><strong><b>Fonctionnalit\u00e9<\/b><\/strong>: Etanche et r\u00e9sistant \u00e0 la contamination, il pr\u00e9vient efficacement les fuites et l'oxydation, prolongeant ainsi la dur\u00e9e de conservation.<\/p>\n<p><strong>Co\u00fbt inf\u00e9rieur<\/strong>: Par rapport aux mat\u00e9riaux d'emballage durs tels que les bouteilles en verre et les gobelets en plastique, la production de sacs \u00e0 succion n\u00e9cessite moins de mati\u00e8res premi\u00e8res et pr\u00e9sente une proc\u00e9dure de traitement plus simple. Par cons\u00e9quent, le co\u00fbt de l'emballage est moins \u00e9lev\u00e9, ce qui permet aux entreprises de contr\u00f4ler leurs co\u00fbts.<\/p>\n<p><strong>Impression exquise<\/strong>: L'impression de haute pr\u00e9cision utilisant des encres respectueuses de l'environnement peut pr\u00e9senter des couleurs riches et des motifs exquis, affichant clairement les informations sur le produit et l'image de marque, attirant les consommateurs \u00e0 l'achat.<\/p>","protected":false},"featured_media":3068,"comment_status":"closed","ping_status":"closed","template":"","meta":{"_acf_changed":true},"product_brand":[],"product_cat":[22],"product_tag":[],"class_list":{"0":"post-2802","1":"product","2":"type-product","3":"status-publish","4":"has-post-thumbnail","6":"product_cat-custom-spout-pouches","8":"first","9":"instock","10":"shipping-taxable","11":"product-type-simple"},"acf":[],"_links":{"self":[{"href":"https:\/\/www.topchinapack.com\/fr\/wp-json\/wp\/v2\/product\/2802","targetHints":{"allow":["GET"]}}],"collection":[{"href":"https:\/\/www.topchinapack.com\/fr\/wp-json\/wp\/v2\/product"}],"about":[{"href":"https:\/\/www.topchinapack.com\/fr\/wp-json\/wp\/v2\/types\/product"}],"replies":[{"embeddable":true,"href":"https:\/\/www.topchinapack.com\/fr\/wp-json\/wp\/v2\/comments?post=2802"}],"wp:featuredmedia":[{"embeddable":true,"href":"https:\/\/www.topchinapack.com\/fr\/wp-json\/wp\/v2\/media\/3068"}],"wp:attachment":[{"href":"https:\/\/www.topchinapack.com\/fr\/wp-json\/wp\/v2\/media?parent=2802"}],"wp:term":[{"taxonomy":"product_brand","embeddable":true,"href":"https:\/\/www.topchinapack.com\/fr\/wp-json\/wp\/v2\/product_brand?post=2802"},{"taxonomy":"product_cat","embeddable":true,"href":"https:\/\/www.topchinapack.com\/fr\/wp-json\/wp\/v2\/product_cat?post=2802"},{"taxonomy":"product_tag","embeddable":true,"href":"https:\/\/www.topchinapack.com\/fr\/wp-json\/wp\/v2\/product_tag?post=2802"}],"curies":[{"name":"wp","href":"https:\/\/api.w.org\/{rel}","templated":true}]}}