{"id":2805,"date":"2024-12-05T09:36:09","date_gmt":"2024-12-05T09:36:09","guid":{"rendered":"https:\/\/www.topchinapack.com\/?post_type=product&#038;p=2805"},"modified":"2025-12-19T08:30:52","modified_gmt":"2025-12-19T08:30:52","slug":"custom-resealable-liquid-packaging-bag","status":"publish","type":"product","link":"https:\/\/www.topchinapack.com\/fr\/produit\/custom-resealable-liquid-packaging-bag\/","title":{"rendered":"Pochette \u00e0 bec pour jus de fruits personnalis\u00e9e - Sac d'emballage de liquide refermable avec bec verseur"},"content":{"rendered":"<div class=\"wp-block-columns is-layout-flex wp-container-core-columns-is-layout-9d6595d7 wp-block-columns-is-layout-flex\">\n<div class=\"wp-block-column is-layout-flow wp-block-column-is-layout-flow\"><\/div>\n\n\n\n<div class=\"wp-block-column is-layout-flow wp-block-column-is-layout-flow\"><\/div>\n<\/div>\n\n\n\n<div class=\"wp-block-columns is-layout-flex wp-container-core-columns-is-layout-9d6595d7 wp-block-columns-is-layout-flex\">\n<div class=\"wp-block-column is-layout-flow wp-block-column-is-layout-flow\">\n<figure class=\"wp-block-image size-full\"><img decoding=\"async\" width=\"1200\" height=\"1200\" src=\"https:\/\/www.topchinapack.com\/wp-content\/uploads\/2025\/11\/juice-spout-pouch-2.webp\" alt=\"pochette pour le bec \u00e0 jus (2)\" class=\"wp-image-3168\" srcset=\"https:\/\/www.topchinapack.com\/wp-content\/uploads\/2025\/11\/juice-spout-pouch-2.webp 1200w, https:\/\/www.topchinapack.com\/wp-content\/uploads\/2025\/11\/juice-spout-pouch-2-300x300.webp 300w, https:\/\/www.topchinapack.com\/wp-content\/uploads\/2025\/11\/juice-spout-pouch-2-150x150.webp 150w, https:\/\/www.topchinapack.com\/wp-content\/uploads\/2025\/11\/juice-spout-pouch-2-768x768.webp 768w, https:\/\/www.topchinapack.com\/wp-content\/uploads\/2025\/11\/juice-spout-pouch-2-12x12.webp 12w, https:\/\/www.topchinapack.com\/wp-content\/uploads\/2025\/11\/juice-spout-pouch-2-600x600.webp 600w, https:\/\/www.topchinapack.com\/wp-content\/uploads\/2025\/11\/juice-spout-pouch-2-100x100.webp 100w\" sizes=\"(max-width: 1200px) 100vw, 1200px\" \/><\/figure>\n<\/div>\n\n\n\n<div class=\"wp-block-column is-layout-flow wp-block-column-is-layout-flow\">\n<figure class=\"wp-block-image size-full\"><img decoding=\"async\" width=\"1200\" height=\"1200\" src=\"https:\/\/www.topchinapack.com\/wp-content\/uploads\/2025\/11\/juice-spout-pouch-3.webp\" alt=\"pochette pour le bec \u00e0 jus (3)\" class=\"wp-image-3169\" srcset=\"https:\/\/www.topchinapack.com\/wp-content\/uploads\/2025\/11\/juice-spout-pouch-3.webp 1200w, https:\/\/www.topchinapack.com\/wp-content\/uploads\/2025\/11\/juice-spout-pouch-3-300x300.webp 300w, https:\/\/www.topchinapack.com\/wp-content\/uploads\/2025\/11\/juice-spout-pouch-3-150x150.webp 150w, https:\/\/www.topchinapack.com\/wp-content\/uploads\/2025\/11\/juice-spout-pouch-3-768x768.webp 768w, https:\/\/www.topchinapack.com\/wp-content\/uploads\/2025\/11\/juice-spout-pouch-3-12x12.webp 12w, https:\/\/www.topchinapack.com\/wp-content\/uploads\/2025\/11\/juice-spout-pouch-3-600x600.webp 600w, https:\/\/www.topchinapack.com\/wp-content\/uploads\/2025\/11\/juice-spout-pouch-3-100x100.webp 100w\" sizes=\"(max-width: 1200px) 100vw, 1200px\" \/><\/figure>\n<\/div>\n<\/div>","protected":false},"excerpt":{"rendered":"<p data-pm-slice=\"0 0 []\">Vente en gros de poches \u00e0 bec personnalis\u00e9es. Ces poches \u00e0 bec sont fabriqu\u00e9es \u00e0 partir de mat\u00e9riaux de qualit\u00e9 alimentaire \u00e0 haute barri\u00e8re pour conserver la fra\u00eecheur et la saveur des jus, des smoothies et des boissons \u00e9nergisantes tout en \u00e9vitant les fuites.<\/p>\n<p>Nous offrons des services complets de personnalisation OEM\/ODM. Vous pouvez personnaliser les tailles des sacs d'emballage, les styles des becs verseurs et les motifs imprim\u00e9s vibrants pour correspondre \u00e0 votre image de marque. Contactez-nous d\u00e8s maintenant pour obtenir un devis.<\/p>\n<h2>Caract\u00e9ristiques du sac \u00e0 bec debout personnalis\u00e9<\/h2>\n<p><strong>Service personnalis\u00e9 :<\/strong>\u00a0le mat\u00e9riau, la taille, l'impression, le motif et les options suppl\u00e9mentaires<br \/><strong>Proc\u00e9d\u00e9 d'impression :<\/strong>\u00a0impression en h\u00e9liogravure, jusqu'\u00e0 10 couleurs, possibilit\u00e9 d'impression personnalis\u00e9e<br \/><strong>Caract\u00e9ristiques :<\/strong>\u00a0durable, imperm\u00e9able<br \/><strong>D\u00e9lai de livraison :<\/strong>\u00a010-20 jours<br \/><strong>Soutien \u00e0 l'\u00e9chantillonnage gratuit<\/strong><br \/><strong>Certification :<\/strong>\u00a0ISO, FDA, sans BPA, LFGB, norme europ\u00e9enne<\/p>\n<p data-pm-slice=\"0 0 []\"><strong>Mat\u00e9riaux de qualit\u00e9 alimentaire et s\u00fbrs :<\/strong> Fabriqu\u00e9 \u00e0 partir de mat\u00e9riaux de qualit\u00e9 alimentaire sans BPA et \u00e0 haute barri\u00e8re qui prot\u00e8gent la fra\u00eecheur, la saveur et la valeur nutritionnelle des boissons.<\/p>\n<p><strong>Excellente \u00e9tanch\u00e9it\u00e9 :<\/strong> La structure thermoscell\u00e9e et le bouchon \u00e0 bec s\u00e9curis\u00e9 garantissent l'absence de fuite pendant le transport, la pr\u00e9sentation au d\u00e9tail ou l'utilisation par le consommateur.<\/p>\n<p><strong>Bec refermable pratique :<\/strong> La conception du bec verseur permet une distribution et une refermeture en douceur, id\u00e9ale pour les jus, les smoothies, les boissons \u00e9nergisantes et les aliments liquides.<\/p>\n<p><strong>L\u00e9ger et peu encombrant :<\/strong> Par rapport aux bouteilles rigides, les sachets \u00e0 bec r\u00e9duisent le volume de stockage et les co\u00fbts de transport, ce qui favorise une logistique respectueuse de l'environnement.<\/p>","protected":false},"featured_media":3167,"comment_status":"closed","ping_status":"closed","template":"","meta":{"_acf_changed":true},"product_brand":[],"product_cat":[22,39],"product_tag":[],"class_list":{"0":"post-2805","1":"product","2":"type-product","3":"status-publish","4":"has-post-thumbnail","6":"product_cat-custom-spout-pouches","7":"product_cat-custom-juice-spout-pouches","9":"first","10":"instock","11":"shipping-taxable","12":"product-type-simple"},"acf":[],"_links":{"self":[{"href":"https:\/\/www.topchinapack.com\/fr\/wp-json\/wp\/v2\/product\/2805","targetHints":{"allow":["GET"]}}],"collection":[{"href":"https:\/\/www.topchinapack.com\/fr\/wp-json\/wp\/v2\/product"}],"about":[{"href":"https:\/\/www.topchinapack.com\/fr\/wp-json\/wp\/v2\/types\/product"}],"replies":[{"embeddable":true,"href":"https:\/\/www.topchinapack.com\/fr\/wp-json\/wp\/v2\/comments?post=2805"}],"wp:featuredmedia":[{"embeddable":true,"href":"https:\/\/www.topchinapack.com\/fr\/wp-json\/wp\/v2\/media\/3167"}],"wp:attachment":[{"href":"https:\/\/www.topchinapack.com\/fr\/wp-json\/wp\/v2\/media?parent=2805"}],"wp:term":[{"taxonomy":"product_brand","embeddable":true,"href":"https:\/\/www.topchinapack.com\/fr\/wp-json\/wp\/v2\/product_brand?post=2805"},{"taxonomy":"product_cat","embeddable":true,"href":"https:\/\/www.topchinapack.com\/fr\/wp-json\/wp\/v2\/product_cat?post=2805"},{"taxonomy":"product_tag","embeddable":true,"href":"https:\/\/www.topchinapack.com\/fr\/wp-json\/wp\/v2\/product_tag?post=2805"}],"curies":[{"name":"wp","href":"https:\/\/api.w.org\/{rel}","templated":true}]}}