{"id":2806,"date":"2024-12-05T09:57:53","date_gmt":"2024-12-05T09:57:53","guid":{"rendered":"https:\/\/www.topchinapack.com\/?post_type=product&#038;p=2806"},"modified":"2025-12-19T08:30:42","modified_gmt":"2025-12-19T08:30:42","slug":"oem-odm-custom-juice-spout-pouch","status":"publish","type":"product","link":"https:\/\/www.topchinapack.com\/fr\/produit\/oem-odm-custom-juice-spout-pouch\/","title":{"rendered":"OEM\/ODM Pochette \u00e0 bec pour jus de fruits personnalis\u00e9e - Pochettes \u00e0 bec personnalis\u00e9es"},"content":{"rendered":"<div class=\"wp-block-columns is-layout-flex wp-container-core-columns-is-layout-9d6595d7 wp-block-columns-is-layout-flex\">\n<div class=\"wp-block-column is-layout-flow wp-block-column-is-layout-flow\">\n<figure class=\"wp-block-image size-full\"><img decoding=\"async\" width=\"2048\" height=\"2048\" src=\"https:\/\/www.topchinapack.com\/wp-content\/uploads\/2025\/11\/custom-spout-pouch-3.webp\" alt=\"pochette \u00e0 bec personnalis\u00e9e (3)\" class=\"wp-image-3175\" srcset=\"https:\/\/www.topchinapack.com\/wp-content\/uploads\/2025\/11\/custom-spout-pouch-3.webp 2048w, https:\/\/www.topchinapack.com\/wp-content\/uploads\/2025\/11\/custom-spout-pouch-3-300x300.webp 300w, https:\/\/www.topchinapack.com\/wp-content\/uploads\/2025\/11\/custom-spout-pouch-3-150x150.webp 150w, https:\/\/www.topchinapack.com\/wp-content\/uploads\/2025\/11\/custom-spout-pouch-3-768x768.webp 768w, https:\/\/www.topchinapack.com\/wp-content\/uploads\/2025\/11\/custom-spout-pouch-3-12x12.webp 12w, https:\/\/www.topchinapack.com\/wp-content\/uploads\/2025\/11\/custom-spout-pouch-3-1200x1200.webp 1200w, https:\/\/www.topchinapack.com\/wp-content\/uploads\/2025\/11\/custom-spout-pouch-3-600x600.webp 600w, https:\/\/www.topchinapack.com\/wp-content\/uploads\/2025\/11\/custom-spout-pouch-3-100x100.webp 100w\" sizes=\"(max-width: 2048px) 100vw, 2048px\" \/><\/figure>\n<\/div>\n\n\n\n<div class=\"wp-block-column is-layout-flow wp-block-column-is-layout-flow\">\n<figure class=\"wp-block-image size-full\"><img decoding=\"async\" width=\"2048\" height=\"2048\" src=\"https:\/\/www.topchinapack.com\/wp-content\/uploads\/2025\/11\/custom-spout-pouch-4.webp\" alt=\"pochette \u00e0 bec personnalis\u00e9e (4)\" class=\"wp-image-3176\" srcset=\"https:\/\/www.topchinapack.com\/wp-content\/uploads\/2025\/11\/custom-spout-pouch-4.webp 2048w, https:\/\/www.topchinapack.com\/wp-content\/uploads\/2025\/11\/custom-spout-pouch-4-300x300.webp 300w, https:\/\/www.topchinapack.com\/wp-content\/uploads\/2025\/11\/custom-spout-pouch-4-150x150.webp 150w, https:\/\/www.topchinapack.com\/wp-content\/uploads\/2025\/11\/custom-spout-pouch-4-768x768.webp 768w, https:\/\/www.topchinapack.com\/wp-content\/uploads\/2025\/11\/custom-spout-pouch-4-12x12.webp 12w, https:\/\/www.topchinapack.com\/wp-content\/uploads\/2025\/11\/custom-spout-pouch-4-1200x1200.webp 1200w, https:\/\/www.topchinapack.com\/wp-content\/uploads\/2025\/11\/custom-spout-pouch-4-600x600.webp 600w, https:\/\/www.topchinapack.com\/wp-content\/uploads\/2025\/11\/custom-spout-pouch-4-100x100.webp 100w\" sizes=\"(max-width: 2048px) 100vw, 2048px\" \/><\/figure>\n<\/div>\n<\/div>","protected":false},"excerpt":{"rendered":"<p>Rendez vos boissons plus attrayantes gr\u00e2ce \u00e0 nos sachets \u00e0 becs verseurs pour jus de fruits con\u00e7us sur mesure. Cette solution d'emballage innovante est con\u00e7ue pour am\u00e9liorer la commodit\u00e9 et la visibilit\u00e9 de la marque. Nous offrons une gamme compl\u00e8te d'options de personnalisation OEM\/ODM, y compris la taille, la construction mat\u00e9rielle, le type de bec et l'impression haute d\u00e9finition, pour vous aider \u00e0 cr\u00e9er un emballage qui repr\u00e9sente vraiment votre marque.<\/p>\n<h2>Caract\u00e9ristiques des pochettes \u00e0 bec personnalis\u00e9es<\/h2>\n<p><strong>Service personnalis\u00e9 :<\/strong>\u00a0le mat\u00e9riau, la taille, l'impression, le motif et les options suppl\u00e9mentaires<br \/><strong>Proc\u00e9d\u00e9 d'impression :<\/strong>\u00a0impression en h\u00e9liogravure, jusqu'\u00e0 10 couleurs, possibilit\u00e9 d'impression personnalis\u00e9e<br \/><strong>Caract\u00e9ristiques :<\/strong>\u00a0durable, imperm\u00e9able<br \/><strong>D\u00e9lai de livraison :<\/strong>\u00a010-20 jours<br \/><strong>Soutien \u00e0 l'\u00e9chantillonnage gratuit<\/strong><br \/><strong>Certification :<\/strong>\u00a0ISO, FDA, sans BPA, LFGB, norme europ\u00e9enne<\/p>\n<p data-pm-slice=\"0 0 []\"><strong>Grande durabilit\u00e9 et r\u00e9sistance \u00e0 la perforation :<\/strong> La structure lamin\u00e9e multicouche garantit une excellente solidit\u00e9 et une r\u00e9sistance \u00e0 la pression. Elle convient aussi bien aux boissons froides qu'aux boissons \u00e0 temp\u00e9rature ambiante.<\/p>\n<p><strong>Nombreuses options de personnalisation :<\/strong> Supports OEM\/ODM : choisissez la taille de la poche, le type de bec, l'impression, l'\u00e9paisseur et la structure du mat\u00e9riau en fonction des besoins de votre produit.<\/p>\n<p><strong>Un fort attrait pour les rayons :<\/strong> Les options d'impression personnalis\u00e9e offrent des couleurs \u00e9clatantes, une image de marque de premier ordre et une visibilit\u00e9 en rayon accrocheuse pour le succ\u00e8s de la vente au d\u00e9tail.<\/p>\n<p><strong>Applications polyvalentes :<\/strong> Parfait pour les jus, les smoothies, les aliments pour b\u00e9b\u00e9s, les boissons pour sportifs, les gels \u00e9nerg\u00e9tiques, les pur\u00e9es, les m\u00e9langes pour cocktails et bien plus encore.<\/p>\n<p><strong><b>Compatible avec une grande vari\u00e9t\u00e9 de contenus<\/b><\/strong>Les produits de l'UE sont les suivants : liquides (boissons), p\u00e2tes (cosm\u00e9tiques) et granul\u00e9s (aliments pour animaux de compagnie).<\/p>","protected":false},"featured_media":3173,"comment_status":"closed","ping_status":"closed","template":"","meta":{"_acf_changed":true},"product_brand":[],"product_cat":[22,39],"product_tag":[],"class_list":{"0":"post-2806","1":"product","2":"type-product","3":"status-publish","4":"has-post-thumbnail","6":"product_cat-custom-spout-pouches","7":"product_cat-custom-juice-spout-pouches","9":"first","10":"instock","11":"shipping-taxable","12":"product-type-simple"},"acf":[],"_links":{"self":[{"href":"https:\/\/www.topchinapack.com\/fr\/wp-json\/wp\/v2\/product\/2806","targetHints":{"allow":["GET"]}}],"collection":[{"href":"https:\/\/www.topchinapack.com\/fr\/wp-json\/wp\/v2\/product"}],"about":[{"href":"https:\/\/www.topchinapack.com\/fr\/wp-json\/wp\/v2\/types\/product"}],"replies":[{"embeddable":true,"href":"https:\/\/www.topchinapack.com\/fr\/wp-json\/wp\/v2\/comments?post=2806"}],"wp:featuredmedia":[{"embeddable":true,"href":"https:\/\/www.topchinapack.com\/fr\/wp-json\/wp\/v2\/media\/3173"}],"wp:attachment":[{"href":"https:\/\/www.topchinapack.com\/fr\/wp-json\/wp\/v2\/media?parent=2806"}],"wp:term":[{"taxonomy":"product_brand","embeddable":true,"href":"https:\/\/www.topchinapack.com\/fr\/wp-json\/wp\/v2\/product_brand?post=2806"},{"taxonomy":"product_cat","embeddable":true,"href":"https:\/\/www.topchinapack.com\/fr\/wp-json\/wp\/v2\/product_cat?post=2806"},{"taxonomy":"product_tag","embeddable":true,"href":"https:\/\/www.topchinapack.com\/fr\/wp-json\/wp\/v2\/product_tag?post=2806"}],"curies":[{"name":"wp","href":"https:\/\/api.w.org\/{rel}","templated":true}]}}