{"id":3056,"date":"2026-01-09T04:12:27","date_gmt":"2026-01-09T04:12:27","guid":{"rendered":"https:\/\/www.topchinapack.com\/?post_type=product&#038;p=3056"},"modified":"2026-01-09T04:12:32","modified_gmt":"2026-01-09T04:12:32","slug":"custom-stand-up-pouch-packaging-for-dried-vegetables","status":"publish","type":"product","link":"https:\/\/www.topchinapack.com\/fr\/produit\/custom-stand-up-pouch-packaging-for-dried-vegetables\/","title":{"rendered":"Emballage en sachet \u00e0 fond plat pour les l\u00e9gumes et champignons s\u00e9ch\u00e9s"},"content":{"rendered":"<div class=\"wp-block-columns is-layout-flex wp-container-core-columns-is-layout-9d6595d7 wp-block-columns-is-layout-flex\">\n<div class=\"wp-block-column is-layout-flow wp-block-column-is-layout-flow\">\n<figure class=\"wp-block-image size-full\"><img decoding=\"async\" width=\"800\" height=\"800\" src=\"https:\/\/www.topchinapack.com\/wp-content\/uploads\/2026\/01\/custom-stand-up-pouch-packaging-1.webp\" alt=\"emballage de pochettes personnalis\u00e9es (1)\" class=\"wp-image-3545\" srcset=\"https:\/\/www.topchinapack.com\/wp-content\/uploads\/2026\/01\/custom-stand-up-pouch-packaging-1.webp 800w, https:\/\/www.topchinapack.com\/wp-content\/uploads\/2026\/01\/custom-stand-up-pouch-packaging-1-300x300.webp 300w, https:\/\/www.topchinapack.com\/wp-content\/uploads\/2026\/01\/custom-stand-up-pouch-packaging-1-150x150.webp 150w, https:\/\/www.topchinapack.com\/wp-content\/uploads\/2026\/01\/custom-stand-up-pouch-packaging-1-768x768.webp 768w, https:\/\/www.topchinapack.com\/wp-content\/uploads\/2026\/01\/custom-stand-up-pouch-packaging-1-12x12.webp 12w, https:\/\/www.topchinapack.com\/wp-content\/uploads\/2026\/01\/custom-stand-up-pouch-packaging-1-600x600.webp 600w, https:\/\/www.topchinapack.com\/wp-content\/uploads\/2026\/01\/custom-stand-up-pouch-packaging-1-100x100.webp 100w\" sizes=\"(max-width: 800px) 100vw, 800px\" \/><\/figure>\n<\/div>\n\n\n\n<div class=\"wp-block-column is-layout-flow wp-block-column-is-layout-flow\">\n<figure class=\"wp-block-image size-full\"><img decoding=\"async\" width=\"800\" height=\"800\" src=\"https:\/\/www.topchinapack.com\/wp-content\/uploads\/2026\/01\/custom-stand-up-pouch-packaging-2.webp\" alt=\"emballage de pochettes personnalis\u00e9es (2)\" class=\"wp-image-3546\" srcset=\"https:\/\/www.topchinapack.com\/wp-content\/uploads\/2026\/01\/custom-stand-up-pouch-packaging-2.webp 800w, https:\/\/www.topchinapack.com\/wp-content\/uploads\/2026\/01\/custom-stand-up-pouch-packaging-2-300x300.webp 300w, https:\/\/www.topchinapack.com\/wp-content\/uploads\/2026\/01\/custom-stand-up-pouch-packaging-2-150x150.webp 150w, https:\/\/www.topchinapack.com\/wp-content\/uploads\/2026\/01\/custom-stand-up-pouch-packaging-2-768x768.webp 768w, https:\/\/www.topchinapack.com\/wp-content\/uploads\/2026\/01\/custom-stand-up-pouch-packaging-2-12x12.webp 12w, https:\/\/www.topchinapack.com\/wp-content\/uploads\/2026\/01\/custom-stand-up-pouch-packaging-2-600x600.webp 600w, https:\/\/www.topchinapack.com\/wp-content\/uploads\/2026\/01\/custom-stand-up-pouch-packaging-2-100x100.webp 100w\" sizes=\"(max-width: 800px) 100vw, 800px\" \/><\/figure>\n<\/div>\n<\/div>","protected":false},"excerpt":{"rendered":"<p>Emballez vos produits dans nos sachets de haute qualit\u00e9 et personnalisables. Ces sachets durables et r\u00e9sistants aux d\u00e9chirures sont con\u00e7us pour pr\u00e9server la fra\u00eecheur, la saveur et les nutriments en bloquant efficacement l'humidit\u00e9, l'oxyg\u00e8ne et la lumi\u00e8re. Des options de personnalisation compl\u00e8tes sont disponibles, notamment des fermetures \u00e0 glissi\u00e8re refermables et des fen\u00eatres transparentes. Contactez-nous pour un devis.<\/p>\n<h2>Informations sur le produit<\/h2>\n<p><strong>Service personnalis\u00e9 :<\/strong>\u00a0le mat\u00e9riau, la taille, l'impression, le motif et les options suppl\u00e9mentaires<br \/><strong>Proc\u00e9d\u00e9 d'impression :<\/strong>\u00a0impression en h\u00e9liogravure, jusqu'\u00e0 10 couleurs, possibilit\u00e9 d'impression personnalis\u00e9e<br \/><strong>Caract\u00e9ristiques :<\/strong>\u00a0durable, imperm\u00e9able<br \/><strong>D\u00e9lai de livraison :<\/strong>\u00a010-20 jours<br \/><strong>Soutien \u00e0 l'\u00e9chantillonnage gratuit<\/strong><br \/><strong>Certification :<\/strong>\u00a0ISO, FDA, sans BPA, LFGB, norme europ\u00e9enne<\/p>\n<h2>Caract\u00e9ristiques de la pochette sur mesure pour l\u00e9gumes secs<\/h2>\n<p><strong>Protection contre l'humidit\u00e9, l'oxyg\u00e8ne et la lumi\u00e8re<\/strong><\/p>\n<p>Les l\u00e9gumes secs et les champignons sont tr\u00e8s sensibles \u00e0 l'humidit\u00e9 et \u00e0 l'oxyg\u00e8ne.<\/p>\n<ul>\n<li>Nos sachets \u00e0 fond plat sont fabriqu\u00e9s \u00e0 partir de plusieurs couches de PET et, gr\u00e2ce \u00e0 l'utilisation de mat\u00e9riaux multicouches, ils emp\u00eachent la p\u00e9n\u00e9tration de la vapeur d'eau, de l'oxyg\u00e8ne et de la lumi\u00e8re ultraviolette.<\/li>\n<\/ul>\n<p><strong>Bonne durabilit\u00e9 et solidit\u00e9<\/strong><\/p>\n<ul>\n<li>\n<p>Au cours du stockage, du transport et de la manutention, les produits secs peuvent \u00eatre \u00e9cras\u00e9s ou leur emballage peut \u00eatre perfor\u00e9. Les emballages endommag\u00e9s r\u00e9duisent la confiance des consommateurs.<\/p>\n<\/li>\n<li>\n<p>Nos sachets \u00e0 fond plat sont fabriqu\u00e9s avec un film r\u00e9sistant \u00e0 la d\u00e9chirure et \u00e0 la perforation, ce qui leur conf\u00e8re une performance sup\u00e9rieure lors du transport et de la manipulation des produits.<\/p>\n<\/li>\n<\/ul>\n<p><strong>Commodit\u00e9 et r\u00e9utilisation<\/strong><\/p>\n<ul>\n<li>Les consommateurs pr\u00e9f\u00e8rent les emballages faciles \u00e0 ouvrir, \u00e0 verser et \u00e0 refermer. Un produit pratique \u00e0 utiliser encourage les achats r\u00e9p\u00e9t\u00e9s.<\/li>\n<li>La pochette est dot\u00e9e d'une fermeture \u00e0 glissi\u00e8re et d'une ouverture facile \u00e0 d\u00e9chirer, ce qui la rend pratique pour les utilisateurs.<\/li>\n<\/ul>","protected":false},"featured_media":3548,"comment_status":"closed","ping_status":"closed","template":"","meta":{"_acf_changed":true},"product_brand":[],"product_cat":[20],"product_tag":[],"class_list":{"0":"post-3056","1":"product","2":"type-product","3":"status-publish","4":"has-post-thumbnail","6":"product_cat-custom-stand-up-pouch","8":"first","9":"instock","10":"shipping-taxable","11":"product-type-simple"},"acf":[],"_links":{"self":[{"href":"https:\/\/www.topchinapack.com\/fr\/wp-json\/wp\/v2\/product\/3056","targetHints":{"allow":["GET"]}}],"collection":[{"href":"https:\/\/www.topchinapack.com\/fr\/wp-json\/wp\/v2\/product"}],"about":[{"href":"https:\/\/www.topchinapack.com\/fr\/wp-json\/wp\/v2\/types\/product"}],"replies":[{"embeddable":true,"href":"https:\/\/www.topchinapack.com\/fr\/wp-json\/wp\/v2\/comments?post=3056"}],"wp:featuredmedia":[{"embeddable":true,"href":"https:\/\/www.topchinapack.com\/fr\/wp-json\/wp\/v2\/media\/3548"}],"wp:attachment":[{"href":"https:\/\/www.topchinapack.com\/fr\/wp-json\/wp\/v2\/media?parent=3056"}],"wp:term":[{"taxonomy":"product_brand","embeddable":true,"href":"https:\/\/www.topchinapack.com\/fr\/wp-json\/wp\/v2\/product_brand?post=3056"},{"taxonomy":"product_cat","embeddable":true,"href":"https:\/\/www.topchinapack.com\/fr\/wp-json\/wp\/v2\/product_cat?post=3056"},{"taxonomy":"product_tag","embeddable":true,"href":"https:\/\/www.topchinapack.com\/fr\/wp-json\/wp\/v2\/product_tag?post=3056"}],"curies":[{"name":"wp","href":"https:\/\/api.w.org\/{rel}","templated":true}]}}