{"id":3195,"date":"2025-12-17T10:40:15","date_gmt":"2025-12-17T10:40:15","guid":{"rendered":"https:\/\/www.topchinapack.com\/?post_type=product&#038;p=3195"},"modified":"2025-12-17T10:40:18","modified_gmt":"2025-12-17T10:40:18","slug":"custom-protein-powder-stand-up-pouch-packaging","status":"publish","type":"product","link":"https:\/\/www.topchinapack.com\/fr\/produit\/custom-protein-powder-stand-up-pouch-packaging\/","title":{"rendered":"Emballage de sachets \u00e0 fond plat de prot\u00e9ines en poudre sur mesure"},"content":{"rendered":"<div class=\"wp-block-columns is-layout-flex wp-container-core-columns-is-layout-9d6595d7 wp-block-columns-is-layout-flex\">\n<div class=\"wp-block-column is-layout-flow wp-block-column-is-layout-flow\">\n<figure class=\"wp-block-image size-full\"><img decoding=\"async\" width=\"1200\" height=\"1200\" src=\"https:\/\/www.topchinapack.com\/wp-content\/uploads\/2025\/12\/custom-protein-powder-stand-up-pouch-3.png\" alt=\"sachet de prot\u00e9ines en poudre personnalis\u00e9 (3)\" class=\"wp-image-3281\" srcset=\"https:\/\/www.topchinapack.com\/wp-content\/uploads\/2025\/12\/custom-protein-powder-stand-up-pouch-3.png 1200w, https:\/\/www.topchinapack.com\/wp-content\/uploads\/2025\/12\/custom-protein-powder-stand-up-pouch-3-300x300.png 300w, https:\/\/www.topchinapack.com\/wp-content\/uploads\/2025\/12\/custom-protein-powder-stand-up-pouch-3-150x150.png 150w, https:\/\/www.topchinapack.com\/wp-content\/uploads\/2025\/12\/custom-protein-powder-stand-up-pouch-3-768x768.png 768w, https:\/\/www.topchinapack.com\/wp-content\/uploads\/2025\/12\/custom-protein-powder-stand-up-pouch-3-12x12.png 12w, https:\/\/www.topchinapack.com\/wp-content\/uploads\/2025\/12\/custom-protein-powder-stand-up-pouch-3-600x600.png 600w, https:\/\/www.topchinapack.com\/wp-content\/uploads\/2025\/12\/custom-protein-powder-stand-up-pouch-3-100x100.png 100w\" sizes=\"(max-width: 1200px) 100vw, 1200px\" \/><\/figure>\n<\/div>\n\n\n\n<div class=\"wp-block-column is-layout-flow wp-block-column-is-layout-flow\">\n<figure class=\"wp-block-image size-full\"><img decoding=\"async\" width=\"1200\" height=\"1200\" src=\"https:\/\/www.topchinapack.com\/wp-content\/uploads\/2025\/12\/custom-protein-powder-stand-up-pouch-4.png\" alt=\"sachet de prot\u00e9ines en poudre personnalis\u00e9 (4)\" class=\"wp-image-3282\" srcset=\"https:\/\/www.topchinapack.com\/wp-content\/uploads\/2025\/12\/custom-protein-powder-stand-up-pouch-4.png 1200w, https:\/\/www.topchinapack.com\/wp-content\/uploads\/2025\/12\/custom-protein-powder-stand-up-pouch-4-300x300.png 300w, https:\/\/www.topchinapack.com\/wp-content\/uploads\/2025\/12\/custom-protein-powder-stand-up-pouch-4-150x150.png 150w, https:\/\/www.topchinapack.com\/wp-content\/uploads\/2025\/12\/custom-protein-powder-stand-up-pouch-4-768x768.png 768w, https:\/\/www.topchinapack.com\/wp-content\/uploads\/2025\/12\/custom-protein-powder-stand-up-pouch-4-12x12.png 12w, https:\/\/www.topchinapack.com\/wp-content\/uploads\/2025\/12\/custom-protein-powder-stand-up-pouch-4-600x600.png 600w, https:\/\/www.topchinapack.com\/wp-content\/uploads\/2025\/12\/custom-protein-powder-stand-up-pouch-4-100x100.png 100w\" sizes=\"(max-width: 1200px) 100vw, 1200px\" \/><\/figure>\n<\/div>\n<\/div>","protected":false},"excerpt":{"rendered":"<p>En tant que fabricant d'emballages souples alimentaires, nous fournissons des solutions d'emballage de haute qualit\u00e9 pour les prot\u00e9ines en poudre. Compar\u00e9s aux emballages rigides, les sachets \u00e0 fond plat sont plus l\u00e9gers, moins encombrants et plus faciles \u00e0 transporter. Ils peuvent \u00e9galement \u00eatre referm\u00e9s plusieurs fois gr\u00e2ce \u00e0 une fermeture \u00e0 glissi\u00e8re, ce qui permet de conserver la fra\u00eecheur et la valeur nutritionnelle du produit.<\/p>\n<h2>Informations sur le produit<\/h2>\n<p><strong>Service personnalis\u00e9 :<\/strong>\u00a0le mat\u00e9riau, la taille, l'impression, le motif et les options suppl\u00e9mentaires<br \/><strong>Proc\u00e9d\u00e9 d'impression :<\/strong>\u00a0impression en h\u00e9liogravure, jusqu'\u00e0 10 couleurs, possibilit\u00e9 d'impression personnalis\u00e9e<br \/><strong>Caract\u00e9ristiques :<\/strong>\u00a0durable, imperm\u00e9able<br \/><strong>D\u00e9lai de livraison :<\/strong>\u00a010-20 jours<br \/><strong>Soutien \u00e0 l'\u00e9chantillonnage gratuit<\/strong><br \/><strong>Certification :<\/strong>\u00a0ISO, FDA, sans BPA, LFGB, norme europ\u00e9enne<\/p>\n<h2>Caract\u00e9ristiques de la pochette de poudre prot\u00e9in\u00e9e Custom Stand-up Pouch<\/h2>\n<ul>\n<li>\n<p><strong>Protection contre les UV et la lumi\u00e8re :<\/strong> Les formulations de prot\u00e9ines, en particulier celles qui contiennent des vitamines ou des pigments naturels, peuvent se d\u00e9grader sous l'effet de la lumi\u00e8re. Des films opaques ou m\u00e9tallis\u00e9s peuvent \u00eatre utilis\u00e9s pour bloquer compl\u00e8tement la lumi\u00e8re.<\/p>\n<\/li>\n<li>\n<p><strong>Fermetures \u00e0 glissi\u00e8re r\u00e9sistantes \u00e0 la poudre :<\/strong> Des fermetures \u00e0 glissi\u00e8re \"crochet \u00e0 crochet\" de haute qualit\u00e9 ou des fermetures \u00e0 glissi\u00e8re sp\u00e9cialis\u00e9es pour la poudre fine garantissent que le joint ne s'obstrue pas avec la poudre, ce qui permet une refermeture fiable \u00e0 chaque fois.<\/p>\n<\/li>\n<li>\n<p><strong>R\u00e9sistance aux chocs Durabilit\u00e9 :<\/strong> Contrairement aux conteneurs en plastique rigide qui peuvent se briser en cas de chute pendant le transport ou la manutention, les sacs d'emballage souples sont r\u00e9sistants \u00e0 la perforation et absorbent les chocs.<\/p>\n<\/li>\n<li>\n<p><strong>Personnalisation compl\u00e8te :<\/strong> Nous pouvons personnaliser la taille de l'emballage, les mat\u00e9riaux, l'impression et les accessoires fonctionnels (tels que les fermetures \u00e9clair, les becs verseurs ou les poign\u00e9es) en fonction des besoins du client, afin de r\u00e9pondre \u00e0 de multiples exigences, notamment l'affichage de l'image de marque, la commodit\u00e9 du stockage et la s\u00e9curit\u00e9 du transport.<\/p>\n<\/li>\n<\/ul>","protected":false},"featured_media":3278,"comment_status":"closed","ping_status":"closed","template":"","meta":{"_acf_changed":false},"product_brand":[],"product_cat":[20],"product_tag":[],"class_list":{"0":"post-3195","1":"product","2":"type-product","3":"status-publish","4":"has-post-thumbnail","6":"product_cat-custom-stand-up-pouch","8":"first","9":"instock","10":"shipping-taxable","11":"product-type-simple"},"acf":[],"_links":{"self":[{"href":"https:\/\/www.topchinapack.com\/fr\/wp-json\/wp\/v2\/product\/3195","targetHints":{"allow":["GET"]}}],"collection":[{"href":"https:\/\/www.topchinapack.com\/fr\/wp-json\/wp\/v2\/product"}],"about":[{"href":"https:\/\/www.topchinapack.com\/fr\/wp-json\/wp\/v2\/types\/product"}],"replies":[{"embeddable":true,"href":"https:\/\/www.topchinapack.com\/fr\/wp-json\/wp\/v2\/comments?post=3195"}],"wp:featuredmedia":[{"embeddable":true,"href":"https:\/\/www.topchinapack.com\/fr\/wp-json\/wp\/v2\/media\/3278"}],"wp:attachment":[{"href":"https:\/\/www.topchinapack.com\/fr\/wp-json\/wp\/v2\/media?parent=3195"}],"wp:term":[{"taxonomy":"product_brand","embeddable":true,"href":"https:\/\/www.topchinapack.com\/fr\/wp-json\/wp\/v2\/product_brand?post=3195"},{"taxonomy":"product_cat","embeddable":true,"href":"https:\/\/www.topchinapack.com\/fr\/wp-json\/wp\/v2\/product_cat?post=3195"},{"taxonomy":"product_tag","embeddable":true,"href":"https:\/\/www.topchinapack.com\/fr\/wp-json\/wp\/v2\/product_tag?post=3195"}],"curies":[{"name":"wp","href":"https:\/\/api.w.org\/{rel}","templated":true}]}}