{"id":3482,"date":"2026-01-08T01:29:13","date_gmt":"2026-01-08T01:29:13","guid":{"rendered":"https:\/\/www.topchinapack.com\/?post_type=product&#038;p=3482"},"modified":"2026-01-08T01:29:17","modified_gmt":"2026-01-08T01:29:17","slug":"custom-brand-spout-pouch","status":"publish","type":"product","link":"https:\/\/www.topchinapack.com\/fr\/produit\/custom-brand-spout-pouch\/","title":{"rendered":"Pochette \u00e0 bec de marque personnalis\u00e9e, pochette \u00e0 bec de ros\u00e9e"},"content":{"rendered":"<div class=\"wp-block-columns is-layout-flex wp-container-core-columns-is-layout-9d6595d7 wp-block-columns-is-layout-flex\">\n<div class=\"wp-block-column is-layout-flow wp-block-column-is-layout-flow\">\n<figure class=\"wp-block-image size-full\"><img decoding=\"async\" width=\"800\" height=\"800\" src=\"https:\/\/www.topchinapack.com\/wp-content\/uploads\/2026\/01\/custom-brand-spout-pouch-2.webp\" alt=\"pochette \u00e0 bec de marque personnalis\u00e9e (2)\" class=\"wp-image-3504\" srcset=\"https:\/\/www.topchinapack.com\/wp-content\/uploads\/2026\/01\/custom-brand-spout-pouch-2.webp 800w, https:\/\/www.topchinapack.com\/wp-content\/uploads\/2026\/01\/custom-brand-spout-pouch-2-300x300.webp 300w, https:\/\/www.topchinapack.com\/wp-content\/uploads\/2026\/01\/custom-brand-spout-pouch-2-150x150.webp 150w, https:\/\/www.topchinapack.com\/wp-content\/uploads\/2026\/01\/custom-brand-spout-pouch-2-768x768.webp 768w, https:\/\/www.topchinapack.com\/wp-content\/uploads\/2026\/01\/custom-brand-spout-pouch-2-12x12.webp 12w, https:\/\/www.topchinapack.com\/wp-content\/uploads\/2026\/01\/custom-brand-spout-pouch-2-600x600.webp 600w, https:\/\/www.topchinapack.com\/wp-content\/uploads\/2026\/01\/custom-brand-spout-pouch-2-100x100.webp 100w\" sizes=\"(max-width: 800px) 100vw, 800px\" \/><\/figure>\n<\/div>\n\n\n\n<div class=\"wp-block-column is-layout-flow wp-block-column-is-layout-flow\">\n<figure class=\"wp-block-image size-full\"><img decoding=\"async\" width=\"800\" height=\"800\" src=\"https:\/\/www.topchinapack.com\/wp-content\/uploads\/2026\/01\/custom-brand-spout-pouch-3.webp\" alt=\"pochette \u00e0 bec de marque personnalis\u00e9e (3)\" class=\"wp-image-3505\" srcset=\"https:\/\/www.topchinapack.com\/wp-content\/uploads\/2026\/01\/custom-brand-spout-pouch-3.webp 800w, https:\/\/www.topchinapack.com\/wp-content\/uploads\/2026\/01\/custom-brand-spout-pouch-3-300x300.webp 300w, https:\/\/www.topchinapack.com\/wp-content\/uploads\/2026\/01\/custom-brand-spout-pouch-3-150x150.webp 150w, https:\/\/www.topchinapack.com\/wp-content\/uploads\/2026\/01\/custom-brand-spout-pouch-3-768x768.webp 768w, https:\/\/www.topchinapack.com\/wp-content\/uploads\/2026\/01\/custom-brand-spout-pouch-3-12x12.webp 12w, https:\/\/www.topchinapack.com\/wp-content\/uploads\/2026\/01\/custom-brand-spout-pouch-3-600x600.webp 600w, https:\/\/www.topchinapack.com\/wp-content\/uploads\/2026\/01\/custom-brand-spout-pouch-3-100x100.webp 100w\" sizes=\"(max-width: 800px) 100vw, 800px\" \/><\/figure>\n<\/div>\n<\/div>","protected":false},"excerpt":{"rendered":"<p>Vente en gros de sachets \u00e0 bec de marque personnalis\u00e9e. Nous combinons l'impression haute d\u00e9finition et une technologie de pointe en mati\u00e8re d'\u00e9tanch\u00e9it\u00e9 pour garantir que vos produits sont pr\u00e9sent\u00e9s de mani\u00e8re vivante et claire, et qu'ils sont faciles \u00e0 transporter. Des options de personnalisation compl\u00e8tes sont disponibles, y compris la taille, la couleur, le motif et les accessoires.<\/p>\n<h2>Informations sur le produit<\/h2>\n<p><strong>Service personnalis\u00e9 :<\/strong>\u00a0le mat\u00e9riau, la taille, l'impression, le motif et les options suppl\u00e9mentaires<br \/><strong>Proc\u00e9d\u00e9 d'impression :<\/strong>\u00a0impression en h\u00e9liogravure, jusqu'\u00e0 10 couleurs, possibilit\u00e9 d'impression personnalis\u00e9e<br \/><strong>Caract\u00e9ristiques :<\/strong>\u00a0durable, imperm\u00e9able<br \/><strong>D\u00e9lai de livraison :<\/strong>\u00a010-20 jours<br \/><strong>Soutien \u00e0 l'\u00e9chantillonnage gratuit<\/strong><br \/><strong>Certification :<\/strong>\u00a0ISO, FDA, sans BPA, LFGB, norme europ\u00e9enne<\/p>\n<h2>Caract\u00e9ristiques de la pochette \u00e0 bec Custom Brand<\/h2>\n<ul>\n<li>\n<p><strong>Impression h\u00e9lio haute d\u00e9finition :<\/strong> En tant que fabricant professionnel de pochettes \u00e0 bec, nous utilisons l'impression en 10 couleurs pour garantir que votre marque et vos produits sont pr\u00e9sent\u00e9s de mani\u00e8re claire et nette.<\/p>\n<\/li>\n<li>\n<p><strong>Mat\u00e9riaux de qualit\u00e9 alimentaire :<\/strong> Nous utilisons des mat\u00e9riaux sans BPA, approuv\u00e9s par la FDA et certifi\u00e9s ISO pour garantir que le contenu reste non contamin\u00e9 et sans danger pour la consommation.<\/p>\n<\/li>\n<li>\n<p><strong>Test d'\u00e9tanch\u00e9it\u00e9 :<\/strong> Chaque lot de produits est soumis \u00e0 un test de vide \u00e0 haute pression et \u00e0 un test d'\u00e9clatement pour garantir que le bec et les joints ne se brisent pas pendant le transport ou l'utilisation.<\/p>\n<\/li>\n<li>\n<p><strong>L'avantage du \"direct usine\" :<\/strong> En travaillant directement avec notre usine, vous pouvez \u00e9viter les interm\u00e9diaires, \u00e9conomiser 20-30% sur les co\u00fbts et b\u00e9n\u00e9ficier de services de personnalisation complets.<\/p>\n<\/li>\n<\/ul>","protected":false},"featured_media":3503,"comment_status":"closed","ping_status":"closed","template":"","meta":{"_acf_changed":false},"product_brand":[],"product_cat":[22,43],"product_tag":[],"class_list":{"0":"post-3482","1":"product","2":"type-product","3":"status-publish","4":"has-post-thumbnail","6":"product_cat-custom-spout-pouches","7":"product_cat-custom-beverage-spout-pouches","9":"first","10":"instock","11":"shipping-taxable","12":"product-type-simple"},"acf":[],"_links":{"self":[{"href":"https:\/\/www.topchinapack.com\/fr\/wp-json\/wp\/v2\/product\/3482","targetHints":{"allow":["GET"]}}],"collection":[{"href":"https:\/\/www.topchinapack.com\/fr\/wp-json\/wp\/v2\/product"}],"about":[{"href":"https:\/\/www.topchinapack.com\/fr\/wp-json\/wp\/v2\/types\/product"}],"replies":[{"embeddable":true,"href":"https:\/\/www.topchinapack.com\/fr\/wp-json\/wp\/v2\/comments?post=3482"}],"wp:featuredmedia":[{"embeddable":true,"href":"https:\/\/www.topchinapack.com\/fr\/wp-json\/wp\/v2\/media\/3503"}],"wp:attachment":[{"href":"https:\/\/www.topchinapack.com\/fr\/wp-json\/wp\/v2\/media?parent=3482"}],"wp:term":[{"taxonomy":"product_brand","embeddable":true,"href":"https:\/\/www.topchinapack.com\/fr\/wp-json\/wp\/v2\/product_brand?post=3482"},{"taxonomy":"product_cat","embeddable":true,"href":"https:\/\/www.topchinapack.com\/fr\/wp-json\/wp\/v2\/product_cat?post=3482"},{"taxonomy":"product_tag","embeddable":true,"href":"https:\/\/www.topchinapack.com\/fr\/wp-json\/wp\/v2\/product_tag?post=3482"}],"curies":[{"name":"wp","href":"https:\/\/api.w.org\/{rel}","templated":true}]}}