{"id":3483,"date":"2026-01-08T01:54:14","date_gmt":"2026-01-08T01:54:14","guid":{"rendered":"https:\/\/www.topchinapack.com\/?post_type=product&#038;p=3483"},"modified":"2026-01-08T01:54:17","modified_gmt":"2026-01-08T01:54:17","slug":"custom-fruit-puree-spout-pouch-packaging","status":"publish","type":"product","link":"https:\/\/www.topchinapack.com\/fr\/produit\/custom-fruit-puree-spout-pouch-packaging\/","title":{"rendered":"Pochette \u00e0 bec pour pur\u00e9e de fruits sur mesure - Emballage de pur\u00e9e de fruits de qualit\u00e9 alimentaire"},"content":{"rendered":"<div class=\"wp-block-columns is-layout-flex wp-container-core-columns-is-layout-9d6595d7 wp-block-columns-is-layout-flex\">\n<div class=\"wp-block-column is-layout-flow wp-block-column-is-layout-flow\">\n<figure class=\"wp-block-image size-full\"><img decoding=\"async\" width=\"800\" height=\"800\" src=\"https:\/\/www.topchinapack.com\/wp-content\/uploads\/2026\/01\/custom-fruit-puree-spout-pouch-4.webp\" alt=\"pochette \u00e0 bec pour pur\u00e9e de fruits personnalis\u00e9e (4)\" class=\"wp-image-3514\" srcset=\"https:\/\/www.topchinapack.com\/wp-content\/uploads\/2026\/01\/custom-fruit-puree-spout-pouch-4.webp 800w, https:\/\/www.topchinapack.com\/wp-content\/uploads\/2026\/01\/custom-fruit-puree-spout-pouch-4-300x300.webp 300w, https:\/\/www.topchinapack.com\/wp-content\/uploads\/2026\/01\/custom-fruit-puree-spout-pouch-4-150x150.webp 150w, https:\/\/www.topchinapack.com\/wp-content\/uploads\/2026\/01\/custom-fruit-puree-spout-pouch-4-768x768.webp 768w, https:\/\/www.topchinapack.com\/wp-content\/uploads\/2026\/01\/custom-fruit-puree-spout-pouch-4-12x12.webp 12w, https:\/\/www.topchinapack.com\/wp-content\/uploads\/2026\/01\/custom-fruit-puree-spout-pouch-4-600x600.webp 600w, https:\/\/www.topchinapack.com\/wp-content\/uploads\/2026\/01\/custom-fruit-puree-spout-pouch-4-100x100.webp 100w\" sizes=\"(max-width: 800px) 100vw, 800px\" \/><\/figure>\n<\/div>\n\n\n\n<div class=\"wp-block-column is-layout-flow wp-block-column-is-layout-flow\">\n<figure class=\"wp-block-image size-full\"><img decoding=\"async\" width=\"800\" height=\"800\" src=\"https:\/\/www.topchinapack.com\/wp-content\/uploads\/2026\/01\/custom-fruit-puree-spout-pouch-6.webp\" alt=\"pochette \u00e0 bec pour pur\u00e9e de fruits personnalis\u00e9e (6)\" class=\"wp-image-3516\" srcset=\"https:\/\/www.topchinapack.com\/wp-content\/uploads\/2026\/01\/custom-fruit-puree-spout-pouch-6.webp 800w, https:\/\/www.topchinapack.com\/wp-content\/uploads\/2026\/01\/custom-fruit-puree-spout-pouch-6-300x300.webp 300w, https:\/\/www.topchinapack.com\/wp-content\/uploads\/2026\/01\/custom-fruit-puree-spout-pouch-6-150x150.webp 150w, https:\/\/www.topchinapack.com\/wp-content\/uploads\/2026\/01\/custom-fruit-puree-spout-pouch-6-768x768.webp 768w, https:\/\/www.topchinapack.com\/wp-content\/uploads\/2026\/01\/custom-fruit-puree-spout-pouch-6-12x12.webp 12w, https:\/\/www.topchinapack.com\/wp-content\/uploads\/2026\/01\/custom-fruit-puree-spout-pouch-6-600x600.webp 600w, https:\/\/www.topchinapack.com\/wp-content\/uploads\/2026\/01\/custom-fruit-puree-spout-pouch-6-100x100.webp 100w\" sizes=\"(max-width: 800px) 100vw, 800px\" \/><\/figure>\n<\/div>\n<\/div>","protected":false},"excerpt":{"rendered":"<p>Sachets \u00e0 bec pour pur\u00e9e de fruits personnalis\u00e9s en gros, pr\u00e9sentant d'excellentes propri\u00e9t\u00e9s de scellage et une distribution pratique. Nous pouvons garantir la compatibilit\u00e9 avec votre processus de remplissage et vos exigences sp\u00e9cifiques. Contactez-nous pour un devis.<\/p>\n<h2>Informations sur le produit<\/h2>\n<p><strong>Service personnalis\u00e9 :<\/strong>\u00a0le mat\u00e9riau, la taille, l'impression, le motif et les options suppl\u00e9mentaires<br \/><strong>Proc\u00e9d\u00e9 d'impression :<\/strong>\u00a0impression en h\u00e9liogravure, jusqu'\u00e0 10 couleurs, possibilit\u00e9 d'impression personnalis\u00e9e<br \/><strong>Caract\u00e9ristiques :<\/strong>\u00a0durable, imperm\u00e9able<br \/><strong>D\u00e9lai de livraison :<\/strong>\u00a010-20 jours<br \/><strong>Soutien \u00e0 l'\u00e9chantillonnage gratuit<\/strong><br \/><strong>Certification :<\/strong>\u00a0ISO, FDA, sans BPA, LFGB, norme europ\u00e9enne<\/p>\n<h2>Caract\u00e9ristiques de la pochette \u00e0 bec pour pur\u00e9e de fruits sur mesure<\/h2>\n<ul>\n<li>\n<p><strong>Mat\u00e9riaux certifi\u00e9s de qualit\u00e9 alimentaire et s\u00fbrs :<\/strong> Nos sachets \u00e0 bec personnalis\u00e9s sont fabriqu\u00e9s \u00e0 partir de mat\u00e9riaux de qualit\u00e9 alimentaire, sans BPA, non toxiques et inodores. L'emballage est conforme aux r\u00e9glementations internationales en mati\u00e8re de s\u00e9curit\u00e9 alimentaire.<\/p>\n<\/li>\n<li>\n<p><strong>Syst\u00e8me fiable de bec et de bouchon anti-fuite :<\/strong> Dot\u00e9s d'un bec moul\u00e9 avec pr\u00e9cision et d'un bouchon \u00e0 vis tr\u00e8s efficace, nos sachets emp\u00eachent efficacement les fuites et les d\u00e9versements. Cette structure garantit une \u00e9tanch\u00e9it\u00e9 parfaite, m\u00eame sous pression.<\/p>\n<\/li>\n<li>\n<p><strong>Propri\u00e9t\u00e9s de barri\u00e8re forte :<\/strong> Les pur\u00e9es de fruits sont tr\u00e8s sensibles \u00e0 l'oxyg\u00e8ne, \u00e0 l'humidit\u00e9 et \u00e0 la lumi\u00e8re, ce qui peut affecter leur go\u00fbt, leur couleur et leur valeur nutritionnelle. Nos sachets \u00e0 bec utilisent une structure composite multicouche pour fournir une excellente barri\u00e8re de protection, prolongeant la dur\u00e9e de conservation et maintenant la fra\u00eecheur du produit.<\/p>\n<\/li>\n<li>\n<p><strong>Hautement personnalisable :<\/strong> Nous proposons des options de personnalisation compl\u00e8tes, notamment en ce qui concerne la taille, la forme, la structure du mat\u00e9riau, le type de bec et la position du sachet.<\/p>\n<\/li>\n<\/ul>","protected":false},"featured_media":3511,"comment_status":"closed","ping_status":"closed","template":"","meta":{"_acf_changed":true},"product_brand":[],"product_cat":[22],"product_tag":[],"class_list":{"0":"post-3483","1":"product","2":"type-product","3":"status-publish","4":"has-post-thumbnail","6":"product_cat-custom-spout-pouches","8":"first","9":"instock","10":"shipping-taxable","11":"product-type-simple"},"acf":[],"_links":{"self":[{"href":"https:\/\/www.topchinapack.com\/fr\/wp-json\/wp\/v2\/product\/3483","targetHints":{"allow":["GET"]}}],"collection":[{"href":"https:\/\/www.topchinapack.com\/fr\/wp-json\/wp\/v2\/product"}],"about":[{"href":"https:\/\/www.topchinapack.com\/fr\/wp-json\/wp\/v2\/types\/product"}],"replies":[{"embeddable":true,"href":"https:\/\/www.topchinapack.com\/fr\/wp-json\/wp\/v2\/comments?post=3483"}],"wp:featuredmedia":[{"embeddable":true,"href":"https:\/\/www.topchinapack.com\/fr\/wp-json\/wp\/v2\/media\/3511"}],"wp:attachment":[{"href":"https:\/\/www.topchinapack.com\/fr\/wp-json\/wp\/v2\/media?parent=3483"}],"wp:term":[{"taxonomy":"product_brand","embeddable":true,"href":"https:\/\/www.topchinapack.com\/fr\/wp-json\/wp\/v2\/product_brand?post=3483"},{"taxonomy":"product_cat","embeddable":true,"href":"https:\/\/www.topchinapack.com\/fr\/wp-json\/wp\/v2\/product_cat?post=3483"},{"taxonomy":"product_tag","embeddable":true,"href":"https:\/\/www.topchinapack.com\/fr\/wp-json\/wp\/v2\/product_tag?post=3483"}],"curies":[{"name":"wp","href":"https:\/\/api.w.org\/{rel}","templated":true}]}}