{"id":3486,"date":"2026-01-09T03:40:55","date_gmt":"2026-01-09T03:40:55","guid":{"rendered":"https:\/\/www.topchinapack.com\/?post_type=product&#038;p=3486"},"modified":"2026-01-09T03:48:11","modified_gmt":"2026-01-09T03:48:11","slug":"custom-spout-pouches-packaging-for-fruit-vegetable-juice","status":"publish","type":"product","link":"https:\/\/www.topchinapack.com\/fr\/produit\/custom-spout-pouches-packaging-for-fruit-vegetable-juice\/","title":{"rendered":"Emballages \u00e0 becs personnalis\u00e9s pour jus de fruits, jus de l\u00e9gumes"},"content":{"rendered":"<div class=\"wp-block-columns is-layout-flex wp-container-core-columns-is-layout-9d6595d7 wp-block-columns-is-layout-flex\">\n<div class=\"wp-block-column is-layout-flow wp-block-column-is-layout-flow\">\n<figure class=\"wp-block-image size-full\"><img decoding=\"async\" width=\"800\" height=\"800\" src=\"https:\/\/www.topchinapack.com\/wp-content\/uploads\/2026\/01\/custom-juice-spout-pouch-5.webp\" alt=\"pochette de jus de fruit personnalis\u00e9e (5)\" class=\"wp-image-3538\" srcset=\"https:\/\/www.topchinapack.com\/wp-content\/uploads\/2026\/01\/custom-juice-spout-pouch-5.webp 800w, https:\/\/www.topchinapack.com\/wp-content\/uploads\/2026\/01\/custom-juice-spout-pouch-5-300x300.webp 300w, https:\/\/www.topchinapack.com\/wp-content\/uploads\/2026\/01\/custom-juice-spout-pouch-5-150x150.webp 150w, https:\/\/www.topchinapack.com\/wp-content\/uploads\/2026\/01\/custom-juice-spout-pouch-5-768x768.webp 768w, https:\/\/www.topchinapack.com\/wp-content\/uploads\/2026\/01\/custom-juice-spout-pouch-5-12x12.webp 12w, https:\/\/www.topchinapack.com\/wp-content\/uploads\/2026\/01\/custom-juice-spout-pouch-5-600x600.webp 600w, https:\/\/www.topchinapack.com\/wp-content\/uploads\/2026\/01\/custom-juice-spout-pouch-5-100x100.webp 100w\" sizes=\"(max-width: 800px) 100vw, 800px\" \/><\/figure>\n<\/div>\n\n\n\n<div class=\"wp-block-column is-layout-flow wp-block-column-is-layout-flow\">\n<figure class=\"wp-block-image size-full\"><img decoding=\"async\" width=\"800\" height=\"800\" src=\"https:\/\/www.topchinapack.com\/wp-content\/uploads\/2026\/01\/custom-juice-spout-pouch-6.webp\" alt=\"pochette de jus de fruit personnalis\u00e9e (6)\" class=\"wp-image-3539\" srcset=\"https:\/\/www.topchinapack.com\/wp-content\/uploads\/2026\/01\/custom-juice-spout-pouch-6.webp 800w, https:\/\/www.topchinapack.com\/wp-content\/uploads\/2026\/01\/custom-juice-spout-pouch-6-300x300.webp 300w, https:\/\/www.topchinapack.com\/wp-content\/uploads\/2026\/01\/custom-juice-spout-pouch-6-150x150.webp 150w, https:\/\/www.topchinapack.com\/wp-content\/uploads\/2026\/01\/custom-juice-spout-pouch-6-768x768.webp 768w, https:\/\/www.topchinapack.com\/wp-content\/uploads\/2026\/01\/custom-juice-spout-pouch-6-12x12.webp 12w, https:\/\/www.topchinapack.com\/wp-content\/uploads\/2026\/01\/custom-juice-spout-pouch-6-600x600.webp 600w, https:\/\/www.topchinapack.com\/wp-content\/uploads\/2026\/01\/custom-juice-spout-pouch-6-100x100.webp 100w\" sizes=\"(max-width: 800px) 100vw, 800px\" \/><\/figure>\n<\/div>\n<\/div>","protected":false},"excerpt":{"rendered":"<p>Nos sachets \u00e0 bec pour jus de fruits et de l\u00e9gumes, con\u00e7us sur mesure, r\u00e9pondent aux normes les plus strictes en mati\u00e8re de durabilit\u00e9, de s\u00e9curit\u00e9 et de commodit\u00e9 pour le consommateur. Chaque poche est fabriqu\u00e9e \u00e0 partir de mat\u00e9riaux de haute qualit\u00e9 alimentaire et est r\u00e9sistante \u00e0 la d\u00e9chirure, \u00e0 la perforation et aux fuites. Contactez-nous pour un devis.<\/p>\n<h2>Informations sur le produit<\/h2>\n<p><strong>Service personnalis\u00e9 :<\/strong>\u00a0le mat\u00e9riau, la taille, l'impression, le motif et les options suppl\u00e9mentaires<br \/><strong>Proc\u00e9d\u00e9 d'impression :<\/strong>\u00a0impression en h\u00e9liogravure, jusqu'\u00e0 10 couleurs, possibilit\u00e9 d'impression personnalis\u00e9e<br \/><strong>Caract\u00e9ristiques :<\/strong>\u00a0durable, imperm\u00e9able<br \/><strong>D\u00e9lai de livraison :<\/strong>\u00a010-20 jours<br \/><strong>Soutien \u00e0 l'\u00e9chantillonnage gratuit<\/strong><br \/><strong>Certification :<\/strong>\u00a0ISO, FDA, sans BPA, LFGB, norme europ\u00e9enne<\/p>\n<h2>Caract\u00e9ristiques de la pochette \u00e0 bec personnalis\u00e9e<\/h2>\n<p><strong>Fra\u00eecheur et pr\u00e9servation des nutriments<\/strong><\/p>\n<p>Les jus de fruits et de l\u00e9gumes sont sensibles \u00e0 l'oxyg\u00e8ne, \u00e0 la lumi\u00e8re et \u00e0 la chaleur, qui peuvent d\u00e9grader leur saveur, leur couleur et leurs nutriments. Nos emballages \u00e0 bec vous offrent une solution de protection compl\u00e8te.<\/p>\n<ul>\n<li>\n<p>Nos pochettes \u00e0 bec personnalis\u00e9es utilisent des mat\u00e9riaux multicouches pour bloquer l'air, l'humidit\u00e9 et les rayons UV.<\/p>\n<\/li>\n<li>\n<p>La petite ouverture du sachet \u00e0 bec r\u00e9duit le contact entre le jus et l'environnement ext\u00e9rieur \u00e0 chaque utilisation, pr\u00e9servant ainsi mieux la fra\u00eecheur du jus que les r\u00e9cipients \u00e0 large ouverture.<\/p>\n<\/li>\n<\/ul>\n<p><strong data-start=\"1229\" data-end=\"1260\">Commodit\u00e9 et portabilit\u00e9<\/strong><\/p>\n<p>Les consommateurs modernes accordent la priorit\u00e9 <strong data-start=\"1289\" data-end=\"1325\">un emballage facile \u00e0 utiliser et \u00e0 emporter<\/strong>:<\/p>\n<ul>\n<li>\n<p>La pochette \u00e0 bec est dot\u00e9e d'un bec rotatif qui permet de boire facilement sans avoir besoin d'un gobelet s\u00e9par\u00e9, ce qui \u00e9vite les d\u00e9versements et les fuites.<\/p>\n<\/li>\n<li>\n<p>Parfait pour les enfants, les navetteurs, les voyageurs ou les activit\u00e9s de plein air.<\/p>\n<\/li>\n<\/ul>\n<p><strong data-start=\"2460\" data-end=\"2496\">Durabilit\u00e9 et \u00e9tanch\u00e9it\u00e9<\/strong><\/p>\n<p>L'emballage des jus doit r\u00e9sister \u00e0 la manipulation, au stockage et au transport.<\/p>\n<ul>\n<li>Nos pochettes pour becs verseurs sont fabriqu\u00e9es \u00e0 partir de mat\u00e9riaux de haute qualit\u00e9, offrant une r\u00e9sistance \u00e0 la d\u00e9chirure et \u00e0 la perforation pour \u00e9viter les fuites.<\/li>\n<li>Notre syst\u00e8me rigoureux de contr\u00f4le de la qualit\u00e9 garantit que nos sacs d'emballage r\u00e9pondent aux exigences internationales en mati\u00e8re de durabilit\u00e9, avec un taux de d\u00e9fectuosit\u00e9 inf\u00e9rieur \u00e0 0,0001%.<\/li>\n<\/ul>","protected":false},"featured_media":3534,"comment_status":"closed","ping_status":"closed","template":"","meta":{"_acf_changed":false},"product_brand":[],"product_cat":[22,43,39,42],"product_tag":[],"class_list":{"0":"post-3486","1":"product","2":"type-product","3":"status-publish","4":"has-post-thumbnail","6":"product_cat-custom-spout-pouches","7":"product_cat-custom-beverage-spout-pouches","8":"product_cat-custom-juice-spout-pouches","9":"product_cat-custom-vegetable-juice-spout-pouches","11":"first","12":"instock","13":"shipping-taxable","14":"product-type-simple"},"acf":[],"_links":{"self":[{"href":"https:\/\/www.topchinapack.com\/fr\/wp-json\/wp\/v2\/product\/3486","targetHints":{"allow":["GET"]}}],"collection":[{"href":"https:\/\/www.topchinapack.com\/fr\/wp-json\/wp\/v2\/product"}],"about":[{"href":"https:\/\/www.topchinapack.com\/fr\/wp-json\/wp\/v2\/types\/product"}],"replies":[{"embeddable":true,"href":"https:\/\/www.topchinapack.com\/fr\/wp-json\/wp\/v2\/comments?post=3486"}],"wp:featuredmedia":[{"embeddable":true,"href":"https:\/\/www.topchinapack.com\/fr\/wp-json\/wp\/v2\/media\/3534"}],"wp:attachment":[{"href":"https:\/\/www.topchinapack.com\/fr\/wp-json\/wp\/v2\/media?parent=3486"}],"wp:term":[{"taxonomy":"product_brand","embeddable":true,"href":"https:\/\/www.topchinapack.com\/fr\/wp-json\/wp\/v2\/product_brand?post=3486"},{"taxonomy":"product_cat","embeddable":true,"href":"https:\/\/www.topchinapack.com\/fr\/wp-json\/wp\/v2\/product_cat?post=3486"},{"taxonomy":"product_tag","embeddable":true,"href":"https:\/\/www.topchinapack.com\/fr\/wp-json\/wp\/v2\/product_tag?post=3486"}],"curies":[{"name":"wp","href":"https:\/\/api.w.org\/{rel}","templated":true}]}}