{"id":3489,"date":"2026-01-09T10:12:20","date_gmt":"2026-01-09T10:12:20","guid":{"rendered":"https:\/\/www.topchinapack.com\/?post_type=product&#038;p=3489"},"modified":"2026-01-09T10:13:54","modified_gmt":"2026-01-09T10:13:54","slug":"custom-packaging-roll-film-for-popping-candy","status":"publish","type":"product","link":"https:\/\/www.topchinapack.com\/fr\/produit\/custom-packaging-roll-film-for-popping-candy\/","title":{"rendered":"Rouleau de film d'emballage sur mesure pour les bonbons \u00e0 \u00e9clater, les chewing-gums"},"content":{"rendered":"<div class=\"wp-block-columns is-layout-flex wp-container-core-columns-is-layout-9d6595d7 wp-block-columns-is-layout-flex\">\n<div class=\"wp-block-column is-layout-flow wp-block-column-is-layout-flow\">\n<figure class=\"wp-block-image size-full\"><img decoding=\"async\" width=\"800\" height=\"800\" src=\"https:\/\/www.topchinapack.com\/wp-content\/uploads\/2026\/01\/custom-packaging-roll-film-for-popping-candy-5-1.webp\" alt=\"film d&#039;emballage personnalis\u00e9 en rouleau pour les bonbons \u00e0 \u00e9clater (5)\" class=\"wp-image-3583\" srcset=\"https:\/\/www.topchinapack.com\/wp-content\/uploads\/2026\/01\/custom-packaging-roll-film-for-popping-candy-5-1.webp 800w, https:\/\/www.topchinapack.com\/wp-content\/uploads\/2026\/01\/custom-packaging-roll-film-for-popping-candy-5-1-300x300.webp 300w, https:\/\/www.topchinapack.com\/wp-content\/uploads\/2026\/01\/custom-packaging-roll-film-for-popping-candy-5-1-150x150.webp 150w, https:\/\/www.topchinapack.com\/wp-content\/uploads\/2026\/01\/custom-packaging-roll-film-for-popping-candy-5-1-768x768.webp 768w, https:\/\/www.topchinapack.com\/wp-content\/uploads\/2026\/01\/custom-packaging-roll-film-for-popping-candy-5-1-12x12.webp 12w, https:\/\/www.topchinapack.com\/wp-content\/uploads\/2026\/01\/custom-packaging-roll-film-for-popping-candy-5-1-600x600.webp 600w, https:\/\/www.topchinapack.com\/wp-content\/uploads\/2026\/01\/custom-packaging-roll-film-for-popping-candy-5-1-100x100.webp 100w\" sizes=\"(max-width: 800px) 100vw, 800px\" \/><\/figure>\n<\/div>\n\n\n\n<div class=\"wp-block-column is-layout-flow wp-block-column-is-layout-flow\">\n<figure class=\"wp-block-image size-full\"><img decoding=\"async\" width=\"800\" height=\"800\" src=\"https:\/\/www.topchinapack.com\/wp-content\/uploads\/2026\/01\/custom-packaging-roll-film-for-popping-candy-6-1.webp\" alt=\"film d&#039;emballage personnalis\u00e9 en rouleau pour les bonbons \u00e0 \u00e9clater (6)\" class=\"wp-image-3584\" srcset=\"https:\/\/www.topchinapack.com\/wp-content\/uploads\/2026\/01\/custom-packaging-roll-film-for-popping-candy-6-1.webp 800w, https:\/\/www.topchinapack.com\/wp-content\/uploads\/2026\/01\/custom-packaging-roll-film-for-popping-candy-6-1-300x300.webp 300w, https:\/\/www.topchinapack.com\/wp-content\/uploads\/2026\/01\/custom-packaging-roll-film-for-popping-candy-6-1-150x150.webp 150w, https:\/\/www.topchinapack.com\/wp-content\/uploads\/2026\/01\/custom-packaging-roll-film-for-popping-candy-6-1-768x768.webp 768w, https:\/\/www.topchinapack.com\/wp-content\/uploads\/2026\/01\/custom-packaging-roll-film-for-popping-candy-6-1-12x12.webp 12w, https:\/\/www.topchinapack.com\/wp-content\/uploads\/2026\/01\/custom-packaging-roll-film-for-popping-candy-6-1-600x600.webp 600w, https:\/\/www.topchinapack.com\/wp-content\/uploads\/2026\/01\/custom-packaging-roll-film-for-popping-candy-6-1-100x100.webp 100w\" sizes=\"(max-width: 800px) 100vw, 800px\" \/><\/figure>\n<\/div>\n<\/div>","protected":false},"excerpt":{"rendered":"<p>Nous aidons les marques de bonbons \u00e0 am\u00e9liorer leur comp\u00e9titivit\u00e9 sur le march\u00e9 gr\u00e2ce \u00e0 des emballages de haute qualit\u00e9. Nous proposons des rouleaux de film d'emballage \u00e0 haute barri\u00e8re, y compris diverses structures r\u00e9sistantes \u00e0 l'humidit\u00e9 telles que PET\/PE et BOPP\/CPP. Les dimensions, les \u00e9paisseurs et les designs sont enti\u00e8rement personnalisables et permettent l'impression de couleurs vives, des traitements de surface haut de gamme et des solutions OEM\/ODM. Contactez-nous pour un devis.<\/p>\n<p><strong>Service personnalis\u00e9 :<\/strong>\u00a0le mat\u00e9riau, la taille, l'impression, le motif et les options suppl\u00e9mentaires<br \/><strong>Proc\u00e9d\u00e9 d'impression :<\/strong>\u00a0impression en h\u00e9liogravure, jusqu'\u00e0 10 couleurs, possibilit\u00e9 d'impression personnalis\u00e9e<br \/><strong>Caract\u00e9ristiques :<\/strong>\u00a0durable, imperm\u00e9able<br \/><strong>D\u00e9lai de livraison :<\/strong>\u00a010-20 jours<br \/><strong>Soutien \u00e0 l'\u00e9chantillonnage gratuit<\/strong><br \/><strong>Certification :<\/strong>\u00a0ISO, FDA, sans BPA, LFGB, norme europ\u00e9enne<\/p>\n<h2>Caract\u00e9ristiques du film en rouleau pour l'emballage sur mesure<\/h2>\n<p data-pm-slice=\"0 0 []\"><strong>Protection critique contre l'humidit\u00e9<\/strong><\/p>\n<p data-pm-slice=\"0 0 []\">Lorsque les aliments sont expos\u00e9s \u00e0 l'air ext\u00e9rieur et \u00e0 l'humidit\u00e9, ils perdent leur texture et peuvent m\u00eame se d\u00e9t\u00e9riorer. La protection contre l'humidit\u00e9 et l'\u00e9tanch\u00e9it\u00e9 \u00e0 l'air sont donc tr\u00e8s importantes.<\/p>\n<ul>\n<li data-pm-slice=\"0 0 []\">Nous proposons diverses structures de barri\u00e8re \u00e0 haute teneur en humidit\u00e9, telles que PET\/PE, BOPP\/CPP et PET\/AL\/PE, qui bloquent efficacement l'humidit\u00e9 et pr\u00e9sentent une excellente r\u00e9sistance \u00e0 la perforation.<\/li>\n<li data-pm-slice=\"0 0 []\">Cette mesure de protection permet de pr\u00e9server le croustillant, la texture et la dur\u00e9e de conservation des bonbons, de la production \u00e0 la consommation.<\/li>\n<\/ul>\n<p><strong>Efficacit\u00e9 de la production \u00e0 grande vitesse<\/strong><\/p>\n<ul>\n<li data-pm-slice=\"0 0 []\">\n<p>Nos rouleaux de film d'emballage sur mesure sont id\u00e9aux pour les lignes de production automatis\u00e9es \u00e0 grande vitesse, garantissant un fonctionnement stable et un rendement constant.<\/p>\n<\/li>\n<li data-pm-slice=\"0 0 []\">\n<p>Cela am\u00e9liore consid\u00e9rablement l'efficacit\u00e9 de la production tout en r\u00e9duisant les co\u00fbts de main-d'\u0153uvre et d'emballage.<\/p>\n<\/li>\n<\/ul>\n<p><strong>Les marques de bonbons ont besoin d'une forte attractivit\u00e9<\/strong><\/p>\n<ul>\n<li>En tant que fabricant professionnel de rouleaux de film d'emballage, nous utilisons l'impression en h\u00e9liogravure dix couleurs, ce qui permet une impression haute d\u00e9finition en couleur. Les couleurs vives et les dessins attrayants ne manqueront pas d'attirer les enfants et les jeunes consommateurs.<\/li>\n<li>Nous proposons un large \u00e9ventail d'options de personnalisation, y compris des finitions de surface telles que des effets brillants ou mats, qui peuvent am\u00e9liorer consid\u00e9rablement la reconnaissance de votre marque.<\/li>\n<\/ul>","protected":false},"featured_media":3579,"comment_status":"closed","ping_status":"closed","template":"","meta":{"_acf_changed":false},"product_brand":[],"product_cat":[21],"product_tag":[],"class_list":{"0":"post-3489","1":"product","2":"type-product","3":"status-publish","4":"has-post-thumbnail","6":"product_cat-custom-packaging-film-roll","8":"first","9":"instock","10":"shipping-taxable","11":"product-type-simple"},"acf":[],"_links":{"self":[{"href":"https:\/\/www.topchinapack.com\/fr\/wp-json\/wp\/v2\/product\/3489","targetHints":{"allow":["GET"]}}],"collection":[{"href":"https:\/\/www.topchinapack.com\/fr\/wp-json\/wp\/v2\/product"}],"about":[{"href":"https:\/\/www.topchinapack.com\/fr\/wp-json\/wp\/v2\/types\/product"}],"replies":[{"embeddable":true,"href":"https:\/\/www.topchinapack.com\/fr\/wp-json\/wp\/v2\/comments?post=3489"}],"wp:featuredmedia":[{"embeddable":true,"href":"https:\/\/www.topchinapack.com\/fr\/wp-json\/wp\/v2\/media\/3579"}],"wp:attachment":[{"href":"https:\/\/www.topchinapack.com\/fr\/wp-json\/wp\/v2\/media?parent=3489"}],"wp:term":[{"taxonomy":"product_brand","embeddable":true,"href":"https:\/\/www.topchinapack.com\/fr\/wp-json\/wp\/v2\/product_brand?post=3489"},{"taxonomy":"product_cat","embeddable":true,"href":"https:\/\/www.topchinapack.com\/fr\/wp-json\/wp\/v2\/product_cat?post=3489"},{"taxonomy":"product_tag","embeddable":true,"href":"https:\/\/www.topchinapack.com\/fr\/wp-json\/wp\/v2\/product_tag?post=3489"}],"curies":[{"name":"wp","href":"https:\/\/api.w.org\/{rel}","templated":true}]}}