{"id":3491,"date":"2026-01-09T06:50:11","date_gmt":"2026-01-09T06:50:11","guid":{"rendered":"https:\/\/www.topchinapack.com\/?post_type=product&#038;p=3491"},"modified":"2026-01-09T06:51:16","modified_gmt":"2026-01-09T06:51:16","slug":"custom-packaging-film-roll-for-chocolate-beans","status":"publish","type":"product","link":"https:\/\/www.topchinapack.com\/fr\/produit\/custom-packaging-film-roll-for-chocolate-beans\/","title":{"rendered":"Rouleau de film d'emballage sur mesure pour les f\u00e8ves de chocolat"},"content":{"rendered":"<div class=\"wp-block-columns is-layout-flex wp-container-core-columns-is-layout-9d6595d7 wp-block-columns-is-layout-flex\">\n<div class=\"wp-block-column is-layout-flow wp-block-column-is-layout-flow\">\n<figure class=\"wp-block-image size-full\"><img decoding=\"async\" width=\"800\" height=\"800\" src=\"https:\/\/www.topchinapack.com\/wp-content\/uploads\/2026\/01\/custom-packaging-film-roll-for-chocolate-beans-5.webp\" alt=\"rouleau de film d&#039;emballage personnalis\u00e9 pour les f\u00e8ves de chocolat (5)\" class=\"wp-image-3556\" srcset=\"https:\/\/www.topchinapack.com\/wp-content\/uploads\/2026\/01\/custom-packaging-film-roll-for-chocolate-beans-5.webp 800w, https:\/\/www.topchinapack.com\/wp-content\/uploads\/2026\/01\/custom-packaging-film-roll-for-chocolate-beans-5-300x300.webp 300w, https:\/\/www.topchinapack.com\/wp-content\/uploads\/2026\/01\/custom-packaging-film-roll-for-chocolate-beans-5-150x150.webp 150w, https:\/\/www.topchinapack.com\/wp-content\/uploads\/2026\/01\/custom-packaging-film-roll-for-chocolate-beans-5-768x768.webp 768w, https:\/\/www.topchinapack.com\/wp-content\/uploads\/2026\/01\/custom-packaging-film-roll-for-chocolate-beans-5-12x12.webp 12w, https:\/\/www.topchinapack.com\/wp-content\/uploads\/2026\/01\/custom-packaging-film-roll-for-chocolate-beans-5-600x600.webp 600w, https:\/\/www.topchinapack.com\/wp-content\/uploads\/2026\/01\/custom-packaging-film-roll-for-chocolate-beans-5-100x100.webp 100w\" sizes=\"(max-width: 800px) 100vw, 800px\" \/><\/figure>\n<\/div>\n\n\n\n<div class=\"wp-block-column is-layout-flow wp-block-column-is-layout-flow\">\n<figure class=\"wp-block-image size-full\"><img decoding=\"async\" width=\"800\" height=\"800\" src=\"https:\/\/www.topchinapack.com\/wp-content\/uploads\/2026\/01\/custom-packaging-film-roll-for-chocolate-beans-6.webp\" alt=\"rouleau de film d&#039;emballage personnalis\u00e9 pour les f\u00e8ves de chocolat (6)\" class=\"wp-image-3557\" srcset=\"https:\/\/www.topchinapack.com\/wp-content\/uploads\/2026\/01\/custom-packaging-film-roll-for-chocolate-beans-6.webp 800w, https:\/\/www.topchinapack.com\/wp-content\/uploads\/2026\/01\/custom-packaging-film-roll-for-chocolate-beans-6-300x300.webp 300w, https:\/\/www.topchinapack.com\/wp-content\/uploads\/2026\/01\/custom-packaging-film-roll-for-chocolate-beans-6-150x150.webp 150w, https:\/\/www.topchinapack.com\/wp-content\/uploads\/2026\/01\/custom-packaging-film-roll-for-chocolate-beans-6-768x768.webp 768w, https:\/\/www.topchinapack.com\/wp-content\/uploads\/2026\/01\/custom-packaging-film-roll-for-chocolate-beans-6-12x12.webp 12w, https:\/\/www.topchinapack.com\/wp-content\/uploads\/2026\/01\/custom-packaging-film-roll-for-chocolate-beans-6-600x600.webp 600w, https:\/\/www.topchinapack.com\/wp-content\/uploads\/2026\/01\/custom-packaging-film-roll-for-chocolate-beans-6-100x100.webp 100w\" sizes=\"(max-width: 800px) 100vw, 800px\" \/><\/figure>\n<\/div>\n<\/div>","protected":false},"excerpt":{"rendered":"<p>Rouleaux de film d'emballage personnalis\u00e9s en gros. Nos emballages pr\u00e9servent efficacement la saveur, la texture et l'apparence du contenu. Les rouleaux de film d'emballage peuvent \u00eatre personnalis\u00e9s en fonction des exigences sp\u00e9cifiques du produit et de la machine, y compris les mat\u00e9riaux personnalisables, l'\u00e9paisseur, la largeur du rouleau, la longueur et la couche de scellage. Contactez-nous pour obtenir des solutions.<\/p>\n<h2>Caract\u00e9ristiques du film en rouleau pour l'emballage sur mesure<\/h2>\n<p><strong>Protection sup\u00e9rieure pour la qualit\u00e9 du chocolat<\/strong><\/p>\n<ul>\n<li>Nos films d'emballage offrent une vari\u00e9t\u00e9 de combinaisons de mat\u00e9riaux, y compris PET\/PE, BOPP\/CPP, et des composites de feuilles d'aluminium, qui bloquent efficacement l'humidit\u00e9 et l'oxyg\u00e8ne et ont une excellente r\u00e9sistance \u00e0 la perforation.<\/li>\n<\/ul>\n<p><strong>Efficacit\u00e9 \u00e9lev\u00e9e pour la production de masse<\/strong><\/p>\n<p>Les f\u00e8ves de chocolat sont g\u00e9n\u00e9ralement produites et emball\u00e9es dans <strong data-start=\"1275\" data-end=\"1292\">grands volumes<\/strong>.<\/p>\n<ul>\n<li>\n<p data-pm-slice=\"0 0 []\">Nos rouleaux de film d'emballage sont con\u00e7us pour les machines d'emballage automatiques \u00e0 grande vitesse, ce qui garantit un fonctionnement sans heurts et un rendement constant.<\/p>\n<\/li>\n<li>\n<p data-pm-slice=\"0 0 []\">Par rapport aux sacs pr\u00e9fabriqu\u00e9s, les rouleaux de film am\u00e9liorent consid\u00e9rablement l'efficacit\u00e9 de la production et r\u00e9duisent les co\u00fbts de main-d'\u0153uvre.<\/p>\n<\/li>\n<\/ul>\n<p><strong>Une image de marque et une mise en rayon remarquables<\/strong><\/p>\n<p>Dans un march\u00e9 de la confiserie concurrentiel, l'emballage joue un r\u00f4le majeur dans les d\u00e9cisions d'achat.<\/p>\n<ul>\n<li>\n<p>Nos rouleaux de film d'emballage sur mesure permettent une impression haute d\u00e9finition en couleur, ce qui permet d'obtenir des graphiques \u00e9clatants et des textes nets.<\/p>\n<\/li>\n<li>\n<p>Au-del\u00e0 de l'impression de motifs, nous proposons des effets m\u00e9talliques ou des finitions mates pour nos rouleaux de film d'emballage, afin d'am\u00e9liorer l'attrait visuel de votre emballage et d'accro\u00eetre la visibilit\u00e9 de votre marque dans les rayons des magasins.<\/p>\n<\/li>\n<\/ul>","protected":false},"featured_media":3552,"comment_status":"closed","ping_status":"closed","template":"","meta":{"_acf_changed":false},"product_brand":[],"product_cat":[21],"product_tag":[],"class_list":{"0":"post-3491","1":"product","2":"type-product","3":"status-publish","4":"has-post-thumbnail","6":"product_cat-custom-packaging-film-roll","8":"first","9":"instock","10":"shipping-taxable","11":"product-type-simple"},"acf":[],"_links":{"self":[{"href":"https:\/\/www.topchinapack.com\/fr\/wp-json\/wp\/v2\/product\/3491","targetHints":{"allow":["GET"]}}],"collection":[{"href":"https:\/\/www.topchinapack.com\/fr\/wp-json\/wp\/v2\/product"}],"about":[{"href":"https:\/\/www.topchinapack.com\/fr\/wp-json\/wp\/v2\/types\/product"}],"replies":[{"embeddable":true,"href":"https:\/\/www.topchinapack.com\/fr\/wp-json\/wp\/v2\/comments?post=3491"}],"wp:featuredmedia":[{"embeddable":true,"href":"https:\/\/www.topchinapack.com\/fr\/wp-json\/wp\/v2\/media\/3552"}],"wp:attachment":[{"href":"https:\/\/www.topchinapack.com\/fr\/wp-json\/wp\/v2\/media?parent=3491"}],"wp:term":[{"taxonomy":"product_brand","embeddable":true,"href":"https:\/\/www.topchinapack.com\/fr\/wp-json\/wp\/v2\/product_brand?post=3491"},{"taxonomy":"product_cat","embeddable":true,"href":"https:\/\/www.topchinapack.com\/fr\/wp-json\/wp\/v2\/product_cat?post=3491"},{"taxonomy":"product_tag","embeddable":true,"href":"https:\/\/www.topchinapack.com\/fr\/wp-json\/wp\/v2\/product_tag?post=3491"}],"curies":[{"name":"wp","href":"https:\/\/api.w.org\/{rel}","templated":true}]}}