{"id":3493,"date":"2026-01-10T01:12:50","date_gmt":"2026-01-10T01:12:50","guid":{"rendered":"https:\/\/www.topchinapack.com\/?post_type=product&#038;p=3493"},"modified":"2026-01-10T01:14:44","modified_gmt":"2026-01-10T01:14:44","slug":"custom-packaging-roll-film-for-pop-rocks-candy","status":"publish","type":"product","link":"https:\/\/www.topchinapack.com\/fr\/produit\/custom-packaging-roll-film-for-pop-rocks-candy\/","title":{"rendered":"Film d'emballage en rouleau personnalis\u00e9 pour les bonbons Pop Rocks\u00a0"},"content":{"rendered":"<div class=\"wp-block-columns is-layout-flex wp-container-core-columns-is-layout-9d6595d7 wp-block-columns-is-layout-flex\">\n<div class=\"wp-block-column is-layout-flow wp-block-column-is-layout-flow\">\n<figure class=\"wp-block-image size-full\"><img decoding=\"async\" width=\"800\" height=\"800\" src=\"https:\/\/www.topchinapack.com\/wp-content\/uploads\/2026\/01\/custom-packaging-film-rolls-for-pop-rocks-candy-5.webp\" alt=\"rouleaux de film d&#039;emballage personnalis\u00e9s pour les bonbons pop rocks (5)\" class=\"wp-image-3593\" srcset=\"https:\/\/www.topchinapack.com\/wp-content\/uploads\/2026\/01\/custom-packaging-film-rolls-for-pop-rocks-candy-5.webp 800w, https:\/\/www.topchinapack.com\/wp-content\/uploads\/2026\/01\/custom-packaging-film-rolls-for-pop-rocks-candy-5-300x300.webp 300w, https:\/\/www.topchinapack.com\/wp-content\/uploads\/2026\/01\/custom-packaging-film-rolls-for-pop-rocks-candy-5-150x150.webp 150w, https:\/\/www.topchinapack.com\/wp-content\/uploads\/2026\/01\/custom-packaging-film-rolls-for-pop-rocks-candy-5-768x768.webp 768w, https:\/\/www.topchinapack.com\/wp-content\/uploads\/2026\/01\/custom-packaging-film-rolls-for-pop-rocks-candy-5-12x12.webp 12w, https:\/\/www.topchinapack.com\/wp-content\/uploads\/2026\/01\/custom-packaging-film-rolls-for-pop-rocks-candy-5-600x600.webp 600w, https:\/\/www.topchinapack.com\/wp-content\/uploads\/2026\/01\/custom-packaging-film-rolls-for-pop-rocks-candy-5-100x100.webp 100w\" sizes=\"(max-width: 800px) 100vw, 800px\" \/><\/figure>\n<\/div>\n\n\n\n<div class=\"wp-block-column is-layout-flow wp-block-column-is-layout-flow\">\n<figure class=\"wp-block-image size-full\"><img decoding=\"async\" width=\"800\" height=\"800\" src=\"https:\/\/www.topchinapack.com\/wp-content\/uploads\/2026\/01\/custom-packaging-film-rolls-for-pop-rocks-candy-6.webp\" alt=\"rouleaux de film d&#039;emballage personnalis\u00e9s pour les bonbons pop rocks (6)\" class=\"wp-image-3594\" srcset=\"https:\/\/www.topchinapack.com\/wp-content\/uploads\/2026\/01\/custom-packaging-film-rolls-for-pop-rocks-candy-6.webp 800w, https:\/\/www.topchinapack.com\/wp-content\/uploads\/2026\/01\/custom-packaging-film-rolls-for-pop-rocks-candy-6-300x300.webp 300w, https:\/\/www.topchinapack.com\/wp-content\/uploads\/2026\/01\/custom-packaging-film-rolls-for-pop-rocks-candy-6-150x150.webp 150w, https:\/\/www.topchinapack.com\/wp-content\/uploads\/2026\/01\/custom-packaging-film-rolls-for-pop-rocks-candy-6-768x768.webp 768w, https:\/\/www.topchinapack.com\/wp-content\/uploads\/2026\/01\/custom-packaging-film-rolls-for-pop-rocks-candy-6-12x12.webp 12w, https:\/\/www.topchinapack.com\/wp-content\/uploads\/2026\/01\/custom-packaging-film-rolls-for-pop-rocks-candy-6-600x600.webp 600w, https:\/\/www.topchinapack.com\/wp-content\/uploads\/2026\/01\/custom-packaging-film-rolls-for-pop-rocks-candy-6-100x100.webp 100w\" sizes=\"(max-width: 800px) 100vw, 800px\" \/><\/figure>\n<\/div>\n<\/div>\n\n\n\n<div class=\"wp-block-columns is-layout-flex wp-container-core-columns-is-layout-9d6595d7 wp-block-columns-is-layout-flex\">\n<div class=\"wp-block-column is-layout-flow wp-block-column-is-layout-flow\"><\/div>\n\n\n\n<div class=\"wp-block-column is-layout-flow wp-block-column-is-layout-flow\"><\/div>\n<\/div>","protected":false},"excerpt":{"rendered":"<p>Nos rouleaux de films d'emballage \u00e0 haute barri\u00e8re prot\u00e8gent efficacement les produits de confiserie fragiles, con\u00e7us pour bloquer l'humidit\u00e9 et l'oxyg\u00e8ne tout en pr\u00e9servant la texture et la saveur des bonbons. Fabriqu\u00e9s \u00e0 partir de mat\u00e9riaux de qualit\u00e9 alimentaire et optimis\u00e9s pour les lignes d'emballage automatis\u00e9es \u00e0 grande vitesse, nos films offrent une r\u00e9sistance \u00e0 la thermosoudure, une durabilit\u00e9 et des performances d'emballage hygi\u00e9niques sup\u00e9rieures.<\/p>\n<h2>Caract\u00e9ristiques du rouleau de film d'emballage d'impression<\/h2>\n<ul>\n<li>\n<p><strong>Efficacit\u00e9 de la production \u00e0 grande vitesse :<\/strong> Le film d'emballage en rouleau est id\u00e9al pour les machines d'emballage automatis\u00e9es \u00e0 grande vitesse, parfaites pour les produits tels que les bonbons qui n\u00e9cessitent un remplissage et un scellage en grand volume, en continu et \u00e0 grande vitesse.<\/p>\n<\/li>\n<li>\n<p><strong>Expertise en mati\u00e8re de mat\u00e9riaux \u00e0 haute barri\u00e8re :<\/strong> En tant que fabricant professionnel de films d'emballage en rouleaux, nous offrons une vari\u00e9t\u00e9 de constructions r\u00e9sistantes \u00e0 l'humidit\u00e9, y compris PET\/PE, BOPP\/CPP, PET\/AL\/PE, et d'autres composites personnalis\u00e9s \u00e0 haute barri\u00e8re con\u00e7us sp\u00e9cifiquement pour les produits de confiserie sensibles.<\/p>\n<\/li>\n<li>\n<p><strong>Impression et finition avanc\u00e9es :<\/strong> Nous proposons une impression de haute qualit\u00e9 avec des options telles que les finitions brillantes, mates, m\u00e9talliques et sp\u00e9ciales, permettant \u00e0 votre marque de bonbons de se d\u00e9marquer dans les rayons.<\/p>\n<\/li>\n<li>\n<p><strong>Approvisionnement fiable et service professionnel :<\/strong> Gr\u00e2ce \u00e0 une capacit\u00e9 de production stable et \u00e0 un support technique exp\u00e9riment\u00e9, nous garantissons une livraison dans les d\u00e9lais, une qualit\u00e9 constante et un service \u00e0 la client\u00e8le r\u00e9actif.<\/p>\n<\/li>\n<\/ul>","protected":false},"featured_media":3591,"comment_status":"closed","ping_status":"closed","template":"","meta":{"_acf_changed":true},"product_brand":[],"product_cat":[21,62],"product_tag":[],"class_list":{"0":"post-3493","1":"product","2":"type-product","3":"status-publish","4":"has-post-thumbnail","6":"product_cat-custom-packaging-film-roll","7":"product_cat-candy-packaging-film-roll","9":"first","10":"instock","11":"shipping-taxable","12":"product-type-simple"},"acf":[],"_links":{"self":[{"href":"https:\/\/www.topchinapack.com\/fr\/wp-json\/wp\/v2\/product\/3493","targetHints":{"allow":["GET"]}}],"collection":[{"href":"https:\/\/www.topchinapack.com\/fr\/wp-json\/wp\/v2\/product"}],"about":[{"href":"https:\/\/www.topchinapack.com\/fr\/wp-json\/wp\/v2\/types\/product"}],"replies":[{"embeddable":true,"href":"https:\/\/www.topchinapack.com\/fr\/wp-json\/wp\/v2\/comments?post=3493"}],"wp:featuredmedia":[{"embeddable":true,"href":"https:\/\/www.topchinapack.com\/fr\/wp-json\/wp\/v2\/media\/3591"}],"wp:attachment":[{"href":"https:\/\/www.topchinapack.com\/fr\/wp-json\/wp\/v2\/media?parent=3493"}],"wp:term":[{"taxonomy":"product_brand","embeddable":true,"href":"https:\/\/www.topchinapack.com\/fr\/wp-json\/wp\/v2\/product_brand?post=3493"},{"taxonomy":"product_cat","embeddable":true,"href":"https:\/\/www.topchinapack.com\/fr\/wp-json\/wp\/v2\/product_cat?post=3493"},{"taxonomy":"product_tag","embeddable":true,"href":"https:\/\/www.topchinapack.com\/fr\/wp-json\/wp\/v2\/product_tag?post=3493"}],"curies":[{"name":"wp","href":"https:\/\/api.w.org\/{rel}","templated":true}]}}