{"id":3500,"date":"2026-01-10T02:29:01","date_gmt":"2026-01-10T02:29:01","guid":{"rendered":"https:\/\/www.topchinapack.com\/?post_type=product&#038;p=3500"},"modified":"2026-01-31T01:35:05","modified_gmt":"2026-01-31T01:35:05","slug":"custom-3-side-seal-bag-for-jelly-wholesale","status":"publish","type":"product","link":"https:\/\/www.topchinapack.com\/fr\/produit\/custom-3-side-seal-bag-for-jelly-wholesale\/","title":{"rendered":"Sachet scell\u00e9 \u00e0 3 c\u00f4t\u00e9s pour gel\u00e9e Approvisionnement en gros"},"content":{"rendered":"<div class=\"wp-block-columns is-layout-flex wp-container-core-columns-is-layout-9d6595d7 wp-block-columns-is-layout-flex\">\n<div class=\"wp-block-column is-layout-flow wp-block-column-is-layout-flow\">\n<figure class=\"wp-block-image size-full\"><img decoding=\"async\" width=\"800\" height=\"800\" src=\"https:\/\/www.topchinapack.com\/wp-content\/uploads\/2026\/01\/custom-3-side-seal-bag-for-jelly-5.webp\" alt=\"sachet personnalis\u00e9 \u00e0 3 c\u00f4t\u00e9s pour la gel\u00e9e (5)\" class=\"wp-image-3608\" srcset=\"https:\/\/www.topchinapack.com\/wp-content\/uploads\/2026\/01\/custom-3-side-seal-bag-for-jelly-5.webp 800w, https:\/\/www.topchinapack.com\/wp-content\/uploads\/2026\/01\/custom-3-side-seal-bag-for-jelly-5-300x300.webp 300w, https:\/\/www.topchinapack.com\/wp-content\/uploads\/2026\/01\/custom-3-side-seal-bag-for-jelly-5-150x150.webp 150w, https:\/\/www.topchinapack.com\/wp-content\/uploads\/2026\/01\/custom-3-side-seal-bag-for-jelly-5-768x768.webp 768w, https:\/\/www.topchinapack.com\/wp-content\/uploads\/2026\/01\/custom-3-side-seal-bag-for-jelly-5-12x12.webp 12w, https:\/\/www.topchinapack.com\/wp-content\/uploads\/2026\/01\/custom-3-side-seal-bag-for-jelly-5-600x600.webp 600w, https:\/\/www.topchinapack.com\/wp-content\/uploads\/2026\/01\/custom-3-side-seal-bag-for-jelly-5-100x100.webp 100w\" sizes=\"(max-width: 800px) 100vw, 800px\" \/><\/figure>\n<\/div>\n\n\n\n<div class=\"wp-block-column is-layout-flow wp-block-column-is-layout-flow\">\n<figure class=\"wp-block-image size-full\"><img decoding=\"async\" width=\"800\" height=\"800\" src=\"https:\/\/www.topchinapack.com\/wp-content\/uploads\/2026\/01\/custom-3-side-seal-bag-for-jelly-6.webp\" alt=\"sachet personnalis\u00e9 \u00e0 3 c\u00f4t\u00e9s pour la gel\u00e9e (6)\" class=\"wp-image-3609\" srcset=\"https:\/\/www.topchinapack.com\/wp-content\/uploads\/2026\/01\/custom-3-side-seal-bag-for-jelly-6.webp 800w, https:\/\/www.topchinapack.com\/wp-content\/uploads\/2026\/01\/custom-3-side-seal-bag-for-jelly-6-300x300.webp 300w, https:\/\/www.topchinapack.com\/wp-content\/uploads\/2026\/01\/custom-3-side-seal-bag-for-jelly-6-150x150.webp 150w, https:\/\/www.topchinapack.com\/wp-content\/uploads\/2026\/01\/custom-3-side-seal-bag-for-jelly-6-768x768.webp 768w, https:\/\/www.topchinapack.com\/wp-content\/uploads\/2026\/01\/custom-3-side-seal-bag-for-jelly-6-12x12.webp 12w, https:\/\/www.topchinapack.com\/wp-content\/uploads\/2026\/01\/custom-3-side-seal-bag-for-jelly-6-600x600.webp 600w, https:\/\/www.topchinapack.com\/wp-content\/uploads\/2026\/01\/custom-3-side-seal-bag-for-jelly-6-100x100.webp 100w\" sizes=\"(max-width: 800px) 100vw, 800px\" \/><\/figure>\n<\/div>\n<\/div>","protected":false},"excerpt":{"rendered":"<p>Sachet \u00e0 sceller sur 3 c\u00f4t\u00e9s pour produits alimentaires en gros. En tant que fabricant d'emballages alimentaires flexibles de premier plan, nous comprenons les exigences uniques de l'emballage des produits g\u00e9lifi\u00e9s et offrons des structures mat\u00e9rielles optimis\u00e9es con\u00e7ues sp\u00e9cifiquement pour les produits liquides et semi-liquides. Nous prenons en charge les commandes de gros volumes avec une capacit\u00e9 de production stable, des prix abordables et des d\u00e9lais de livraison fiables. Contactez-nous pour un devis.<\/p>\n<h2>Informations sur le produit<\/h2>\n<p><strong>Service personnalis\u00e9 :<\/strong>\u00a0le mat\u00e9riau, la taille, l'impression, le motif et les options suppl\u00e9mentaires<br \/><strong>Proc\u00e9d\u00e9 d'impression :<\/strong>\u00a0impression en h\u00e9liogravure, jusqu'\u00e0 10 couleurs, possibilit\u00e9 d'impression personnalis\u00e9e<br \/><strong>Caract\u00e9ristiques :<\/strong>\u00a0durable, imperm\u00e9able<br \/><strong>D\u00e9lai de livraison :<\/strong>\u00a010-20 jours<br \/><strong>Soutien \u00e0 l'\u00e9chantillonnage gratuit<\/strong><br \/><strong>Certification :<\/strong>\u00a0ISO, FDA, sans BPA, LFGB, norme europ\u00e9enne<\/p>\n<h2>Caract\u00e9ristiques du sac \u00e0 sceller \u00e0 3 c\u00f4t\u00e9s pour aliments liquides et semi-liquides<\/h2>\n<p>Les produits en gel\u00e9e sont liquides ou semi-liquides, ce qui n\u00e9cessite un emballage garantissant <strong data-start=\"368\" data-end=\"417\">pr\u00e9vention des fuites, fra\u00eecheur et attrait visuel<\/strong>. Les sacs \u00e0 sceller sur 3 c\u00f4t\u00e9s sont une solution \u00e9prouv\u00e9e et efficace.<\/p>\n<p data-pm-slice=\"0 0 []\"><strong>Structure sup\u00e9rieure \u00e9tanche : <\/strong>Le scellement sur trois c\u00f4t\u00e9s cr\u00e9e des bords solides et renforc\u00e9s, minimisant le risque de fuite pendant le remplissage, le stockage et le transport.<\/p>\n<p data-pm-slice=\"0 0 []\"><strong>Emballage efficace et rentable :<\/strong> Les sacs \u00e0 sceller sur 3 c\u00f4t\u00e9s sont id\u00e9aux pour l'emballage automatique \u00e0 grande vitesse, am\u00e9liorant l'efficacit\u00e9 de la production tout en utilisant moins de mat\u00e9riaux que les conteneurs rigides, r\u00e9duisant ainsi les co\u00fbts globaux.<\/p>\n<p data-pm-slice=\"0 0 []\"><strong>Personnalisation flexible :<\/strong> Gr\u00e2ce \u00e0 des tailles, des formes, des mat\u00e9riaux et des motifs d'impression personnalis\u00e9s, les sachets \u00e0 fermeture sur trois c\u00f4t\u00e9s conviennent \u00e0 diff\u00e9rents types de gel\u00e9es, de tailles de portions et de march\u00e9s.<\/p>","protected":false},"featured_media":3604,"comment_status":"closed","ping_status":"closed","template":"","meta":{"_acf_changed":false},"product_brand":[],"product_cat":[63],"product_tag":[],"class_list":{"0":"post-3500","1":"product","2":"type-product","3":"status-publish","4":"has-post-thumbnail","6":"product_cat-3-side-seal-bag","8":"first","9":"instock","10":"shipping-taxable","11":"product-type-simple"},"acf":[],"_links":{"self":[{"href":"https:\/\/www.topchinapack.com\/fr\/wp-json\/wp\/v2\/product\/3500","targetHints":{"allow":["GET"]}}],"collection":[{"href":"https:\/\/www.topchinapack.com\/fr\/wp-json\/wp\/v2\/product"}],"about":[{"href":"https:\/\/www.topchinapack.com\/fr\/wp-json\/wp\/v2\/types\/product"}],"replies":[{"embeddable":true,"href":"https:\/\/www.topchinapack.com\/fr\/wp-json\/wp\/v2\/comments?post=3500"}],"wp:featuredmedia":[{"embeddable":true,"href":"https:\/\/www.topchinapack.com\/fr\/wp-json\/wp\/v2\/media\/3604"}],"wp:attachment":[{"href":"https:\/\/www.topchinapack.com\/fr\/wp-json\/wp\/v2\/media?parent=3500"}],"wp:term":[{"taxonomy":"product_brand","embeddable":true,"href":"https:\/\/www.topchinapack.com\/fr\/wp-json\/wp\/v2\/product_brand?post=3500"},{"taxonomy":"product_cat","embeddable":true,"href":"https:\/\/www.topchinapack.com\/fr\/wp-json\/wp\/v2\/product_cat?post=3500"},{"taxonomy":"product_tag","embeddable":true,"href":"https:\/\/www.topchinapack.com\/fr\/wp-json\/wp\/v2\/product_tag?post=3500"}],"curies":[{"name":"wp","href":"https:\/\/api.w.org\/{rel}","templated":true}]}}