{"id":3501,"date":"2026-01-10T02:57:13","date_gmt":"2026-01-10T02:57:13","guid":{"rendered":"https:\/\/www.topchinapack.com\/?post_type=product&#038;p=3501"},"modified":"2026-01-31T01:34:56","modified_gmt":"2026-01-31T01:34:56","slug":"custom-3-side-seal-bag-for-chicken-essence","status":"publish","type":"product","link":"https:\/\/www.topchinapack.com\/fr\/produit\/custom-3-side-seal-bag-for-chicken-essence\/","title":{"rendered":"Sachet personnalis\u00e9 \u00e0 3 soudures lat\u00e9rales pour l'essence de poulet, l'assaisonnement au glutamate monosodique"},"content":{"rendered":"<div class=\"wp-block-columns is-layout-flex wp-container-core-columns-is-layout-9d6595d7 wp-block-columns-is-layout-flex\">\n<div class=\"wp-block-column is-layout-flow wp-block-column-is-layout-flow\">\n<figure class=\"wp-block-image size-full\"><img decoding=\"async\" width=\"800\" height=\"800\" src=\"https:\/\/www.topchinapack.com\/wp-content\/uploads\/2026\/01\/custom-3-side-seal-bag-for-chicken-essence-5.webp\" alt=\"custom 3 side seal bag for chicken essence (5)\" class=\"wp-image-3618\" srcset=\"https:\/\/www.topchinapack.com\/wp-content\/uploads\/2026\/01\/custom-3-side-seal-bag-for-chicken-essence-5.webp 800w, https:\/\/www.topchinapack.com\/wp-content\/uploads\/2026\/01\/custom-3-side-seal-bag-for-chicken-essence-5-300x300.webp 300w, https:\/\/www.topchinapack.com\/wp-content\/uploads\/2026\/01\/custom-3-side-seal-bag-for-chicken-essence-5-150x150.webp 150w, https:\/\/www.topchinapack.com\/wp-content\/uploads\/2026\/01\/custom-3-side-seal-bag-for-chicken-essence-5-768x768.webp 768w, https:\/\/www.topchinapack.com\/wp-content\/uploads\/2026\/01\/custom-3-side-seal-bag-for-chicken-essence-5-12x12.webp 12w, https:\/\/www.topchinapack.com\/wp-content\/uploads\/2026\/01\/custom-3-side-seal-bag-for-chicken-essence-5-600x600.webp 600w, https:\/\/www.topchinapack.com\/wp-content\/uploads\/2026\/01\/custom-3-side-seal-bag-for-chicken-essence-5-100x100.webp 100w\" sizes=\"(max-width: 800px) 100vw, 800px\" \/><\/figure>\n<\/div>\n\n\n\n<div class=\"wp-block-column is-layout-flow wp-block-column-is-layout-flow\">\n<figure class=\"wp-block-image size-full\"><img decoding=\"async\" width=\"800\" height=\"800\" src=\"https:\/\/www.topchinapack.com\/wp-content\/uploads\/2026\/01\/custom-3-side-seal-bag-for-chicken-essence-6.webp\" alt=\"custom 3 side seal bag pour l&#039;essence de poulet (6)\" class=\"wp-image-3619\" srcset=\"https:\/\/www.topchinapack.com\/wp-content\/uploads\/2026\/01\/custom-3-side-seal-bag-for-chicken-essence-6.webp 800w, https:\/\/www.topchinapack.com\/wp-content\/uploads\/2026\/01\/custom-3-side-seal-bag-for-chicken-essence-6-300x300.webp 300w, https:\/\/www.topchinapack.com\/wp-content\/uploads\/2026\/01\/custom-3-side-seal-bag-for-chicken-essence-6-150x150.webp 150w, https:\/\/www.topchinapack.com\/wp-content\/uploads\/2026\/01\/custom-3-side-seal-bag-for-chicken-essence-6-768x768.webp 768w, https:\/\/www.topchinapack.com\/wp-content\/uploads\/2026\/01\/custom-3-side-seal-bag-for-chicken-essence-6-12x12.webp 12w, https:\/\/www.topchinapack.com\/wp-content\/uploads\/2026\/01\/custom-3-side-seal-bag-for-chicken-essence-6-600x600.webp 600w, https:\/\/www.topchinapack.com\/wp-content\/uploads\/2026\/01\/custom-3-side-seal-bag-for-chicken-essence-6-100x100.webp 100w\" sizes=\"(max-width: 800px) 100vw, 800px\" \/><\/figure>\n<\/div>\n<\/div>","protected":false},"excerpt":{"rendered":"<p>Nos sachets \u00e0 soudure lat\u00e9rale personnalis\u00e9s pr\u00e9sentent des propri\u00e9t\u00e9s de barri\u00e8re \u00e9lev\u00e9es et sont fabriqu\u00e9s \u00e0 partir de mat\u00e9riaux composites r\u00e9sistants \u00e0 l'humidit\u00e9 et aux d\u00e9chirures, ce qui permet de pr\u00e9server efficacement la fra\u00eecheur, le croustillant et la saveur de vos produits.<\/p>\n<p>Nous proposons \u00e9galement des tailles et des options de conception personnalisables, en utilisant l'impression en h\u00e9liogravure avec jusqu'\u00e0 dix couleurs, ce qui en fait la solution d'emballage id\u00e9ale pour les produits \u00e0 base de fruits secs en gros, au d\u00e9tail ou pour le commerce \u00e9lectronique.<\/p>\n<h2>Informations sur le produit<\/h2>\n<p><strong>Service personnalis\u00e9 :<\/strong>\u00a0le mat\u00e9riau, la taille, l'impression, le motif et les options suppl\u00e9mentaires<br \/><strong>Proc\u00e9d\u00e9 d'impression :<\/strong>\u00a0impression en h\u00e9liogravure, jusqu'\u00e0 10 couleurs, possibilit\u00e9 d'impression personnalis\u00e9e<br \/><strong>Caract\u00e9ristiques :<\/strong>\u00a0durable, imperm\u00e9able<br \/><strong>D\u00e9lai de livraison :<\/strong>\u00a010-20 jours<br \/><strong>Soutien \u00e0 l'\u00e9chantillonnage gratuit<\/strong><br \/><strong>Certification :<\/strong>\u00a0ISO, FDA, sans BPA, LFGB, norme europ\u00e9enne<\/p>\n<h2>Caract\u00e9ristiques du sac Custom 3 Side Seal Bag pour l'essence de poulet<\/h2>\n<p>Les sacs \u00e0 triple soudure offrent des avantages tels qu'une forte protection, une excellente fermeture, un bon rapport co\u00fbt-efficacit\u00e9 et une promotion efficace de la marque, ce qui en fait une solution d'emballage id\u00e9ale pour l'essence de poulet et d'autres assaisonnements en poudre.<\/p>\n<ul>\n<li><strong data-start=\"146\" data-end=\"176\">Plat, design peu encombrant :<\/strong> Le sac \u00e0 triple soudure reste plat avant et apr\u00e8s le remplissage, ce qui permet un stockage, un transport et une mise en rayon plus efficaces.<\/li>\n<li data-pm-slice=\"0 0 []\"><strong>Rentable pour la production de masse :<\/strong> Compar\u00e9s aux sachets \u00e0 fond plat ou aux emballages rigides, les sachets \u00e0 trois soudures utilisent moins de mat\u00e9riau et sont id\u00e9aux pour l'emballage des assaisonnements en grande quantit\u00e9 et \u00e0 moindre co\u00fbt.<\/li>\n<li data-pm-slice=\"0 0 []\"><strong>Solutions pour mat\u00e9riaux \u00e0 haute barri\u00e8re :<\/strong> En tant que fabricants experts d'emballages pour aliments et condiments, nous poss\u00e9dons des connaissances sp\u00e9cialis\u00e9es et fournissons des sacs d'emballage avec des structures multicouches optimis\u00e9es qui offrent d'excellentes propri\u00e9t\u00e9s de barri\u00e8re \u00e0 l'humidit\u00e9 et \u00e0 l'oxyg\u00e8ne pour prot\u00e9ger la saveur, l'ar\u00f4me et la dur\u00e9e de conservation.<\/li>\n<li data-pm-slice=\"0 0 []\"><strong>Syst\u00e8me strict de contr\u00f4le de la qualit\u00e9 :<\/strong> Des mati\u00e8res premi\u00e8res \u00e0 la force de scellage et \u00e0 la qualit\u00e9 d'impression, chaque \u00e9tape fait l'objet d'inspections de qualit\u00e9 rigoureuses afin de garantir un emballage coh\u00e9rent et fiable.<\/li>\n<\/ul>","protected":false},"featured_media":3614,"comment_status":"closed","ping_status":"closed","template":"","meta":{"_acf_changed":false},"product_brand":[],"product_cat":[63],"product_tag":[],"class_list":{"0":"post-3501","1":"product","2":"type-product","3":"status-publish","4":"has-post-thumbnail","6":"product_cat-3-side-seal-bag","8":"first","9":"instock","10":"shipping-taxable","11":"product-type-simple"},"acf":[],"_links":{"self":[{"href":"https:\/\/www.topchinapack.com\/fr\/wp-json\/wp\/v2\/product\/3501","targetHints":{"allow":["GET"]}}],"collection":[{"href":"https:\/\/www.topchinapack.com\/fr\/wp-json\/wp\/v2\/product"}],"about":[{"href":"https:\/\/www.topchinapack.com\/fr\/wp-json\/wp\/v2\/types\/product"}],"replies":[{"embeddable":true,"href":"https:\/\/www.topchinapack.com\/fr\/wp-json\/wp\/v2\/comments?post=3501"}],"wp:featuredmedia":[{"embeddable":true,"href":"https:\/\/www.topchinapack.com\/fr\/wp-json\/wp\/v2\/media\/3614"}],"wp:attachment":[{"href":"https:\/\/www.topchinapack.com\/fr\/wp-json\/wp\/v2\/media?parent=3501"}],"wp:term":[{"taxonomy":"product_brand","embeddable":true,"href":"https:\/\/www.topchinapack.com\/fr\/wp-json\/wp\/v2\/product_brand?post=3501"},{"taxonomy":"product_cat","embeddable":true,"href":"https:\/\/www.topchinapack.com\/fr\/wp-json\/wp\/v2\/product_cat?post=3501"},{"taxonomy":"product_tag","embeddable":true,"href":"https:\/\/www.topchinapack.com\/fr\/wp-json\/wp\/v2\/product_tag?post=3501"}],"curies":[{"name":"wp","href":"https:\/\/api.w.org\/{rel}","templated":true}]}}