{"id":741,"date":"2025-03-13T02:17:17","date_gmt":"2025-03-13T02:17:17","guid":{"rendered":"https:\/\/www.topchinapack.com\/?post_type=product&#038;p=741"},"modified":"2025-11-17T07:10:53","modified_gmt":"2025-11-17T07:10:53","slug":"custom-bottle-shrink-sleeve","status":"publish","type":"product","link":"https:\/\/www.topchinapack.com\/fr\/produit\/custom-bottle-shrink-sleeve\/","title":{"rendered":"\u00c9tiquettes de manchons r\u00e9tractables pour bouteilles - Manchons r\u00e9tractables de qualit\u00e9 sup\u00e9rieure et \u00e9cologiques pour bouteilles"},"content":{"rendered":"<div class=\"wp-block-columns is-layout-flex wp-container-core-columns-is-layout-9d6595d7 wp-block-columns-is-layout-flex\">\n<div class=\"wp-block-column is-layout-flow wp-block-column-is-layout-flow\">\n<figure class=\"wp-block-image size-full\"><img decoding=\"async\" width=\"800\" height=\"800\" src=\"https:\/\/www.topchinapack.com\/wp-content\/uploads\/2025\/03\/Custom-Bottle-Shrink-Sleeve-5.webp\" alt=\"Gaines thermor\u00e9tractables personnalis\u00e9es pour bouteilles (5)\" class=\"wp-image-750\" srcset=\"https:\/\/www.topchinapack.com\/wp-content\/uploads\/2025\/03\/Custom-Bottle-Shrink-Sleeve-5.webp 800w, https:\/\/www.topchinapack.com\/wp-content\/uploads\/2025\/03\/Custom-Bottle-Shrink-Sleeve-5-300x300.webp 300w, https:\/\/www.topchinapack.com\/wp-content\/uploads\/2025\/03\/Custom-Bottle-Shrink-Sleeve-5-150x150.webp 150w, https:\/\/www.topchinapack.com\/wp-content\/uploads\/2025\/03\/Custom-Bottle-Shrink-Sleeve-5-768x768.webp 768w, https:\/\/www.topchinapack.com\/wp-content\/uploads\/2025\/03\/Custom-Bottle-Shrink-Sleeve-5-600x600.webp 600w, https:\/\/www.topchinapack.com\/wp-content\/uploads\/2025\/03\/Custom-Bottle-Shrink-Sleeve-5-100x100.webp 100w\" sizes=\"(max-width: 800px) 100vw, 800px\" \/><\/figure>\n<\/div>\n\n\n\n<div class=\"wp-block-column is-layout-flow wp-block-column-is-layout-flow\">\n<figure class=\"wp-block-image size-full\"><img decoding=\"async\" width=\"800\" height=\"800\" src=\"https:\/\/www.topchinapack.com\/wp-content\/uploads\/2025\/03\/Custom-Bottle-Shrink-Sleeve-6.webp\" alt=\"Gaines thermor\u00e9tractables personnalis\u00e9es pour bouteilles (6)\" class=\"wp-image-751\" srcset=\"https:\/\/www.topchinapack.com\/wp-content\/uploads\/2025\/03\/Custom-Bottle-Shrink-Sleeve-6.webp 800w, https:\/\/www.topchinapack.com\/wp-content\/uploads\/2025\/03\/Custom-Bottle-Shrink-Sleeve-6-300x300.webp 300w, https:\/\/www.topchinapack.com\/wp-content\/uploads\/2025\/03\/Custom-Bottle-Shrink-Sleeve-6-150x150.webp 150w, https:\/\/www.topchinapack.com\/wp-content\/uploads\/2025\/03\/Custom-Bottle-Shrink-Sleeve-6-768x768.webp 768w, https:\/\/www.topchinapack.com\/wp-content\/uploads\/2025\/03\/Custom-Bottle-Shrink-Sleeve-6-600x600.webp 600w, https:\/\/www.topchinapack.com\/wp-content\/uploads\/2025\/03\/Custom-Bottle-Shrink-Sleeve-6-100x100.webp 100w\" sizes=\"(max-width: 800px) 100vw, 800px\" \/><\/figure>\n<\/div>\n<\/div>\n\n\n\n<div class=\"wp-block-columns is-layout-flex wp-container-core-columns-is-layout-9d6595d7 wp-block-columns-is-layout-flex\">\n<div class=\"wp-block-column is-layout-flow wp-block-column-is-layout-flow\"><\/div>\n\n\n\n<div class=\"wp-block-column is-layout-flow wp-block-column-is-layout-flow\"><\/div>\n<\/div>","protected":false},"excerpt":{"rendered":"<p>Ces manchons r\u00e9tractables de haute qualit\u00e9 sont fabriqu\u00e9s \u00e0 partir de pvc de qualit\u00e9 alimentaire. Vous pouvez enti\u00e8rement personnaliser le design avec le logo de votre marque, des graphiques, des couleurs et du texte, donnez vie \u00e0 votre vision gr\u00e2ce \u00e0 notre technologie avanc\u00e9e d'impression en h\u00e9liogravure. Contactez-nous pour un devis.<\/p>\n<h2>Caract\u00e9ristiques de la gaine thermor\u00e9tractable pour bouteille personnalis\u00e9e<\/h2>\n<p><strong>Prise en charge de la personnalisation de la taille :<\/strong> Ces bandes r\u00e9tractables pour bouteilles sont disponibles dans une vari\u00e9t\u00e9 de longueurs (50 m, 30 m, 300 m) et de largeurs (50 cm, 30 cm) standard et peuvent \u00eatre personnalis\u00e9es de mani\u00e8re flexible pour r\u00e9pondre \u00e0 vos besoins sp\u00e9cifiques en mati\u00e8re d'emballage.<\/p>\n<p><strong>Personnalisation des motifs :<\/strong> Nous proposons des services de conception de mod\u00e8les et de personnalisation. Gr\u00e2ce \u00e0 une technologie d'impression en h\u00e9liogravure de haute qualit\u00e9, votre mod\u00e8le pr\u00e9sentera des couleurs vives et des d\u00e9tails pr\u00e9cis.<\/p>\n<p><strong>Bonne pr\u00e9sentation :<\/strong> Ces \u00e9tiquettes pour bouteilles sont fabriqu\u00e9es en PVC souple, ce qui permet d'identifier facilement des bouteilles de formes et de tailles diverses et de leur donner un aspect lisse et infroissable.<\/p>\n<p><strong>Quantit\u00e9 minimale de commande flexible :<\/strong> Notre quantit\u00e9 minimale de commande abaiss\u00e9e r\u00e9pond cette fois aux besoins des entreprises de diff\u00e9rentes tailles, ce qui permet d'achever rapidement votre projet.<\/p>\n<p><strong>\u00c9chantillons gratuits :<\/strong> Nous fournissons des \u00e9chantillons gratuits \u00e0 des fins d'essai, afin que vous puissiez \u00e9valuer la qualit\u00e9, la durabilit\u00e9 et l'ajustement des bracelets avant de passer une commande importante.<\/p>","protected":false},"featured_media":746,"comment_status":"closed","ping_status":"closed","template":"","meta":{"_acf_changed":false},"product_brand":[],"product_cat":[25,33],"product_tag":[],"class_list":{"0":"post-741","1":"product","2":"type-product","3":"status-publish","4":"has-post-thumbnail","6":"product_cat-custom-shrink-sleeve-label","7":"product_cat-custom-beverage-shrink-sleeve-labels","9":"first","10":"instock","11":"shipping-taxable","12":"product-type-simple"},"acf":[],"_links":{"self":[{"href":"https:\/\/www.topchinapack.com\/fr\/wp-json\/wp\/v2\/product\/741","targetHints":{"allow":["GET"]}}],"collection":[{"href":"https:\/\/www.topchinapack.com\/fr\/wp-json\/wp\/v2\/product"}],"about":[{"href":"https:\/\/www.topchinapack.com\/fr\/wp-json\/wp\/v2\/types\/product"}],"replies":[{"embeddable":true,"href":"https:\/\/www.topchinapack.com\/fr\/wp-json\/wp\/v2\/comments?post=741"}],"wp:featuredmedia":[{"embeddable":true,"href":"https:\/\/www.topchinapack.com\/fr\/wp-json\/wp\/v2\/media\/746"}],"wp:attachment":[{"href":"https:\/\/www.topchinapack.com\/fr\/wp-json\/wp\/v2\/media?parent=741"}],"wp:term":[{"taxonomy":"product_brand","embeddable":true,"href":"https:\/\/www.topchinapack.com\/fr\/wp-json\/wp\/v2\/product_brand?post=741"},{"taxonomy":"product_cat","embeddable":true,"href":"https:\/\/www.topchinapack.com\/fr\/wp-json\/wp\/v2\/product_cat?post=741"},{"taxonomy":"product_tag","embeddable":true,"href":"https:\/\/www.topchinapack.com\/fr\/wp-json\/wp\/v2\/product_tag?post=741"}],"curies":[{"name":"wp","href":"https:\/\/api.w.org\/{rel}","templated":true}]}}