{"id":763,"date":"2025-03-13T06:23:20","date_gmt":"2025-03-13T06:23:20","guid":{"rendered":"https:\/\/www.topchinapack.com\/?post_type=product&#038;p=763"},"modified":"2025-11-17T07:09:43","modified_gmt":"2025-11-17T07:09:43","slug":"custom-shrink-wrap-labels-for-beverage-bottles","status":"publish","type":"product","link":"https:\/\/www.topchinapack.com\/fr\/produit\/custom-shrink-wrap-labels-for-beverage-bottles\/","title":{"rendered":"\u00c9tiquettes personnalis\u00e9es pour bouteilles de boissons - GQ PACK Fabricant de manchons thermor\u00e9tractables"},"content":{"rendered":"<div class=\"wp-block-columns is-layout-flex wp-container-core-columns-is-layout-9d6595d7 wp-block-columns-is-layout-flex\">\n<div class=\"wp-block-column is-layout-flow wp-block-column-is-layout-flow\">\n<figure class=\"wp-block-image size-full\"><img decoding=\"async\" width=\"750\" height=\"750\" src=\"https:\/\/www.topchinapack.com\/wp-content\/uploads\/2025\/03\/Custom-Shrink-Wrap-Labels-for-Beverage-Bottles-3.webp\" alt=\"\u00c9tiquettes thermor\u00e9tractables personnalis\u00e9es pour bouteilles de boissons (3)\" class=\"wp-image-766\" srcset=\"https:\/\/www.topchinapack.com\/wp-content\/uploads\/2025\/03\/Custom-Shrink-Wrap-Labels-for-Beverage-Bottles-3.webp 750w, https:\/\/www.topchinapack.com\/wp-content\/uploads\/2025\/03\/Custom-Shrink-Wrap-Labels-for-Beverage-Bottles-3-300x300.webp 300w, https:\/\/www.topchinapack.com\/wp-content\/uploads\/2025\/03\/Custom-Shrink-Wrap-Labels-for-Beverage-Bottles-3-150x150.webp 150w, https:\/\/www.topchinapack.com\/wp-content\/uploads\/2025\/03\/Custom-Shrink-Wrap-Labels-for-Beverage-Bottles-3-600x600.webp 600w, https:\/\/www.topchinapack.com\/wp-content\/uploads\/2025\/03\/Custom-Shrink-Wrap-Labels-for-Beverage-Bottles-3-100x100.webp 100w\" sizes=\"(max-width: 750px) 100vw, 750px\" \/><\/figure>\n<\/div>\n\n\n\n<div class=\"wp-block-column is-layout-flow wp-block-column-is-layout-flow\">\n<figure class=\"wp-block-image size-full\"><img decoding=\"async\" width=\"750\" height=\"750\" src=\"https:\/\/www.topchinapack.com\/wp-content\/uploads\/2025\/03\/Custom-Shrink-Wrap-Labels-for-Beverage-Bottles-4.webp\" alt=\"\u00c9tiquettes thermor\u00e9tractables personnalis\u00e9es pour bouteilles de boissons (4)\" class=\"wp-image-767\" srcset=\"https:\/\/www.topchinapack.com\/wp-content\/uploads\/2025\/03\/Custom-Shrink-Wrap-Labels-for-Beverage-Bottles-4.webp 750w, https:\/\/www.topchinapack.com\/wp-content\/uploads\/2025\/03\/Custom-Shrink-Wrap-Labels-for-Beverage-Bottles-4-300x300.webp 300w, https:\/\/www.topchinapack.com\/wp-content\/uploads\/2025\/03\/Custom-Shrink-Wrap-Labels-for-Beverage-Bottles-4-150x150.webp 150w, https:\/\/www.topchinapack.com\/wp-content\/uploads\/2025\/03\/Custom-Shrink-Wrap-Labels-for-Beverage-Bottles-4-600x600.webp 600w, https:\/\/www.topchinapack.com\/wp-content\/uploads\/2025\/03\/Custom-Shrink-Wrap-Labels-for-Beverage-Bottles-4-100x100.webp 100w\" sizes=\"(max-width: 750px) 100vw, 750px\" \/><\/figure>\n<\/div>\n<\/div>","protected":false},"excerpt":{"rendered":"<p>Nos \u00e9tiquettes sont con\u00e7ues pour s'adapter parfaitement aux bouteilles et r\u00e9cipients de toutes formes et tailles, avec une excellente adh\u00e9rence et une finition sans couture. Chez gq pack, nous offrons des prix comp\u00e9titifs et un support d'approvisionnement en vrac, contactez-nous pour un devis.<\/p>\n<h2>Caract\u00e9ristiques des \u00e9tiquettes r\u00e9tractables personnalis\u00e9es<\/h2>\n<p><strong>S\u00e9lection de mat\u00e9riaux vari\u00e9s :<\/strong> Nous proposons une grande vari\u00e9t\u00e9 de mat\u00e9riaux, tels que le PET, le PVC, le BOPP, etc., combin\u00e9s \u00e0 des processus \u00e9prouv\u00e9s pour garantir une grande durabilit\u00e9 et d'excellentes performances de r\u00e9traction de l'\u00e9tiquette.<\/p>\n<p><strong>Technologie de production avanc\u00e9e :<\/strong> Gr\u00e2ce \u00e0 une technologie d'impression en h\u00e9liogravure de pointe combin\u00e9e \u00e0 des mat\u00e9riaux d'encre de haute qualit\u00e9, notre \u00e9tiquette Shrink Warp peut garantir des couleurs stables et des d\u00e9tails clairs.<\/p>\n<p><strong>Livraison rapide :<\/strong> Nous disposons d'une ligne de production efficace, capable de r\u00e9pondre rapidement aux besoins des clients, de prendre en charge des commandes de tailles diff\u00e9rentes et de traiter de faibles quantit\u00e9s.<\/p>\n<p><strong>Prix comp\u00e9titif :<\/strong> En nous appuyant sur une gestion de la production et une technologie d'automatisation avanc\u00e9es, nous pouvons r\u00e9duire efficacement les co\u00fbts unitaires des commandes de gros volumes et proposer aux clients des prix plus comp\u00e9titifs.<\/p>","protected":false},"featured_media":765,"comment_status":"closed","ping_status":"closed","template":"","meta":{"_acf_changed":true},"product_brand":[],"product_cat":[25,33],"product_tag":[],"class_list":{"0":"post-763","1":"product","2":"type-product","3":"status-publish","4":"has-post-thumbnail","6":"product_cat-custom-shrink-sleeve-label","7":"product_cat-custom-beverage-shrink-sleeve-labels","9":"first","10":"instock","11":"shipping-taxable","12":"product-type-simple"},"acf":[],"_links":{"self":[{"href":"https:\/\/www.topchinapack.com\/fr\/wp-json\/wp\/v2\/product\/763","targetHints":{"allow":["GET"]}}],"collection":[{"href":"https:\/\/www.topchinapack.com\/fr\/wp-json\/wp\/v2\/product"}],"about":[{"href":"https:\/\/www.topchinapack.com\/fr\/wp-json\/wp\/v2\/types\/product"}],"replies":[{"embeddable":true,"href":"https:\/\/www.topchinapack.com\/fr\/wp-json\/wp\/v2\/comments?post=763"}],"wp:featuredmedia":[{"embeddable":true,"href":"https:\/\/www.topchinapack.com\/fr\/wp-json\/wp\/v2\/media\/765"}],"wp:attachment":[{"href":"https:\/\/www.topchinapack.com\/fr\/wp-json\/wp\/v2\/media?parent=763"}],"wp:term":[{"taxonomy":"product_brand","embeddable":true,"href":"https:\/\/www.topchinapack.com\/fr\/wp-json\/wp\/v2\/product_brand?post=763"},{"taxonomy":"product_cat","embeddable":true,"href":"https:\/\/www.topchinapack.com\/fr\/wp-json\/wp\/v2\/product_cat?post=763"},{"taxonomy":"product_tag","embeddable":true,"href":"https:\/\/www.topchinapack.com\/fr\/wp-json\/wp\/v2\/product_tag?post=763"}],"curies":[{"name":"wp","href":"https:\/\/api.w.org\/{rel}","templated":true}]}}