{"id":819,"date":"2025-03-14T01:52:32","date_gmt":"2025-03-14T01:52:32","guid":{"rendered":"https:\/\/www.topchinapack.com\/?post_type=product&#038;p=819"},"modified":"2025-11-17T07:47:27","modified_gmt":"2025-11-17T07:47:27","slug":"custom-stand-up-pouch-with-spout","status":"publish","type":"product","link":"https:\/\/www.topchinapack.com\/fr\/produit\/custom-stand-up-pouch-with-spout\/","title":{"rendered":"Pochette personnalis\u00e9e avec bec verseur pour boissons liquides ou gel\u00e9es - GQ PACK"},"content":{"rendered":"<div class=\"wp-block-columns is-layout-flex wp-container-core-columns-is-layout-9d6595d7 wp-block-columns-is-layout-flex\">\n<div class=\"wp-block-column is-layout-flow wp-block-column-is-layout-flow\">\n<figure class=\"wp-block-image size-full\"><img decoding=\"async\" width=\"800\" height=\"807\" src=\"https:\/\/www.topchinapack.com\/wp-content\/uploads\/2025\/03\/Custom-Stand-Up-Pouch-With-Spout-for-Beverages-5.webp\" alt=\"Pochette \u00e0 bec avec bec verseur pour boissons (5)\" class=\"wp-image-824\" srcset=\"https:\/\/www.topchinapack.com\/wp-content\/uploads\/2025\/03\/Custom-Stand-Up-Pouch-With-Spout-for-Beverages-5.webp 800w, https:\/\/www.topchinapack.com\/wp-content\/uploads\/2025\/03\/Custom-Stand-Up-Pouch-With-Spout-for-Beverages-5-297x300.webp 297w, https:\/\/www.topchinapack.com\/wp-content\/uploads\/2025\/03\/Custom-Stand-Up-Pouch-With-Spout-for-Beverages-5-150x150.webp 150w, https:\/\/www.topchinapack.com\/wp-content\/uploads\/2025\/03\/Custom-Stand-Up-Pouch-With-Spout-for-Beverages-5-768x775.webp 768w, https:\/\/www.topchinapack.com\/wp-content\/uploads\/2025\/03\/Custom-Stand-Up-Pouch-With-Spout-for-Beverages-5-600x605.webp 600w, https:\/\/www.topchinapack.com\/wp-content\/uploads\/2025\/03\/Custom-Stand-Up-Pouch-With-Spout-for-Beverages-5-100x100.webp 100w\" sizes=\"(max-width: 800px) 100vw, 800px\" \/><\/figure>\n<\/div>\n\n\n\n<div class=\"wp-block-column is-layout-flow wp-block-column-is-layout-flow\">\n<figure class=\"wp-block-image size-full\"><img decoding=\"async\" width=\"800\" height=\"807\" src=\"https:\/\/www.topchinapack.com\/wp-content\/uploads\/2025\/03\/Custom-Stand-Up-Pouch-With-Spout-for-Beverages-6.webp\" alt=\"Pochette \u00e0 bec avec bec verseur pour boissons (6)\" class=\"wp-image-825\" srcset=\"https:\/\/www.topchinapack.com\/wp-content\/uploads\/2025\/03\/Custom-Stand-Up-Pouch-With-Spout-for-Beverages-6.webp 800w, https:\/\/www.topchinapack.com\/wp-content\/uploads\/2025\/03\/Custom-Stand-Up-Pouch-With-Spout-for-Beverages-6-297x300.webp 297w, https:\/\/www.topchinapack.com\/wp-content\/uploads\/2025\/03\/Custom-Stand-Up-Pouch-With-Spout-for-Beverages-6-150x150.webp 150w, https:\/\/www.topchinapack.com\/wp-content\/uploads\/2025\/03\/Custom-Stand-Up-Pouch-With-Spout-for-Beverages-6-768x775.webp 768w, https:\/\/www.topchinapack.com\/wp-content\/uploads\/2025\/03\/Custom-Stand-Up-Pouch-With-Spout-for-Beverages-6-600x605.webp 600w, https:\/\/www.topchinapack.com\/wp-content\/uploads\/2025\/03\/Custom-Stand-Up-Pouch-With-Spout-for-Beverages-6-100x100.webp 100w\" sizes=\"(max-width: 800px) 100vw, 800px\" \/><\/figure>\n<\/div>\n<\/div>\n\n\n\n<div class=\"wp-block-columns is-layout-flex wp-container-core-columns-is-layout-9d6595d7 wp-block-columns-is-layout-flex\">\n<div class=\"wp-block-column is-layout-flow wp-block-column-is-layout-flow\"><\/div>\n\n\n\n<div class=\"wp-block-column is-layout-flow wp-block-column-is-layout-flow\"><\/div>\n<\/div>","protected":false},"excerpt":{"rendered":"<p>La pochette \u00e0 bec, con\u00e7ue pour emballer les boissons liquides et les gel\u00e9es, est \u00e0 la fois fonctionnelle et visuellement attrayante. Les marques peuvent imprimer jusqu'\u00e0 10 couleurs pour cr\u00e9er un emballage qui attire l'attention. Contactez-nous pour une solution personnalis\u00e9e.<\/p>\n<h2>Caract\u00e9ristiques de la pochette sur mesure avec bec verseur\u00a0<\/h2>\n<p><strong>Hautement personnalisable :<\/strong> GQ PACK utilise une impression en h\u00e9liogravure de haute qualit\u00e9, peut imprimer jusqu'\u00e0 10 couleurs, reproduit parfaitement les motifs fins du dessin, et fournit un support de personnalisation \u00e9lev\u00e9 en termes de taille, d'\u00e9paisseur, de mat\u00e9riau, etc.<\/p>\n<p><strong>Structure durable du mat\u00e9riau multicouche :<\/strong> Cette pochette \u00e0 bec est fabriqu\u00e9e \u00e0 partir de mat\u00e9riaux lamin\u00e9s de haute qualit\u00e9, qui offrent une excellente protection contre l'humidit\u00e9, l'oxyg\u00e8ne et les rayons UV.<\/p>\n<p><strong>Qualit\u00e9 de haut niveau Certification : <\/strong>Notre pochette sur pied personnalis\u00e9e avec bec verseur a pass\u00e9 les certifications ISO et QS et peut \u00eatre utilis\u00e9e en toute s\u00e9curit\u00e9 pour stocker des produits comestibles.<\/p>\n<p><strong>\u00c9chantillons gratuits :<\/strong> Des \u00e9chantillons gratuits sont disponibles avant les commandes en gros pour vous aider \u00e0 mieux \u00e9valuer la qualit\u00e9 des mat\u00e9riaux, la pr\u00e9cision de l'impression et la conception g\u00e9n\u00e9rale.<\/p>\n<p><strong>Livraison rapide :<\/strong> Notre d\u00e9lai d'ex\u00e9cution rapide de 10 \u00e0 20 jours garantit que m\u00eame les commandes personnalis\u00e9es importantes peuvent \u00eatre trait\u00e9es efficacement, ce qui permet \u00e0 votre entreprise de fonctionner sans heurts.<\/p>","protected":false},"featured_media":820,"comment_status":"closed","ping_status":"closed","template":"","meta":{"_acf_changed":true},"product_brand":[],"product_cat":[22,39],"product_tag":[],"class_list":{"0":"post-819","1":"product","2":"type-product","3":"status-publish","4":"has-post-thumbnail","6":"product_cat-custom-spout-pouches","7":"product_cat-custom-juice-spout-pouches","9":"first","10":"instock","11":"shipping-taxable","12":"product-type-simple"},"acf":[],"_links":{"self":[{"href":"https:\/\/www.topchinapack.com\/fr\/wp-json\/wp\/v2\/product\/819","targetHints":{"allow":["GET"]}}],"collection":[{"href":"https:\/\/www.topchinapack.com\/fr\/wp-json\/wp\/v2\/product"}],"about":[{"href":"https:\/\/www.topchinapack.com\/fr\/wp-json\/wp\/v2\/types\/product"}],"replies":[{"embeddable":true,"href":"https:\/\/www.topchinapack.com\/fr\/wp-json\/wp\/v2\/comments?post=819"}],"wp:featuredmedia":[{"embeddable":true,"href":"https:\/\/www.topchinapack.com\/fr\/wp-json\/wp\/v2\/media\/820"}],"wp:attachment":[{"href":"https:\/\/www.topchinapack.com\/fr\/wp-json\/wp\/v2\/media?parent=819"}],"wp:term":[{"taxonomy":"product_brand","embeddable":true,"href":"https:\/\/www.topchinapack.com\/fr\/wp-json\/wp\/v2\/product_brand?post=819"},{"taxonomy":"product_cat","embeddable":true,"href":"https:\/\/www.topchinapack.com\/fr\/wp-json\/wp\/v2\/product_cat?post=819"},{"taxonomy":"product_tag","embeddable":true,"href":"https:\/\/www.topchinapack.com\/fr\/wp-json\/wp\/v2\/product_tag?post=819"}],"curies":[{"name":"wp","href":"https:\/\/api.w.org\/{rel}","templated":true}]}}