{"id":833,"date":"2025-03-14T03:20:51","date_gmt":"2025-03-14T03:20:51","guid":{"rendered":"https:\/\/www.topchinapack.com\/?post_type=product&#038;p=833"},"modified":"2025-11-17T07:45:13","modified_gmt":"2025-11-17T07:45:13","slug":"wholesale-custom-spout-jelly-pouches","status":"publish","type":"product","link":"https:\/\/www.topchinapack.com\/fr\/produit\/wholesale-custom-spout-jelly-pouches\/","title":{"rendered":"Vente en gros de sachets \u00e0 bec personnalis\u00e9s, sachets de gel\u00e9e personnalis\u00e9s en vrac - GQ PACK Fabricant d'emballages flexibles"},"content":{"rendered":"<div class=\"wp-block-columns is-layout-flex wp-container-core-columns-is-layout-9d6595d7 wp-block-columns-is-layout-flex\">\n<div class=\"wp-block-column is-layout-flow wp-block-column-is-layout-flow\">\n<figure class=\"wp-block-image size-full\"><img decoding=\"async\" width=\"800\" height=\"793\" src=\"https:\/\/www.topchinapack.com\/wp-content\/uploads\/2025\/03\/Custom-Jelly-Spout-Pouch-5.webp\" alt=\"Pochette de gel\u00e9e personnalis\u00e9e (5)\" class=\"wp-image-838\" srcset=\"https:\/\/www.topchinapack.com\/wp-content\/uploads\/2025\/03\/Custom-Jelly-Spout-Pouch-5.webp 800w, https:\/\/www.topchinapack.com\/wp-content\/uploads\/2025\/03\/Custom-Jelly-Spout-Pouch-5-300x297.webp 300w, https:\/\/www.topchinapack.com\/wp-content\/uploads\/2025\/03\/Custom-Jelly-Spout-Pouch-5-150x150.webp 150w, https:\/\/www.topchinapack.com\/wp-content\/uploads\/2025\/03\/Custom-Jelly-Spout-Pouch-5-768x761.webp 768w, https:\/\/www.topchinapack.com\/wp-content\/uploads\/2025\/03\/Custom-Jelly-Spout-Pouch-5-600x595.webp 600w, https:\/\/www.topchinapack.com\/wp-content\/uploads\/2025\/03\/Custom-Jelly-Spout-Pouch-5-100x100.webp 100w\" sizes=\"(max-width: 800px) 100vw, 800px\" \/><\/figure>\n<\/div>\n\n\n\n<div class=\"wp-block-column is-layout-flow wp-block-column-is-layout-flow\">\n<figure class=\"wp-block-image size-full\"><img decoding=\"async\" width=\"800\" height=\"800\" src=\"https:\/\/www.topchinapack.com\/wp-content\/uploads\/2025\/03\/Custom-Jelly-Spout-Pouch-6.webp\" alt=\"Pochette de gel\u00e9e personnalis\u00e9e (6)\" class=\"wp-image-839\" srcset=\"https:\/\/www.topchinapack.com\/wp-content\/uploads\/2025\/03\/Custom-Jelly-Spout-Pouch-6.webp 800w, https:\/\/www.topchinapack.com\/wp-content\/uploads\/2025\/03\/Custom-Jelly-Spout-Pouch-6-300x300.webp 300w, https:\/\/www.topchinapack.com\/wp-content\/uploads\/2025\/03\/Custom-Jelly-Spout-Pouch-6-150x150.webp 150w, https:\/\/www.topchinapack.com\/wp-content\/uploads\/2025\/03\/Custom-Jelly-Spout-Pouch-6-768x768.webp 768w, https:\/\/www.topchinapack.com\/wp-content\/uploads\/2025\/03\/Custom-Jelly-Spout-Pouch-6-600x600.webp 600w, https:\/\/www.topchinapack.com\/wp-content\/uploads\/2025\/03\/Custom-Jelly-Spout-Pouch-6-100x100.webp 100w\" sizes=\"(max-width: 800px) 100vw, 800px\" \/><\/figure>\n<\/div>\n<\/div>","protected":false},"excerpt":{"rendered":"<p>Les sachets de gel\u00e9e, fabriqu\u00e9s \u00e0 partir de mat\u00e9riaux de qualit\u00e9 alimentaire sup\u00e9rieure, offrent une excellente protection contre la contamination, pr\u00e9servant ainsi la fra\u00eecheur et la qualit\u00e9 de vos produits. Contactez-nous pour une solution personnalis\u00e9e.<\/p>\n<h2>Caract\u00e9ristiques des pochettes de gel\u00e9e sur mesure<\/h2>\n<p><strong>Protection durable et fiable :<\/strong> Les sachets de gel\u00e9e \u00e0 bec personnalis\u00e9 sont fabriqu\u00e9s \u00e0 partir de lamin\u00e9s de haute qualit\u00e9 alimentaire afin de pr\u00e9server la fra\u00eecheur et la saveur de vos produits liquides ou en gel\u00e9e pendant une longue p\u00e9riode.<\/p>\n<p><strong>Convivialit\u00e9 :<\/strong> Le bec verseur refermable permet de pr\u00e9parer le jus ou la gel\u00e9e sans risque de renversement, ce qui am\u00e9liore l'exp\u00e9rience de l'utilisateur.<\/p>\n<p><strong>Qualit\u00e9 certifi\u00e9e pour la confiance du consommateur :<\/strong> Les sachets de gel\u00e9e \u00e0 bec personnalis\u00e9 sont fabriqu\u00e9s sous un contr\u00f4le de qualit\u00e9 strict et r\u00e9pondent aux certifications ISO et QS.<\/p>\n<p><strong>Prix de gros :<\/strong> GQ PACK propose des prix comp\u00e9titifs pour les commandes en gros, avec des prix directs d'usine, vous pouvez obtenir des emballages de haute qualit\u00e9 \u00e0 un prix rentable.<\/p>\n<p><strong>Livraison rapide :<\/strong> Nous proposons des d\u00e9lais de livraison rapides, g\u00e9n\u00e9ralement entre 10 et 20 jours, afin que vos produits puissent r\u00e9pondre rapidement aux besoins du march\u00e9, aux promotions, etc.<\/p>","protected":false},"featured_media":834,"comment_status":"closed","ping_status":"closed","template":"","meta":{"_acf_changed":true},"product_brand":[],"product_cat":[22,41],"product_tag":[],"class_list":{"0":"post-833","1":"product","2":"type-product","3":"status-publish","4":"has-post-thumbnail","6":"product_cat-custom-spout-pouches","7":"product_cat-custom-jelly-spout-pouches","9":"first","10":"instock","11":"shipping-taxable","12":"product-type-simple"},"acf":[],"_links":{"self":[{"href":"https:\/\/www.topchinapack.com\/fr\/wp-json\/wp\/v2\/product\/833","targetHints":{"allow":["GET"]}}],"collection":[{"href":"https:\/\/www.topchinapack.com\/fr\/wp-json\/wp\/v2\/product"}],"about":[{"href":"https:\/\/www.topchinapack.com\/fr\/wp-json\/wp\/v2\/types\/product"}],"replies":[{"embeddable":true,"href":"https:\/\/www.topchinapack.com\/fr\/wp-json\/wp\/v2\/comments?post=833"}],"wp:featuredmedia":[{"embeddable":true,"href":"https:\/\/www.topchinapack.com\/fr\/wp-json\/wp\/v2\/media\/834"}],"wp:attachment":[{"href":"https:\/\/www.topchinapack.com\/fr\/wp-json\/wp\/v2\/media?parent=833"}],"wp:term":[{"taxonomy":"product_brand","embeddable":true,"href":"https:\/\/www.topchinapack.com\/fr\/wp-json\/wp\/v2\/product_brand?post=833"},{"taxonomy":"product_cat","embeddable":true,"href":"https:\/\/www.topchinapack.com\/fr\/wp-json\/wp\/v2\/product_cat?post=833"},{"taxonomy":"product_tag","embeddable":true,"href":"https:\/\/www.topchinapack.com\/fr\/wp-json\/wp\/v2\/product_tag?post=833"}],"curies":[{"name":"wp","href":"https:\/\/api.w.org\/{rel}","templated":true}]}}