{"id":855,"date":"2025-03-14T06:31:08","date_gmt":"2025-03-14T06:31:08","guid":{"rendered":"https:\/\/www.topchinapack.com\/?post_type=product&#038;p=855"},"modified":"2025-03-14T06:59:26","modified_gmt":"2025-03-14T06:59:26","slug":"wholesale-custom-juice-drink-pouch","status":"publish","type":"product","link":"https:\/\/www.topchinapack.com\/fr\/produit\/wholesale-custom-juice-drink-pouch\/","title":{"rendered":"Pochette pour boisson au jus de fruit, conception de sac d'injection, de qualit\u00e9 alimentaire et durable"},"content":{"rendered":"<div class=\"wp-block-columns is-layout-flex wp-container-core-columns-is-layout-9d6595d7 wp-block-columns-is-layout-flex\">\n<div class=\"wp-block-column is-layout-flow wp-block-column-is-layout-flow\">\n<figure class=\"wp-block-image size-full\"><img decoding=\"async\" width=\"800\" height=\"800\" src=\"https:\/\/www.topchinapack.com\/wp-content\/uploads\/2025\/03\/Custom-Juice-Drink-Pouch-4.webp\" alt=\"Pochette \u00e0 jus de fruits personnalis\u00e9e (4)\" class=\"wp-image-859\" srcset=\"https:\/\/www.topchinapack.com\/wp-content\/uploads\/2025\/03\/Custom-Juice-Drink-Pouch-4.webp 800w, https:\/\/www.topchinapack.com\/wp-content\/uploads\/2025\/03\/Custom-Juice-Drink-Pouch-4-300x300.webp 300w, https:\/\/www.topchinapack.com\/wp-content\/uploads\/2025\/03\/Custom-Juice-Drink-Pouch-4-150x150.webp 150w, https:\/\/www.topchinapack.com\/wp-content\/uploads\/2025\/03\/Custom-Juice-Drink-Pouch-4-768x768.webp 768w, https:\/\/www.topchinapack.com\/wp-content\/uploads\/2025\/03\/Custom-Juice-Drink-Pouch-4-600x600.webp 600w, https:\/\/www.topchinapack.com\/wp-content\/uploads\/2025\/03\/Custom-Juice-Drink-Pouch-4-100x100.webp 100w\" sizes=\"(max-width: 800px) 100vw, 800px\" \/><\/figure>\n<\/div>\n\n\n\n<div class=\"wp-block-column is-layout-flow wp-block-column-is-layout-flow\">\n<figure class=\"wp-block-image size-full\"><img decoding=\"async\" width=\"800\" height=\"800\" src=\"https:\/\/www.topchinapack.com\/wp-content\/uploads\/2025\/03\/Custom-Juice-Drink-Pouch-6.webp\" alt=\"Pochette \u00e0 jus de fruits personnalis\u00e9e (6)\" class=\"wp-image-861\" srcset=\"https:\/\/www.topchinapack.com\/wp-content\/uploads\/2025\/03\/Custom-Juice-Drink-Pouch-6.webp 800w, https:\/\/www.topchinapack.com\/wp-content\/uploads\/2025\/03\/Custom-Juice-Drink-Pouch-6-300x300.webp 300w, https:\/\/www.topchinapack.com\/wp-content\/uploads\/2025\/03\/Custom-Juice-Drink-Pouch-6-150x150.webp 150w, https:\/\/www.topchinapack.com\/wp-content\/uploads\/2025\/03\/Custom-Juice-Drink-Pouch-6-768x768.webp 768w, https:\/\/www.topchinapack.com\/wp-content\/uploads\/2025\/03\/Custom-Juice-Drink-Pouch-6-600x600.webp 600w, https:\/\/www.topchinapack.com\/wp-content\/uploads\/2025\/03\/Custom-Juice-Drink-Pouch-6-100x100.webp 100w\" sizes=\"(max-width: 800px) 100vw, 800px\" \/><\/figure>\n<\/div>\n<\/div>\n\n\n\n<p>\u200b<\/p>\n\n\n\n<div class=\"wp-block-columns is-layout-flex wp-container-core-columns-is-layout-9d6595d7 wp-block-columns-is-layout-flex\">\n<div class=\"wp-block-column is-layout-flow wp-block-column-is-layout-flow\"><\/div>\n\n\n\n<div class=\"wp-block-column is-layout-flow wp-block-column-is-layout-flow\"><\/div>\n<\/div>","protected":false},"excerpt":{"rendered":"<p>Nos sachets de jus de fruits personnalis\u00e9s pr\u00e9sentent des conceptions innovantes de sacs d'injection et des mat\u00e9riaux de qualit\u00e9 alimentaire pour assurer un remplissage pr\u00e9cis et hygi\u00e9nique de votre boisson. Gr\u00e2ce \u00e0 la technologie d'impression en h\u00e9liogravure \u00e0 dix couleurs, nous pouvons fournir des graphiques vibrants et \u00e0 haute r\u00e9solution pour l'emballage. Contactez-nous pour un devis.<\/p>\n<h2>Caract\u00e9ristiques des pochettes pour jus de fruits personnalis\u00e9es<\/h2>\n<p><strong>L\u00e9ger et portable :<\/strong> Par rapport aux bouteilles en verre ou aux bo\u00eetes m\u00e9talliques, les sachets personnalis\u00e9s pour boissons au jus sont plus faciles \u00e0 transporter, ce qui permet de r\u00e9duire consid\u00e9rablement les co\u00fbts de production et de logistique.<\/p>\n<p><strong>Grande capacit\u00e9 d'adaptation :<\/strong> Outre les produits liquides tels que le jus, le lait et les boissons sportives, cet emballage peut \u00e9galement \u00eatre utilis\u00e9 pour les aliments semi-solides tels que la pur\u00e9e, la gel\u00e9e, la vinaigrette et le miel.<\/p>\n<p><strong>Forme unique :<\/strong> Nous prenons en charge la personnalisation de formes uniques, telles que la forme d'un fruit, d'un animal, d'un dessin anim\u00e9 et d'autres motifs personnalis\u00e9s, ce qui rend le produit plus attrayant dans les rayons.<\/p>\n<p><strong>Processus d'impression de haute qualit\u00e9 :<\/strong> Utilisant une technologie d'impression par h\u00e9liogravure sophistiqu\u00e9e, il permet une impression exquise jusqu'\u00e0 10 couleurs, garantissant des motifs clairs et des couleurs riches.<\/p>\n<p><strong>Capacit\u00e9 de production \u00e0 grande \u00e9chelle :<\/strong> S'appuyant sur des \u00e9quipements de production modernes, gq pack peut produire 500 000 sachets personnalis\u00e9s pour boissons au jus chaque jour, ce qui vous assure un soutien stable.<\/p>","protected":false},"featured_media":856,"comment_status":"closed","ping_status":"closed","template":"","meta":{"_acf_changed":true},"product_brand":[],"product_cat":[18],"product_tag":[],"class_list":{"0":"post-855","1":"product","2":"type-product","3":"status-publish","4":"has-post-thumbnail","6":"product_cat-custom-beverage-injection-bag","8":"first","9":"instock","10":"shipping-taxable","11":"product-type-simple"},"acf":[],"_links":{"self":[{"href":"https:\/\/www.topchinapack.com\/fr\/wp-json\/wp\/v2\/product\/855","targetHints":{"allow":["GET"]}}],"collection":[{"href":"https:\/\/www.topchinapack.com\/fr\/wp-json\/wp\/v2\/product"}],"about":[{"href":"https:\/\/www.topchinapack.com\/fr\/wp-json\/wp\/v2\/types\/product"}],"replies":[{"embeddable":true,"href":"https:\/\/www.topchinapack.com\/fr\/wp-json\/wp\/v2\/comments?post=855"}],"wp:featuredmedia":[{"embeddable":true,"href":"https:\/\/www.topchinapack.com\/fr\/wp-json\/wp\/v2\/media\/856"}],"wp:attachment":[{"href":"https:\/\/www.topchinapack.com\/fr\/wp-json\/wp\/v2\/media?parent=855"}],"wp:term":[{"taxonomy":"product_brand","embeddable":true,"href":"https:\/\/www.topchinapack.com\/fr\/wp-json\/wp\/v2\/product_brand?post=855"},{"taxonomy":"product_cat","embeddable":true,"href":"https:\/\/www.topchinapack.com\/fr\/wp-json\/wp\/v2\/product_cat?post=855"},{"taxonomy":"product_tag","embeddable":true,"href":"https:\/\/www.topchinapack.com\/fr\/wp-json\/wp\/v2\/product_tag?post=855"}],"curies":[{"name":"wp","href":"https:\/\/api.w.org\/{rel}","templated":true}]}}