{"id":999,"date":"2025-03-16T10:10:06","date_gmt":"2025-03-16T10:10:06","guid":{"rendered":"https:\/\/www.topchinapack.com\/?post_type=product&#038;p=999"},"modified":"2025-12-19T07:54:52","modified_gmt":"2025-12-19T07:54:52","slug":"custom-coffee-packaging-stand-up-pouch","status":"publish","type":"product","link":"https:\/\/www.topchinapack.com\/fr\/produit\/custom-coffee-packaging-stand-up-pouch\/","title":{"rendered":"Sacs d'emballage personnalis\u00e9s pour le caf\u00e9 Wholesale"},"content":{"rendered":"<div class=\"wp-block-columns is-layout-flex wp-container-core-columns-is-layout-9d6595d7 wp-block-columns-is-layout-flex\">\n<div class=\"wp-block-column is-layout-flow wp-block-column-is-layout-flow\">\n<figure class=\"wp-block-image size-full\"><img decoding=\"async\" width=\"750\" height=\"750\" src=\"https:\/\/www.topchinapack.com\/wp-content\/uploads\/2025\/03\/Custom-Coffee-Packaging-Stand-Up-Pouch-4.webp\" alt=\"Emballages personnalis\u00e9s pour le caf\u00e9 - pochette \u00e0 rabat (4)\" class=\"wp-image-1003\" srcset=\"https:\/\/www.topchinapack.com\/wp-content\/uploads\/2025\/03\/Custom-Coffee-Packaging-Stand-Up-Pouch-4.webp 750w, https:\/\/www.topchinapack.com\/wp-content\/uploads\/2025\/03\/Custom-Coffee-Packaging-Stand-Up-Pouch-4-300x300.webp 300w, https:\/\/www.topchinapack.com\/wp-content\/uploads\/2025\/03\/Custom-Coffee-Packaging-Stand-Up-Pouch-4-150x150.webp 150w, https:\/\/www.topchinapack.com\/wp-content\/uploads\/2025\/03\/Custom-Coffee-Packaging-Stand-Up-Pouch-4-600x600.webp 600w, https:\/\/www.topchinapack.com\/wp-content\/uploads\/2025\/03\/Custom-Coffee-Packaging-Stand-Up-Pouch-4-100x100.webp 100w\" sizes=\"(max-width: 750px) 100vw, 750px\" \/><\/figure>\n<\/div>\n\n\n\n<div class=\"wp-block-column is-layout-flow wp-block-column-is-layout-flow\">\n<figure class=\"wp-block-image size-full\"><img decoding=\"async\" width=\"750\" height=\"750\" src=\"https:\/\/www.topchinapack.com\/wp-content\/uploads\/2025\/03\/Custom-Coffee-Packaging-Stand-Up-Pouch-5.webp\" alt=\"Emballages personnalis\u00e9s pour le caf\u00e9 (5)\" class=\"wp-image-1004\" srcset=\"https:\/\/www.topchinapack.com\/wp-content\/uploads\/2025\/03\/Custom-Coffee-Packaging-Stand-Up-Pouch-5.webp 750w, https:\/\/www.topchinapack.com\/wp-content\/uploads\/2025\/03\/Custom-Coffee-Packaging-Stand-Up-Pouch-5-300x300.webp 300w, https:\/\/www.topchinapack.com\/wp-content\/uploads\/2025\/03\/Custom-Coffee-Packaging-Stand-Up-Pouch-5-150x150.webp 150w, https:\/\/www.topchinapack.com\/wp-content\/uploads\/2025\/03\/Custom-Coffee-Packaging-Stand-Up-Pouch-5-600x600.webp 600w, https:\/\/www.topchinapack.com\/wp-content\/uploads\/2025\/03\/Custom-Coffee-Packaging-Stand-Up-Pouch-5-100x100.webp 100w\" sizes=\"(max-width: 750px) 100vw, 750px\" \/><\/figure>\n<\/div>\n<\/div>\n\n\n\n<div class=\"wp-block-columns is-layout-flex wp-container-core-columns-is-layout-9d6595d7 wp-block-columns-is-layout-flex\">\n<div class=\"wp-block-column is-layout-flow wp-block-column-is-layout-flow\"><\/div>\n\n\n\n<div class=\"wp-block-column is-layout-flow wp-block-column-is-layout-flow\"><\/div>\n<\/div>","protected":false},"excerpt":{"rendered":"<p>Les sachets d'emballage de caf\u00e9 peuvent \u00eatre utilis\u00e9s pour emballer les grains de caf\u00e9, le caf\u00e9 moulu et les feuilles de th\u00e9. Les designs personnalisables vous permettent de mettre en valeur votre marque avec une impression vibrante de haute qualit\u00e9 jusqu'\u00e0 10 couleurs. N'h\u00e9sitez pas \u00e0 nous contacter pour obtenir des solutions.<\/p>\n<h2>Caract\u00e9ristiques du Stand Up Pouch pour les sacs d'emballage de caf\u00e9<\/h2>\n<p><strong>Fermeture \u00e9clair pratique :<\/strong> La fermeture \u00e0 glissi\u00e8re permet de refermer facilement le sac d'emballage du caf\u00e9, qui conserve la fra\u00eecheur et l'ar\u00f4me du caf\u00e9 apr\u00e8s ouverture, pr\u00e9servant ainsi la qualit\u00e9 du caf\u00e9 pendant longtemps.<\/p>\n<p><strong>Service de personnalisation approfondie :<\/strong> Vous pouvez personnaliser le sac avec votre marque, votre logo et votre design, ce qui permet une flexibilit\u00e9 totale en termes d'esth\u00e9tique et de fonctionnalit\u00e9.<\/p>\n<p><strong>Imperm\u00e9able et protecteur :<\/strong> La structure du mat\u00e9riau pet\/mpet\/pe poss\u00e8de d'excellentes propri\u00e9t\u00e9s imperm\u00e9ables, emp\u00eachant l'humidit\u00e9 d'affecter l'int\u00e9rieur, garantissant qu'il reste sec et prot\u00e9g\u00e9 des facteurs environnementaux externes.<\/p>\n<p><strong>\u00c9chantillons gratuits :<\/strong> Gq pack fournit des \u00e9chantillons gratuits, ce qui vous permet d'\u00e9valuer la qualit\u00e9, la conception et l'ad\u00e9quation du sac avant de passer une commande importante, garantissant ainsi une satisfaction totale du produit final.<\/p>\n<p><strong>Livraison rapide :<\/strong> Avec une capacit\u00e9 de production de 200 000 sachets par jour, les commandes importantes peuvent \u00eatre produites et livr\u00e9es dans un d\u00e9lai de 10 \u00e0 20 jours, ce qui garantit un d\u00e9lai d'ex\u00e9cution rapide pour les commandes en gros.<\/p>","protected":false},"featured_media":1000,"comment_status":"closed","ping_status":"closed","template":"","meta":{"_acf_changed":true},"product_brand":[],"product_cat":[20,54],"product_tag":[59],"class_list":{"0":"post-999","1":"product","2":"type-product","3":"status-publish","4":"has-post-thumbnail","6":"product_cat-custom-stand-up-pouch","7":"product_cat-custom-nut-stand-up-pouches","8":"product_tag-custom-coffee-packaging-bags","10":"first","11":"instock","12":"shipping-taxable","13":"product-type-simple"},"acf":[],"_links":{"self":[{"href":"https:\/\/www.topchinapack.com\/fr\/wp-json\/wp\/v2\/product\/999","targetHints":{"allow":["GET"]}}],"collection":[{"href":"https:\/\/www.topchinapack.com\/fr\/wp-json\/wp\/v2\/product"}],"about":[{"href":"https:\/\/www.topchinapack.com\/fr\/wp-json\/wp\/v2\/types\/product"}],"replies":[{"embeddable":true,"href":"https:\/\/www.topchinapack.com\/fr\/wp-json\/wp\/v2\/comments?post=999"}],"wp:featuredmedia":[{"embeddable":true,"href":"https:\/\/www.topchinapack.com\/fr\/wp-json\/wp\/v2\/media\/1000"}],"wp:attachment":[{"href":"https:\/\/www.topchinapack.com\/fr\/wp-json\/wp\/v2\/media?parent=999"}],"wp:term":[{"taxonomy":"product_brand","embeddable":true,"href":"https:\/\/www.topchinapack.com\/fr\/wp-json\/wp\/v2\/product_brand?post=999"},{"taxonomy":"product_cat","embeddable":true,"href":"https:\/\/www.topchinapack.com\/fr\/wp-json\/wp\/v2\/product_cat?post=999"},{"taxonomy":"product_tag","embeddable":true,"href":"https:\/\/www.topchinapack.com\/fr\/wp-json\/wp\/v2\/product_tag?post=999"}],"curies":[{"name":"wp","href":"https:\/\/api.w.org\/{rel}","templated":true}]}}